{"id":58762,"date":"2022-09-25T11:03:28","date_gmt":"2022-09-25T09:03:28","guid":{"rendered":"https:\/\/staging6.peach-pump.com\/products\/bezszwowy-stanik-sportowy-w-kolorze-granatowym-z-wbudowanymi-wkladkami\/"},"modified":"2025-11-08T20:02:53","modified_gmt":"2025-11-08T18:02:53","slug":"bezszwowy-stanik-sportowy-granatowy","status":"publish","type":"product","link":"https:\/\/staging6.peach-pump.com\/pl\/products\/bezszwowy-stanik-sportowy-granatowy\/","title":{"rendered":"Bezszwowy stanik sportowy w kolorze granatowym z wbudowanymi wk\u0142adkami"},"content":{"rendered":"<p>Bezszwowy stanik sportowy w kolorze granatowym z niewyjmowanymi wbudowanymi wk\u0142adkami. Model wykonany jest z mi\u0119kkiego, bardzo elastycznego, oddychaj\u0105cego materia\u0142u, kt\u00f3ry odprowadza pot z cia\u0142a. Stanik mo\u017cna nosi\u0107 r\u00f3wnie\u017c pod ubraniem, posiada niewidoczny kr\u00f3j, a Ty poczujesz pe\u0142en komfort i swobod\u0119 ruch\u00f3w. Rozmiar jest uniwersalny,posiada 4-stopniowe zapi\u0119cie i szeroki \u015bci\u0105gacz. Model jest dost\u0119pny w r\u00f3\u017cnych kolorach, mo\u017cna go \u0142\u0105czy\u0107 z legginsami w tym samym lub innym kolorze. Szukaj pod nag\u0142\u00f3wkiem &#8220;Dru\u017cyny sportowe&#8221;. <\/p>\n<ul>\n<li> Wbudowane wk\u0142adki<\/li>\n<li> Efekt Push-Up<\/li>\n<li> G\u0142\u0119boko wyci\u0119ty ty\u0142<\/li>\n<li> Du\u017ca elastyczno\u015b\u0107<\/li>\n<li> Czterostopniowe zapi\u0119cie<\/li>\n<li> Termicznie naklejone logo Peach Pump z boku biustonosza<\/li>\n<li> Technologia odprowadzania potu<\/li>\n<\/ul>\n<p>  Sk\u0142ad: 80% poliester 20% elastan Biustonosz mo\u017cna pra\u0107 w temperaturze do 30 stopni, nie wybiela\u0107 i nie czy\u015bci\u0107 chemicznie.<br \/>\nModelka na zdj\u0119ciu ma 178 cm wzrostu, wa\u017cy 54 kg i pozuje w rozmiarze M. Prosimy o skorzystanie z tabel, aby wybra\u0107 dok\u0142adny rozmiar. <\/p>\n","protected":false},"excerpt":{"rendered":"<p>Bezszwowy stanik sportowy w kolorze granatowym z niewyjmowanymi wbudowanymi wk\u0142adkami. Model wykonany jest z mi\u0119kkiego, bardzo elastycznego, oddychaj\u0105cego materia\u0142u, kt\u00f3ry odprowadza pot z cia\u0142a. Stanik mo\u017cna nosi\u0107 r\u00f3wnie\u017c pod ubraniem, posiada niewidoczny kr\u00f3j, a Ty poczujesz pe\u0142en komfort i swobod\u0119 ruch\u00f3w. Rozmiar jest uniwersalny,posiada 4-stopniowe zapi\u0119cie i szeroki \u015bci\u0105gacz. Model jest dost\u0119pny w r\u00f3\u017cnych kolorach, [&hellip;]<\/p>\n","protected":false},"featured_media":20659,"comment_status":"open","ping_status":"closed","template":"","meta":[],"product_brand":[],"product_cat":[361],"product_tag":[],"class_list":{"0":"post-58762","1":"product","2":"type-product","3":"status-publish","4":"has-post-thumbnail","6":"product_cat-biustonosz-staniki-sportove","7":"pa_cviat-niebieski","8":"pa_razmer-l-pl","9":"pa_razmer-m-pl-2","10":"pa_razmer-s-pl-2","11":"inventories-world","12":"inventories-uk","14":"first","15":"instock","16":"taxable","17":"shipping-taxable","18":"purchasable","19":"product-type-variable"},"_links":{"self":[{"href":"https:\/\/staging6.peach-pump.com\/en\/wp-json\/wp\/v2\/product\/58762","targetHints":{"allow":["GET"]}}],"collection":[{"href":"https:\/\/staging6.peach-pump.com\/en\/wp-json\/wp\/v2\/product"}],"about":[{"href":"https:\/\/staging6.peach-pump.com\/en\/wp-json\/wp\/v2\/types\/product"}],"replies":[{"embeddable":true,"href":"https:\/\/staging6.peach-pump.com\/en\/wp-json\/wp\/v2\/comments?post=58762"}],"version-history":[{"count":0,"href":"https:\/\/staging6.peach-pump.com\/en\/wp-json\/wp\/v2\/product\/58762\/revisions"}],"wp:featuredmedia":[{"embeddable":true,"href":"https:\/\/staging6.peach-pump.com\/en\/wp-json\/wp\/v2\/media\/20659"}],"wp:attachment":[{"href":"https:\/\/staging6.peach-pump.com\/en\/wp-json\/wp\/v2\/media?parent=58762"}],"wp:term":[{"taxonomy":"product_brand","embeddable":true,"href":"https:\/\/staging6.peach-pump.com\/en\/wp-json\/wp\/v2\/product_brand?post=58762"},{"taxonomy":"product_cat","embeddable":true,"href":"https:\/\/staging6.peach-pump.com\/en\/wp-json\/wp\/v2\/product_cat?post=58762"},{"taxonomy":"product_tag","embeddable":true,"href":"https:\/\/staging6.peach-pump.com\/en\/wp-json\/wp\/v2\/product_tag?post=58762"}],"curies":[{"name":"wp","href":"https:\/\/api.w.org\/{rel}","templated":true}]}}