{"id":58811,"date":"2022-09-24T15:52:25","date_gmt":"2022-09-24T13:52:25","guid":{"rendered":"https:\/\/staging6.peach-pump.com\/products\/czarne-bezszwowe-legginsy-z-efektem-modelujacym\/"},"modified":"2025-11-09T19:52:34","modified_gmt":"2025-11-09T17:52:34","slug":"czarne-bezszwowe-legginsy-modelujace-sportowe","status":"publish","type":"product","link":"https:\/\/staging6.peach-pump.com\/pl\/products\/czarne-bezszwowe-legginsy-modelujace-sportowe\/","title":{"rendered":"Czarne bezszwowe legginsy z efektem modeluj\u0105cym"},"content":{"rendered":"<p>Modeluj\u0105ce czarne bezszwowe legginsy z uwielbianym efektem Peach Pump, doskonale rze\u017abi\u0105 sylwetk\u0119 i zapewniaj\u0105 uczucie swobody i komfortu. Legginsy wykonane s\u0105 z obcis\u0142ego, bezszwowego materia\u0142u, maj\u0105 wysoki stan i pr\u0105\u017ckowany pas, kt\u00f3ry \u015bciska i modeluje tali\u0119. Ten model nadaje si\u0119 na treningi cardio lub fitness, dzi\u0119ki niemu wyr\u00f3\u017cnisz si\u0119 i zachwycisz wszystkich, mo\u017cna go po\u0142\u0105czy\u0107 ze stanikiem w tym samym wzorze lub sprawdzi\u0107 nasze inne propozycje kolorystyczne w zak\u0142adce &#8211; &#8220;Stroje sportowe&#8221;. Krocze jest cia\u015bniejsze, nasza modelka ma na sobie rozmiar M.  <\/p>\n<ul>\n<li>Wysoki stan<\/li>\n<li>Tkanina bez szw\u00f3w<\/li>\n<li>Podnosz\u0105, modeluj\u0105, ukrywaj\u0105 problematyczne obszary<\/li>\n<li>Obejmuj\u0105cy tali\u0119 pr\u0105\u017ckowany pas<\/li>\n<li>Efekt Peachy<\/li>\n<li>Bez szwu z przodu<\/li>\n<li>Zgrzewane logo Peach Pump z ty\u0142u leggins\u00f3w<\/li>\n<li>Technologia odprowadzania potu<\/li>\n<\/ul>\n<p> Sk\u0142ad: 80% poliester, 20% elastan. Legginsy mo\u017cna pra\u0107 w temperaturze do 30 stopni. Nie wybiela\u0107 i nie czy\u015bci\u0107 chemicznie. Model na zdj\u0119ciu ma 178 cm wzrostu, wa\u017cy 54 kg i prezentuje legginsy w rozmiarze M. Legginsy s\u0105 wykonane z materia\u0142u bardziej obcis\u0142ego. Aby wybra\u0107 dok\u0142adny rozmiar, skorzystaj z tabel rozmiarowych.<\/p>\n","protected":false},"excerpt":{"rendered":"<p>Modeluj\u0105ce czarne bezszwowe legginsy z uwielbianym efektem Peach Pump, doskonale rze\u017abi\u0105 sylwetk\u0119 i zapewniaj\u0105 uczucie swobody i komfortu. Legginsy wykonane s\u0105 z obcis\u0142ego, bezszwowego materia\u0142u, maj\u0105 wysoki stan i pr\u0105\u017ckowany pas, kt\u00f3ry \u015bciska i modeluje tali\u0119. Ten model nadaje si\u0119 na treningi cardio lub fitness, dzi\u0119ki niemu wyr\u00f3\u017cnisz si\u0119 i zachwycisz wszystkich, mo\u017cna go po\u0142\u0105czy\u0107 [&hellip;]<\/p>\n","protected":false},"featured_media":20502,"comment_status":"open","ping_status":"closed","template":"","meta":[],"product_brand":[],"product_cat":[144,307],"product_tag":[],"class_list":{"0":"post-58811","1":"product","2":"type-product","3":"status-publish","4":"has-post-thumbnail","6":"product_cat-legginsy-sportowe-damskie","7":"product_cat-legginsy-damskie-dlugie","8":"pa_cviat-czarny","9":"pa_razmer-l-pl","10":"pa_razmer-m-pl-2","11":"pa_razmer-s-pl-2","12":"inventories-world","13":"inventories-uk","15":"first","16":"instock","17":"taxable","18":"shipping-taxable","19":"purchasable","20":"product-type-variable"},"_links":{"self":[{"href":"https:\/\/staging6.peach-pump.com\/pl\/wp-json\/wp\/v2\/product\/58811","targetHints":{"allow":["GET"]}}],"collection":[{"href":"https:\/\/staging6.peach-pump.com\/pl\/wp-json\/wp\/v2\/product"}],"about":[{"href":"https:\/\/staging6.peach-pump.com\/pl\/wp-json\/wp\/v2\/types\/product"}],"replies":[{"embeddable":true,"href":"https:\/\/staging6.peach-pump.com\/pl\/wp-json\/wp\/v2\/comments?post=58811"}],"version-history":[{"count":0,"href":"https:\/\/staging6.peach-pump.com\/pl\/wp-json\/wp\/v2\/product\/58811\/revisions"}],"wp:featuredmedia":[{"embeddable":true,"href":"https:\/\/staging6.peach-pump.com\/pl\/wp-json\/wp\/v2\/media\/20502"}],"wp:attachment":[{"href":"https:\/\/staging6.peach-pump.com\/pl\/wp-json\/wp\/v2\/media?parent=58811"}],"wp:term":[{"taxonomy":"product_brand","embeddable":true,"href":"https:\/\/staging6.peach-pump.com\/pl\/wp-json\/wp\/v2\/product_brand?post=58811"},{"taxonomy":"product_cat","embeddable":true,"href":"https:\/\/staging6.peach-pump.com\/pl\/wp-json\/wp\/v2\/product_cat?post=58811"},{"taxonomy":"product_tag","embeddable":true,"href":"https:\/\/staging6.peach-pump.com\/pl\/wp-json\/wp\/v2\/product_tag?post=58811"}],"curies":[{"name":"wp","href":"https:\/\/api.w.org\/{rel}","templated":true}]}}