{"id":58980,"date":"2022-09-19T16:34:44","date_gmt":"2022-09-19T14:34:44","guid":{"rendered":"https:\/\/staging6.peach-pump.com\/products\/bezszwowy-dwuczesciowy-zestaw-sportowy-w-kolorze-granatowym\/"},"modified":"2025-03-13T11:09:08","modified_gmt":"2025-03-13T09:09:08","slug":"bezszwowy-zestaw-sportowy-granatowy","status":"publish","type":"product","link":"https:\/\/staging6.peach-pump.com\/pl\/products\/bezszwowy-zestaw-sportowy-granatowy\/","title":{"rendered":"Bezszwowy dwucz\u0119\u015bciowy zestaw sportowy w kolorze granatowym"},"content":{"rendered":"<p>Damski bezszwowy dwucz\u0119\u015bciowy zestaw sportowy z modeluj\u0105cym efektem push-up. Legginsy wykonane s\u0105 z bezszwowego materia\u0142u w kolorze granatowym, posiadaj\u0105 wysoki stan i szeroki pas, kt\u00f3ry delikatnie \u015bci\u0105ga i pi\u0119knie modeluje tali\u0119. Stanik posiada wk\u0142adki, g\u0142\u0119boko wyci\u0119ty ty\u0142 i 4-stopniowe zapi\u0119cie do regulacji obwodu. Zestaw ten doskonale uk\u0142ada si\u0119 na ciele i rze\u017abi sylwetk\u0119, jest wygodny zar\u00f3wno dla pa\u0144 aktywnych fizycznie, jak i do bardziej swobodnych trening\u00f3w cardio i spacer\u00f3w. Stanik: <\/p>\n<ul>\n<li>Wbudowane wk\u0142adki<\/li>\n<li>Efekt Push-Up<\/li>\n<li>G\u0142\u0119boko wyci\u0119ty ty\u0142<\/li>\n<li>Du\u017ca elastyczno\u015b\u0107<\/li>\n<li>Czterostopniowe zapi\u0119cie<\/li>\n<li>Zgrzewane logo Peach Pump z boku stanika<\/li>\n<li>Technologia odprowadzania potu<\/li>\n<\/ul>\n<p> Legginsy: <\/p>\n<ul>\n<li>Wysoki stan<\/li>\n<li>Tkanina bez szw\u00f3w<\/li>\n<li>Podnosz\u0105, modeluj\u0105, ukrywaj\u0105 problematyczne obszary<\/li>\n<li>Obejmuj\u0105cy tali\u0119 pr\u0105\u017ckowany pas<\/li>\n<li>Efekt Peachy<\/li>\n<li>Bez szwu z przodu<\/li>\n<li>Zgrzewane logo Peach Pump z ty\u0142u leggins\u00f3w<\/li>\n<li>Technologia odprowadzania potu<\/li>\n<\/ul>\n<p> Sk\u0142ad: 80% poliester, 20% elastan. Str\u00f3j mo\u017cna pra\u0107 w temperaturze do 30 stopni. Nie wybiela\u0107. Nie czy\u015bci\u0107 chemicznie. Model na zdj\u0119ciu ma 178 cm wzrostu, wa\u017cy 54 kg i prezentuje stanik w rozmiarze S\/M, a legginsy w rozmiarze M. Aby wybra\u0107 dok\u0142adny rozmiar, skorzystaj z tabel rozmiarowych.<\/p>\n","protected":false},"excerpt":{"rendered":"<p>Damski bezszwowy dwucz\u0119\u015bciowy zestaw sportowy z modeluj\u0105cym efektem push-up. Legginsy wykonane s\u0105 z bezszwowego materia\u0142u w kolorze granatowym, posiadaj\u0105 wysoki stan i szeroki pas, kt\u00f3ry delikatnie \u015bci\u0105ga i pi\u0119knie modeluje tali\u0119. Stanik posiada wk\u0142adki, g\u0142\u0119boko wyci\u0119ty ty\u0142 i 4-stopniowe zapi\u0119cie do regulacji obwodu. Zestaw ten doskonale uk\u0142ada si\u0119 na ciele i rze\u017abi sylwetk\u0119, jest wygodny [&hellip;]<\/p>\n","protected":false},"featured_media":20007,"comment_status":"open","ping_status":"closed","template":"","meta":[],"product_brand":[],"product_cat":[362,364],"product_tag":[],"class_list":{"0":"post-58980","1":"product","2":"type-product","3":"status-publish","4":"has-post-thumbnail","6":"product_cat-komplety-sportowe-damskie","7":"product_cat-omplet-sportowy-top-legginsy","8":"pa_cviat-niebieski","9":"pa_razmer-l-pl","10":"pa_razmer-m-pl-2","11":"pa_razmer-s-pl-2","12":"inventories-world","13":"inventories-uk","15":"first","16":"instock","17":"virtual","18":"taxable","19":"purchasable","20":"product-type-yith_bundle"},"_links":{"self":[{"href":"https:\/\/staging6.peach-pump.com\/pl\/wp-json\/wp\/v2\/product\/58980","targetHints":{"allow":["GET"]}}],"collection":[{"href":"https:\/\/staging6.peach-pump.com\/pl\/wp-json\/wp\/v2\/product"}],"about":[{"href":"https:\/\/staging6.peach-pump.com\/pl\/wp-json\/wp\/v2\/types\/product"}],"replies":[{"embeddable":true,"href":"https:\/\/staging6.peach-pump.com\/pl\/wp-json\/wp\/v2\/comments?post=58980"}],"version-history":[{"count":0,"href":"https:\/\/staging6.peach-pump.com\/pl\/wp-json\/wp\/v2\/product\/58980\/revisions"}],"wp:featuredmedia":[{"embeddable":true,"href":"https:\/\/staging6.peach-pump.com\/pl\/wp-json\/wp\/v2\/media\/20007"}],"wp:attachment":[{"href":"https:\/\/staging6.peach-pump.com\/pl\/wp-json\/wp\/v2\/media?parent=58980"}],"wp:term":[{"taxonomy":"product_brand","embeddable":true,"href":"https:\/\/staging6.peach-pump.com\/pl\/wp-json\/wp\/v2\/product_brand?post=58980"},{"taxonomy":"product_cat","embeddable":true,"href":"https:\/\/staging6.peach-pump.com\/pl\/wp-json\/wp\/v2\/product_cat?post=58980"},{"taxonomy":"product_tag","embeddable":true,"href":"https:\/\/staging6.peach-pump.com\/pl\/wp-json\/wp\/v2\/product_tag?post=58980"}],"curies":[{"name":"wp","href":"https:\/\/api.w.org\/{rel}","templated":true}]}}