{"id":59008,"date":"2022-09-03T17:22:12","date_gmt":"2022-09-03T15:22:12","guid":{"rendered":"https:\/\/staging6.peach-pump.com\/products\/stanik-z-wkladkami-i-siateczka-efektowny-seksowny-model-w-kolorze-czarnym\/"},"modified":"2025-11-05T17:22:47","modified_gmt":"2025-11-05T15:22:47","slug":"czarny-stanik-wkladki-siateczka-sportowy","status":"publish","type":"product","link":"https:\/\/staging6.peach-pump.com\/pl\/products\/czarny-stanik-wkladki-siateczka-sportowy\/","title":{"rendered":"Stanik z wk\u0142adkami i siateczk\u0105, efektowny seksowny model w kolorze czarnym"},"content":{"rendered":"<p>Damski stanik sportowy w ciekawym kroju, z wk\u0142adkami. Model posiada dekolt w kszta\u0142cie litery V i drobn\u0105 siateczk\u0119, kt\u00f3ra utrzymuje biust i tworzy bardzo pi\u0119kn\u0105, seksown\u0105 sylwetk\u0119. Ten stanik sportowy ma ciekawy ty\u0142 i szeroki \u015bci\u0105gacz zapewniaj\u0105cy wygod\u0119 i pe\u0142n\u0105 swobod\u0119 ruch\u00f3w. Dost\u0119pny r\u00f3wnie\u017c w kolorze bia\u0142ym.  <\/p>\n<ul>\n<li>Wbudowane wk\u0142adki<\/li>\n<li>Dekolt w kszta\u0142cie litery V z siateczk\u0105<\/li>\n<li>Skrzy\u017cowany ty\u0142<\/li>\n<li>Du\u017ca elastyczno\u015b\u0107<\/li>\n<li>Zgrzewane logo Peach Pump po lewej stronie pod pach\u0105<\/li>\n<li>Technologia odprowadzania potu<\/li>\n<\/ul>\n<p>  Sk\u0142ad: 80% poliester 20% spandex Biustonosz mo\u017cna pra\u0107 w temperaturze nie wy\u017cszej ni\u017c 30 stopni, nie wybiela\u0107 i nie czy\u015bci\u0107 chemicznie. Modelka na zdj\u0119ciu ma 178 cm wzrostu, wa\u017cy 54 kg i pozuje w rozmiarze M. Prosimy o skorzystanie z tabel, aby wybra\u0107 dok\u0142adny rozmiar.  &nbsp;<\/p>\n","protected":false},"excerpt":{"rendered":"<p>Damski stanik sportowy w ciekawym kroju, z wk\u0142adkami. Model posiada dekolt w kszta\u0142cie litery V i drobn\u0105 siateczk\u0119, kt\u00f3ra utrzymuje biust i tworzy bardzo pi\u0119kn\u0105, seksown\u0105 sylwetk\u0119. Ten stanik sportowy ma ciekawy ty\u0142 i szeroki \u015bci\u0105gacz zapewniaj\u0105cy wygod\u0119 i pe\u0142n\u0105 swobod\u0119 ruch\u00f3w. Dost\u0119pny r\u00f3wnie\u017c w kolorze bia\u0142ym. Wbudowane wk\u0142adki Dekolt w kszta\u0142cie litery V z [&hellip;]<\/p>\n","protected":false},"featured_media":19606,"comment_status":"open","ping_status":"closed","template":"","meta":[],"product_brand":[],"product_cat":[361],"product_tag":[],"class_list":{"0":"post-59008","1":"product","2":"type-product","3":"status-publish","4":"has-post-thumbnail","6":"product_cat-biustonosz-staniki-sportove","7":"pa_cviat-czarny","8":"pa_razmer-l-pl","9":"pa_razmer-m-pl-2","10":"pa_razmer-s-pl-2","11":"inventories-world","12":"inventories-uk","14":"first","15":"instock","16":"sale","17":"taxable","18":"shipping-taxable","19":"purchasable","20":"product-type-variable"},"_links":{"self":[{"href":"https:\/\/staging6.peach-pump.com\/pl\/wp-json\/wp\/v2\/product\/59008","targetHints":{"allow":["GET"]}}],"collection":[{"href":"https:\/\/staging6.peach-pump.com\/pl\/wp-json\/wp\/v2\/product"}],"about":[{"href":"https:\/\/staging6.peach-pump.com\/pl\/wp-json\/wp\/v2\/types\/product"}],"replies":[{"embeddable":true,"href":"https:\/\/staging6.peach-pump.com\/pl\/wp-json\/wp\/v2\/comments?post=59008"}],"version-history":[{"count":0,"href":"https:\/\/staging6.peach-pump.com\/pl\/wp-json\/wp\/v2\/product\/59008\/revisions"}],"wp:featuredmedia":[{"embeddable":true,"href":"https:\/\/staging6.peach-pump.com\/pl\/wp-json\/wp\/v2\/media\/19606"}],"wp:attachment":[{"href":"https:\/\/staging6.peach-pump.com\/pl\/wp-json\/wp\/v2\/media?parent=59008"}],"wp:term":[{"taxonomy":"product_brand","embeddable":true,"href":"https:\/\/staging6.peach-pump.com\/pl\/wp-json\/wp\/v2\/product_brand?post=59008"},{"taxonomy":"product_cat","embeddable":true,"href":"https:\/\/staging6.peach-pump.com\/pl\/wp-json\/wp\/v2\/product_cat?post=59008"},{"taxonomy":"product_tag","embeddable":true,"href":"https:\/\/staging6.peach-pump.com\/pl\/wp-json\/wp\/v2\/product_tag?post=59008"}],"curies":[{"name":"wp","href":"https:\/\/api.w.org\/{rel}","templated":true}]}}