{"id":59038,"date":"2022-08-19T10:49:04","date_gmt":"2022-08-19T08:49:04","guid":{"rendered":"https:\/\/staging6.peach-pump.com\/products\/sportowe-legginsy-w-kamuflazu-z-kieszeniami-i-czarnymi-nogawkami\/"},"modified":"2025-11-02T19:17:51","modified_gmt":"2025-11-02T17:17:51","slug":"kamuflazowe-legginsy-z-kieszeniami-i-czarnym-elementem","status":"publish","type":"product","link":"https:\/\/staging6.peach-pump.com\/pl\/products\/kamuflazowe-legginsy-z-kieszeniami-i-czarnym-elementem\/","title":{"rendered":"Sportowe legginsy w kamufla\u017cu z kieszeniami i czarnymi nogawkami"},"content":{"rendered":"<p>Legginsy z kieszeniami we wzorze kamufla\u017cowym i czarnymi elementami z mi\u0119kkiego, modeluj\u0105cego materia\u0142u. Efektowny model leggins\u00f3w z wysokim stanem, kt\u00f3ry doskonale uk\u0142ada si\u0119 na ciele, kieszenie s\u0105 umieszczone tak, aby nie zak\u0142oca\u0107 komfortu podczas \u0107wicze\u0144, model ma efekt Peachy. Mo\u017cna je po\u0142\u0105czy\u0107 z kurtk\u0105 lub stanikiem w tym samym wzorze.<\/p>\n<ul>\n<li>Wysoki stan<\/li>\n<li>Efekt Peachy<\/li>\n<li>Kieszenie z ty\u0142u, PRAWDZIWE<\/li>\n<li>Termicznie naklejone logo Peach Pump z ty\u0142u leggins\u00f3w<\/li>\n<li>Tkanina odprowadzaj\u0105ca pot<\/li>\n<\/ul>\n<p>Sk\u0142ad: 80% poliester 20% elastan<\/p>\n<p>Legginsy mo\u017cna pra\u0107 w temperaturze do 30 stopni. Nie wybiela\u0107. Nie czy\u015bci\u0107 chemicznie.<\/p>\n<p>Model na zdj\u0119ciu ma 178 cm wzrostu, wa\u017cy 54 kg i prezentuje stanik w rozmiarze M.<\/p>\n<p>Aby wybra\u0107 dok\u0142adny rozmiar, skorzystaj z tabel rozmiarowych.<\/p>\n","protected":false},"excerpt":{"rendered":"<p>Legginsy z kieszeniami we wzorze kamufla\u017cowym i czarnymi elementami z mi\u0119kkiego, modeluj\u0105cego materia\u0142u. Efektowny model leggins\u00f3w z wysokim stanem, kt\u00f3ry doskonale uk\u0142ada si\u0119 na ciele, kieszenie s\u0105 umieszczone tak, aby nie zak\u0142oca\u0107 komfortu podczas \u0107wicze\u0144, model ma efekt Peachy. Mo\u017cna je po\u0142\u0105czy\u0107 z kurtk\u0105 lub stanikiem w tym samym wzorze. Wysoki stan Efekt Peachy Kieszenie [&hellip;]<\/p>\n","protected":false},"featured_media":106564,"comment_status":"open","ping_status":"closed","template":"","meta":[],"product_brand":[],"product_cat":[144,307,190],"product_tag":[],"class_list":{"0":"post-59038","1":"product","2":"type-product","3":"status-publish","4":"has-post-thumbnail","6":"product_cat-legginsy-sportowe-damskie","7":"product_cat-legginsy-damskie-dlugie","8":"product_cat-legginsy-z-kieszeniami","9":"pa_cviat-kamuflaz-czarny","10":"pa_razmer-l-pl","11":"pa_razmer-m-pl-2","12":"pa_razmer-s-pl-2","13":"inventories-world","14":"inventories-uk","16":"first","17":"instock","18":"taxable","19":"shipping-taxable","20":"purchasable","21":"product-type-variable"},"_links":{"self":[{"href":"https:\/\/staging6.peach-pump.com\/en\/wp-json\/wp\/v2\/product\/59038","targetHints":{"allow":["GET"]}}],"collection":[{"href":"https:\/\/staging6.peach-pump.com\/en\/wp-json\/wp\/v2\/product"}],"about":[{"href":"https:\/\/staging6.peach-pump.com\/en\/wp-json\/wp\/v2\/types\/product"}],"replies":[{"embeddable":true,"href":"https:\/\/staging6.peach-pump.com\/en\/wp-json\/wp\/v2\/comments?post=59038"}],"version-history":[{"count":0,"href":"https:\/\/staging6.peach-pump.com\/en\/wp-json\/wp\/v2\/product\/59038\/revisions"}],"wp:featuredmedia":[{"embeddable":true,"href":"https:\/\/staging6.peach-pump.com\/en\/wp-json\/wp\/v2\/media\/106564"}],"wp:attachment":[{"href":"https:\/\/staging6.peach-pump.com\/en\/wp-json\/wp\/v2\/media?parent=59038"}],"wp:term":[{"taxonomy":"product_brand","embeddable":true,"href":"https:\/\/staging6.peach-pump.com\/en\/wp-json\/wp\/v2\/product_brand?post=59038"},{"taxonomy":"product_cat","embeddable":true,"href":"https:\/\/staging6.peach-pump.com\/en\/wp-json\/wp\/v2\/product_cat?post=59038"},{"taxonomy":"product_tag","embeddable":true,"href":"https:\/\/staging6.peach-pump.com\/en\/wp-json\/wp\/v2\/product_tag?post=59038"}],"curies":[{"name":"wp","href":"https:\/\/api.w.org\/{rel}","templated":true}]}}