{"id":59562,"date":"2022-07-04T17:55:01","date_gmt":"2022-07-04T15:55:01","guid":{"rendered":"https:\/\/staging6.peach-pump.com\/products\/czarne-legginsy-damskie-z-gorsetem-i-wysokim-stanem\/"},"modified":"2025-11-10T18:31:59","modified_gmt":"2025-11-10T16:31:59","slug":"czarne-legginsy-z-gorsetem-wysoki-stan","status":"publish","type":"product","link":"https:\/\/staging6.peach-pump.com\/pl\/products\/czarne-legginsy-z-gorsetem-wysoki-stan\/","title":{"rendered":"Czarne legginsy damskie z gorsetem i wysokim stanem"},"content":{"rendered":"<p>Damskie czarne legginsy z gorsetem wbudowanym z trzystopniowym zapi\u0119ciem. Legginsy zosta\u0142y zaprojektowane tak, aby zmniejszy\u0107 obw\u00f3d talii i wywo\u0142a\u0107 lekki efekt sauny, idealne dla kobiet po porodzie, kt\u00f3re chc\u0105 szybko wr\u00f3ci\u0107 do doskona\u0142ej formy. Nadaje si\u0119 do treningu si\u0142owego i crossfitu lub do trening\u00f3w aerobowych, takich jak bieganie i joga. Gorset jest sztywny, elastyczny, legginsy wykonane s\u0105 z lekkiego, szybkoschn\u0105cego materia\u0142u.<\/p>\n<ul>\n<li>Wysoki stan<\/li>\n<li>Gorset obejmuj\u0105cy tali\u0119<\/li>\n<li>Regulowane zapi\u0119cie w talii<\/li>\n<li>Szybkoschn\u0105cy materia\u0142<\/li>\n<li>Zgrzewane logo Peach Pump z przodu leggins\u00f3w<\/li>\n<\/ul>\n<p>Sk\u0142ad: 80% poliester 20% elastan<\/p>\n<p>Legginsy mo\u017cna pra\u0107 w temperaturze do 30 stopni. Nie wybiela\u0107. Nie czy\u015bci\u0107 chemicznie.<\/p>\n<p>Model na zdj\u0119ciu ma 178 cm wzrostu, wa\u017cy 54 kg i prezentuje legginsy w rozmiarze M.<\/p>\n<p>Aby wybra\u0107 dok\u0142adny rozmiar, skorzystaj z tabel rozmiarowych.<\/p>\n","protected":false},"excerpt":{"rendered":"<p>Damskie czarne legginsy z gorsetem wbudowanym z trzystopniowym zapi\u0119ciem. Legginsy zosta\u0142y zaprojektowane tak, aby zmniejszy\u0107 obw\u00f3d talii i wywo\u0142a\u0107 lekki efekt sauny, idealne dla kobiet po porodzie, kt\u00f3re chc\u0105 szybko wr\u00f3ci\u0107 do doskona\u0142ej formy. Nadaje si\u0119 do treningu si\u0142owego i crossfitu lub do trening\u00f3w aerobowych, takich jak bieganie i joga. Gorset jest sztywny, elastyczny, legginsy [&hellip;]<\/p>\n","protected":false},"featured_media":15411,"comment_status":"open","ping_status":"closed","template":"","meta":[],"product_brand":[],"product_cat":[144,307],"product_tag":[],"class_list":{"0":"post-59562","1":"product","2":"type-product","3":"status-publish","4":"has-post-thumbnail","6":"product_cat-legginsy-sportowe-damskie","7":"product_cat-legginsy-damskie-dlugie","8":"pa_cviat-czarny","9":"pa_razmer-l-pl","10":"pa_razmer-m-pl-2","11":"pa_razmer-s-pl-2","12":"inventories-world","13":"inventories-uk","15":"first","16":"instock","17":"taxable","18":"shipping-taxable","19":"purchasable","20":"product-type-variable"},"_links":{"self":[{"href":"https:\/\/staging6.peach-pump.com\/en\/wp-json\/wp\/v2\/product\/59562","targetHints":{"allow":["GET"]}}],"collection":[{"href":"https:\/\/staging6.peach-pump.com\/en\/wp-json\/wp\/v2\/product"}],"about":[{"href":"https:\/\/staging6.peach-pump.com\/en\/wp-json\/wp\/v2\/types\/product"}],"replies":[{"embeddable":true,"href":"https:\/\/staging6.peach-pump.com\/en\/wp-json\/wp\/v2\/comments?post=59562"}],"version-history":[{"count":0,"href":"https:\/\/staging6.peach-pump.com\/en\/wp-json\/wp\/v2\/product\/59562\/revisions"}],"wp:featuredmedia":[{"embeddable":true,"href":"https:\/\/staging6.peach-pump.com\/en\/wp-json\/wp\/v2\/media\/15411"}],"wp:attachment":[{"href":"https:\/\/staging6.peach-pump.com\/en\/wp-json\/wp\/v2\/media?parent=59562"}],"wp:term":[{"taxonomy":"product_brand","embeddable":true,"href":"https:\/\/staging6.peach-pump.com\/en\/wp-json\/wp\/v2\/product_brand?post=59562"},{"taxonomy":"product_cat","embeddable":true,"href":"https:\/\/staging6.peach-pump.com\/en\/wp-json\/wp\/v2\/product_cat?post=59562"},{"taxonomy":"product_tag","embeddable":true,"href":"https:\/\/staging6.peach-pump.com\/en\/wp-json\/wp\/v2\/product_tag?post=59562"}],"curies":[{"name":"wp","href":"https:\/\/api.w.org\/{rel}","templated":true}]}}