{"id":60151,"date":"2022-06-19T11:04:18","date_gmt":"2022-06-19T09:04:18","guid":{"rendered":"https:\/\/staging6.peach-pump.com\/products\/bialy-stanik-z-siateczka-i-wkladkami-o-seksownym-kroju\/"},"modified":"2025-10-17T19:53:53","modified_gmt":"2025-10-17T17:53:53","slug":"bialy-stanik-z-siateczka-sexy-kroj","status":"publish","type":"product","link":"https:\/\/staging6.peach-pump.com\/pl\/products\/bialy-stanik-z-siateczka-sexy-kroj\/","title":{"rendered":"Bia\u0142y stanik z siateczk\u0105 i wk\u0142adkami o seksownym kroju"},"content":{"rendered":"<p>Bia\u0142y stanik sportowy z siateczk\u0105, o ciekawym kroju, z wk\u0142adkami. Model z dekoltem w kszta\u0142cie litery V i drobn\u0105 siateczk\u0105, kt\u00f3ra podtrzymuje biust i tworzy bardzo pi\u0119kn\u0105, seksown\u0105 sylwetk\u0119. Biustonosz sportowy z ciekawym ty\u0142em i szerokim \u015bci\u0105gaczem zapewniaj\u0105cym wygod\u0119 i pe\u0142n\u0105 swobod\u0119 ruch\u00f3w. Dost\u0119pny r\u00f3wnie\u017c w kolorze czarnym.<\/p>\n<ul>\n<li>Wbudowane wk\u0142adki<\/li>\n<li>Dekolt w kszta\u0142cie litery V z siateczk\u0105<\/li>\n<li>Skrzy\u017cowany ty\u0142<\/li>\n<li>Du\u017ca elastyczno\u015b\u0107<\/li>\n<li>Zgrzewane logo Peach Pump pod lew\u0105 pach\u0105<\/li>\n<li>Technologia odprowadzania potu<\/li>\n<li>Seksowny kr\u00f3j<\/li>\n<\/ul>\n<p>Sk\u0142ad: 80% poliester 20% elastan<\/p>\n<p>Stanik mo\u017cna pra\u0107 w temperaturze do 30 stopni. Nie wybiela\u0107. Nie czy\u015bci\u0107 chemicznie.<\/p>\n<p>Model na zdj\u0119ciu ma 178 cm wzrostu, wa\u017cy 54 kg i prezentuje legginsy w rozmiarze M.<\/p>\n<p>Aby wybra\u0107 dok\u0142adny rozmiar, skorzystaj z tabel rozmiarowych.<\/p>\n","protected":false},"excerpt":{"rendered":"<p>Bia\u0142y stanik sportowy z siateczk\u0105, o ciekawym kroju, z wk\u0142adkami. Model z dekoltem w kszta\u0142cie litery V i drobn\u0105 siateczk\u0105, kt\u00f3ra podtrzymuje biust i tworzy bardzo pi\u0119kn\u0105, seksown\u0105 sylwetk\u0119. Biustonosz sportowy z ciekawym ty\u0142em i szerokim \u015bci\u0105gaczem zapewniaj\u0105cym wygod\u0119 i pe\u0142n\u0105 swobod\u0119 ruch\u00f3w. Dost\u0119pny r\u00f3wnie\u017c w kolorze czarnym. Wbudowane wk\u0142adki Dekolt w kszta\u0142cie litery V [&hellip;]<\/p>\n","protected":false},"featured_media":17739,"comment_status":"open","ping_status":"closed","template":"","meta":[],"product_brand":[],"product_cat":[361],"product_tag":[],"class_list":{"0":"post-60151","1":"product","2":"type-product","3":"status-publish","4":"has-post-thumbnail","6":"product_cat-biustonosz-staniki-sportove","7":"pa_cviat-bialy-pl","8":"pa_razmer-l-pl","9":"pa_razmer-m-pl-2","10":"pa_razmer-s-pl-2","11":"inventories-world","12":"inventories-uk","14":"first","15":"instock","16":"sale","17":"taxable","18":"shipping-taxable","19":"purchasable","20":"product-type-variable"},"_links":{"self":[{"href":"https:\/\/staging6.peach-pump.com\/en\/wp-json\/wp\/v2\/product\/60151","targetHints":{"allow":["GET"]}}],"collection":[{"href":"https:\/\/staging6.peach-pump.com\/en\/wp-json\/wp\/v2\/product"}],"about":[{"href":"https:\/\/staging6.peach-pump.com\/en\/wp-json\/wp\/v2\/types\/product"}],"replies":[{"embeddable":true,"href":"https:\/\/staging6.peach-pump.com\/en\/wp-json\/wp\/v2\/comments?post=60151"}],"version-history":[{"count":0,"href":"https:\/\/staging6.peach-pump.com\/en\/wp-json\/wp\/v2\/product\/60151\/revisions"}],"wp:featuredmedia":[{"embeddable":true,"href":"https:\/\/staging6.peach-pump.com\/en\/wp-json\/wp\/v2\/media\/17739"}],"wp:attachment":[{"href":"https:\/\/staging6.peach-pump.com\/en\/wp-json\/wp\/v2\/media?parent=60151"}],"wp:term":[{"taxonomy":"product_brand","embeddable":true,"href":"https:\/\/staging6.peach-pump.com\/en\/wp-json\/wp\/v2\/product_brand?post=60151"},{"taxonomy":"product_cat","embeddable":true,"href":"https:\/\/staging6.peach-pump.com\/en\/wp-json\/wp\/v2\/product_cat?post=60151"},{"taxonomy":"product_tag","embeddable":true,"href":"https:\/\/staging6.peach-pump.com\/en\/wp-json\/wp\/v2\/product_tag?post=60151"}],"curies":[{"name":"wp","href":"https:\/\/api.w.org\/{rel}","templated":true}]}}