{"id":63564,"date":"2023-12-15T21:43:49","date_gmt":"2023-12-15T19:43:49","guid":{"rendered":"https:\/\/staging6.peach-pump.com\/products\/%d0-2\/"},"modified":"2025-11-09T15:06:57","modified_gmt":"2025-11-09T13:06:57","slug":"dopasowany-bezowy-kombinezon-2","status":"publish","type":"product","link":"https:\/\/staging6.peach-pump.com\/pl\/products\/dopasowany-bezowy-kombinezon-2\/","title":{"rendered":"Ocieplany, dopasowany (obcis\u0142y), be\u017cowy kombinezon &#8220;Catsuits&#8221;"},"content":{"rendered":"<p>Be\u017cowy, dopasowany (obcis\u0142y) kombinezon z mi\u0119kk\u0105 ocieplan\u0105 podszewk\u0105, oddychaj\u0105cy materia\u0142, idealny na treningi lub spacery, nawet w ch\u0142odniejsze dni. Model ma zamek b\u0142yskawiczny z przodu, wewn\u0119trzny napis Peach Pump i gumowe logo brzoskwini na ramieniu. Kombinezon idealnie dopasowuje si\u0119 do cia\u0142a i modeluje je w kszta\u0142t klepsydry, ukrywaj\u0105c niedoskona\u0142o\u015bci. Model nie ma szw\u00f3w z przodu. Odpowiedni r\u00f3wnie\u017c dla wy\u017cszych kobiet.<\/p>\n<p>Modne odkrycie, kt\u00f3re b\u0119dzie Twoim nowym ulubionym dodatkiem do garderoby. B\u0105d\u017a pi\u0119kna, kobieca i zapami\u0119tana dzi\u0119ki Peach Pump.<\/p>\n<ul>\n<li>Ocieplana, mi\u0119kka podszewka<\/li>\n<li>Oddychaj\u0105ca tkanina<\/li>\n<li>Ukryty znak &#8220;Peach Pump&#8221;<\/li>\n<li>Logo &#8220;Peach Pump&#8221; na ramieniu<\/li>\n<li>Model rze\u017abi\u0105cy sylwetk\u0119<\/li>\n<li>Rozci\u0105gliwy materia\u0142 idealnie dopasowuje si\u0119 do cia\u0142a<\/li>\n<li>Bez szwu z przodu<\/li>\n<li>Odpowiedni r\u00f3wnie\u017c dla wy\u017cszych pa\u0144<\/li>\n<\/ul>\n<p>Sk\u0142ad: 80% poliester 20% elastan<\/p>\n<p>Kombinezon mo\u017cna pra\u0107 w temperaturze do 30 stopni, nie nale\u017cy go wybiela\u0107 ani czy\u015bci\u0107 chemicznie.<\/p>\n<p>Pierwsza modelka na zdj\u0119ciach ma 167 cm wzrostu, wa\u017cy 50 kg i nosi rozmiar S<\/p>\n<p>Drugi model na zdj\u0119ciach ma 178 cm wzrostu, wa\u017cy 56 kg i nosi rozmiar M<\/p>\n","protected":false},"excerpt":{"rendered":"<p>Be\u017cowy, dopasowany (obcis\u0142y) kombinezon z mi\u0119kk\u0105 ocieplan\u0105 podszewk\u0105, oddychaj\u0105cy materia\u0142, idealny na treningi lub spacery, nawet w ch\u0142odniejsze dni. Model ma zamek b\u0142yskawiczny z przodu, wewn\u0119trzny napis Peach Pump i gumowe logo brzoskwini na ramieniu. Kombinezon idealnie dopasowuje si\u0119 do cia\u0142a i modeluje je w kszta\u0142t klepsydry, ukrywaj\u0105c niedoskona\u0142o\u015bci. Model nie ma szw\u00f3w z przodu. [&hellip;]<\/p>\n","protected":false},"featured_media":99738,"comment_status":"open","ping_status":"closed","template":"","meta":[],"product_brand":[],"product_cat":[1128,362,364],"product_tag":[],"class_list":{"0":"post-63564","1":"product","2":"type-product","3":"status-publish","4":"has-post-thumbnail","6":"product_cat-kombinezony-sportowe-damskie","7":"product_cat-komplety-sportowe-damskie","8":"product_cat-omplet-sportowy-top-legginsy","9":"pa_cviat-bezowy","10":"pa_razmer-l-pl","11":"pa_razmer-m-pl-2","12":"pa_razmer-s-pl-2","13":"inventories-world","14":"inventories-uk","16":"first","17":"instock","18":"taxable","19":"shipping-taxable","20":"purchasable","21":"product-type-variable"},"_links":{"self":[{"href":"https:\/\/staging6.peach-pump.com\/pl\/wp-json\/wp\/v2\/product\/63564","targetHints":{"allow":["GET"]}}],"collection":[{"href":"https:\/\/staging6.peach-pump.com\/pl\/wp-json\/wp\/v2\/product"}],"about":[{"href":"https:\/\/staging6.peach-pump.com\/pl\/wp-json\/wp\/v2\/types\/product"}],"replies":[{"embeddable":true,"href":"https:\/\/staging6.peach-pump.com\/pl\/wp-json\/wp\/v2\/comments?post=63564"}],"version-history":[{"count":0,"href":"https:\/\/staging6.peach-pump.com\/pl\/wp-json\/wp\/v2\/product\/63564\/revisions"}],"wp:featuredmedia":[{"embeddable":true,"href":"https:\/\/staging6.peach-pump.com\/pl\/wp-json\/wp\/v2\/media\/99738"}],"wp:attachment":[{"href":"https:\/\/staging6.peach-pump.com\/pl\/wp-json\/wp\/v2\/media?parent=63564"}],"wp:term":[{"taxonomy":"product_brand","embeddable":true,"href":"https:\/\/staging6.peach-pump.com\/pl\/wp-json\/wp\/v2\/product_brand?post=63564"},{"taxonomy":"product_cat","embeddable":true,"href":"https:\/\/staging6.peach-pump.com\/pl\/wp-json\/wp\/v2\/product_cat?post=63564"},{"taxonomy":"product_tag","embeddable":true,"href":"https:\/\/staging6.peach-pump.com\/pl\/wp-json\/wp\/v2\/product_tag?post=63564"}],"curies":[{"name":"wp","href":"https:\/\/api.w.org\/{rel}","templated":true}]}}