{"id":63830,"date":"2023-12-12T19:48:00","date_gmt":"2023-12-12T17:48:00","guid":{"rendered":"https:\/\/staging6.peach-pump.com\/products\/%d0\/"},"modified":"2025-10-31T13:08:01","modified_gmt":"2025-10-31T11:08:01","slug":"kremowa-bluza-z-kapturem","status":"publish","type":"product","link":"https:\/\/staging6.peach-pump.com\/pl\/products\/kremowa-bluza-z-kapturem\/","title":{"rendered":"Ocieplana bluza z kapturem w kolorze kremowym"},"content":{"rendered":"<p>Sportowa, ocieplana bluza z kapturem i kieszeni\u0105 z przodu w kolorze kremowym. Wykonana w 80% z bawe\u0142ny z mi\u0119kk\u0105, ocieplan\u0105, wewn\u0119trzn\u0105 podszewk\u0105. Ten model bluzy z kapturem ma przedni nadruk 3D &#8220;Peach Pump&#8221; wzmocniony od wewn\u0105trz dla zwi\u0119kszenia trwa\u0142o\u015bci, nie nale\u017cy usuwa\u0107 materia\u0142u wzmacniaj\u0105cego ani prasowa\u0107 nadruku. Sportowa bluza ma opadaj\u0105ce r\u0119kawy i haft na jednym r\u0119kawie. Nowoczesny lu\u017any kr\u00f3j dla wi\u0119kszego komfortu i swobody ruch\u00f3w. Posiada du\u017cy kaptur z gumowym logo &#8220;Peach Pump&#8221; z ty\u0142u.<\/p>\n<p>Przywitaj si\u0119 z komfortem na najwy\u017cszym poziomie i mi\u0119kko\u015bci\u0105 w dotyku dzi\u0119ki temu modelowi bluzy z kapturem.<\/p>\n<ul>\n<li>Lu\u017any kr\u00f3j<\/li>\n<li>Opadaj\u0105ce rami\u0119<\/li>\n<li>Druk 3D &#8220;Peach Pump&#8221;<\/li>\n<li>Kaptur z gumowym logo &#8220;Peach Pump&#8221;<\/li>\n<li>Haftowany napis na r\u0119kawie<\/li>\n<li>Przednia kiesze\u0144 kangurka<\/li>\n<li>Mi\u0119kka, wewn\u0119trzna podszewka<\/li>\n<li>\u015aci\u0105gacze na r\u0119kawach i u do\u0142u bluzy z kapturem<\/li>\n<\/ul>\n<p>Materia\u0142y: 80% bawe\u0142na, 20% poliester.<\/p>\n<p>Bluz\u0119 z kapturem mo\u017cna pra\u0107 w pralce w zimnej wodzie, niskie wirowanie i bez wybielacza, nie prasowa\u0107 nadruku.<\/p>\n<p>Model na zdj\u0119ciu ma 174 cm wzrostu i wa\u017cy 52 kg. Nosi rozmiar L.<\/p>\n<p>W celu dok\u0142adniejszego doboru rozmiaru nale\u017cy skorzysta\u0107 z tabeli.<\/p>\n<p><a href=\"https:\/\/staging6.peach-pump.com\/wp-content\/uploads\/2023\/12\/IMG_2059-300x300.png\"><img loading=\"lazy\" decoding=\"async\" class=\"alignnone size-medium wp-image-62124\" src=\"https:\/\/staging6.peach-pump.com\/wp-content\/uploads\/2023\/12\/IMG_2059-300x300.png\" alt=\"Tabela rozmiar\u00f3w bluzy z kapturem Peach Pump\" width=\"300\" height=\"300\" srcset=\"https:\/\/staging6.peach-pump.com\/wp-content\/uploads\/2023\/12\/IMG_2059-300x300.png 300w, https:\/\/staging6.peach-pump.com\/wp-content\/uploads\/2023\/12\/IMG_2059-480x480.png 480w, https:\/\/staging6.peach-pump.com\/wp-content\/uploads\/2023\/12\/IMG_2059-1000x1000.png 1000w, https:\/\/staging6.peach-pump.com\/wp-content\/uploads\/2023\/12\/IMG_2059-800x800.png 800w, https:\/\/staging6.peach-pump.com\/wp-content\/uploads\/2023\/12\/IMG_2059-150x150.png 150w, https:\/\/staging6.peach-pump.com\/wp-content\/uploads\/2023\/12\/IMG_2059-768x768.png 768w, https:\/\/staging6.peach-pump.com\/wp-content\/uploads\/2023\/12\/IMG_2059-990x990.png 990w, https:\/\/staging6.peach-pump.com\/wp-content\/uploads\/2023\/12\/IMG_2059-441x441.png 441w, https:\/\/staging6.peach-pump.com\/wp-content\/uploads\/2023\/12\/IMG_2059-100x100.png 100w, https:\/\/staging6.peach-pump.com\/wp-content\/uploads\/2023\/12\/IMG_2059-64x64.png 64w, https:\/\/staging6.peach-pump.com\/wp-content\/uploads\/2023\/12\/IMG_2059.png 1080w\" sizes=\"auto, (max-width: 300px) 100vw, 300px\" \/><\/a><\/p>\n","protected":false},"excerpt":{"rendered":"<p>Sportowa, ocieplana bluza z kapturem i kieszeni\u0105 z przodu w kolorze kremowym. Wykonana w 80% z bawe\u0142ny z mi\u0119kk\u0105, ocieplan\u0105, wewn\u0119trzn\u0105 podszewk\u0105. Ten model bluzy z kapturem ma przedni nadruk 3D &#8220;Peach Pump&#8221; wzmocniony od wewn\u0105trz dla zwi\u0119kszenia trwa\u0142o\u015bci, nie nale\u017cy usuwa\u0107 materia\u0142u wzmacniaj\u0105cego ani prasowa\u0107 nadruku. Sportowa bluza ma opadaj\u0105ce r\u0119kawy i haft na [&hellip;]<\/p>\n","protected":false},"featured_media":62304,"comment_status":"open","ping_status":"closed","template":"","meta":[],"product_brand":[],"product_cat":[1120,360],"product_tag":[],"class_list":{"0":"post-63830","1":"product","2":"type-product","3":"status-publish","4":"has-post-thumbnail","6":"product_cat-dresy-damskie-hoodies","7":"product_cat-bluzki-koszulki-fitness-sportowe","8":"pa_cviat-bezowy","9":"pa_razmer-l-pl","10":"pa_razmer-m-pl-2","11":"inventories-world","12":"inventories-uk","14":"first","15":"instock","16":"taxable","17":"shipping-taxable","18":"purchasable","19":"product-type-variable"},"_links":{"self":[{"href":"https:\/\/staging6.peach-pump.com\/en\/wp-json\/wp\/v2\/product\/63830","targetHints":{"allow":["GET"]}}],"collection":[{"href":"https:\/\/staging6.peach-pump.com\/en\/wp-json\/wp\/v2\/product"}],"about":[{"href":"https:\/\/staging6.peach-pump.com\/en\/wp-json\/wp\/v2\/types\/product"}],"replies":[{"embeddable":true,"href":"https:\/\/staging6.peach-pump.com\/en\/wp-json\/wp\/v2\/comments?post=63830"}],"version-history":[{"count":0,"href":"https:\/\/staging6.peach-pump.com\/en\/wp-json\/wp\/v2\/product\/63830\/revisions"}],"wp:featuredmedia":[{"embeddable":true,"href":"https:\/\/staging6.peach-pump.com\/en\/wp-json\/wp\/v2\/media\/62304"}],"wp:attachment":[{"href":"https:\/\/staging6.peach-pump.com\/en\/wp-json\/wp\/v2\/media?parent=63830"}],"wp:term":[{"taxonomy":"product_brand","embeddable":true,"href":"https:\/\/staging6.peach-pump.com\/en\/wp-json\/wp\/v2\/product_brand?post=63830"},{"taxonomy":"product_cat","embeddable":true,"href":"https:\/\/staging6.peach-pump.com\/en\/wp-json\/wp\/v2\/product_cat?post=63830"},{"taxonomy":"product_tag","embeddable":true,"href":"https:\/\/staging6.peach-pump.com\/en\/wp-json\/wp\/v2\/product_tag?post=63830"}],"curies":[{"name":"wp","href":"https:\/\/api.w.org\/{rel}","templated":true}]}}