{"id":63882,"date":"2023-12-13T18:04:43","date_gmt":"2023-12-13T16:04:43","guid":{"rendered":"https:\/\/staging6.peach-pump.com\/products\/%d0-5\/"},"modified":"2025-04-05T11:06:48","modified_gmt":"2025-04-05T09:06:48","slug":"biala-zimowa-czapka","status":"publish","type":"product","link":"https:\/\/staging6.peach-pump.com\/pl\/products\/biala-zimowa-czapka\/","title":{"rendered":"Bia\u0142a, zimowa czapka typu beanie"},"content":{"rendered":"<p>Bia\u0142a, zimowa czapka z kolekcji &#8220;Peach Pump&#8221; z odwr\u00f3conym rondem dla lepszej izolacji przed zimnem i sk\u00f3rzanym logo z przodu. Elastyczny, bardzo mi\u0119kki i przyjemny w dotyku materia\u0142. Czapka jest dost\u0119pna w r\u00f3\u017cnych kolorach. Model ten b\u0119dzie idealnym wyko\u0144czeniem stroju w ch\u0142odne dni.<\/p>\n","protected":false},"excerpt":{"rendered":"<p>Bia\u0142a, zimowa czapka z kolekcji &#8220;Peach Pump&#8221; z odwr\u00f3conym rondem dla lepszej izolacji przed zimnem i sk\u00f3rzanym logo z przodu. Elastyczny, bardzo mi\u0119kki i przyjemny w dotyku materia\u0142. Czapka jest dost\u0119pna w r\u00f3\u017cnych kolorach. Model ten b\u0119dzie idealnym wyko\u0144czeniem stroju w ch\u0142odne dni.<\/p>\n","protected":false},"featured_media":62585,"comment_status":"open","ping_status":"closed","template":"","meta":[],"product_brand":[],"product_cat":[861],"product_tag":[],"class_list":{"0":"post-63882","1":"product","2":"type-product","3":"status-publish","4":"has-post-thumbnail","6":"product_cat-akcesoria","7":"pa_cviat-bialy-pl","8":"pa_razmer-one-size-pl","9":"inventories-world","10":"inventories-uk","12":"first","13":"instock","14":"taxable","15":"shipping-taxable","16":"purchasable","17":"product-type-variable"},"_links":{"self":[{"href":"https:\/\/staging6.peach-pump.com\/en\/wp-json\/wp\/v2\/product\/63882","targetHints":{"allow":["GET"]}}],"collection":[{"href":"https:\/\/staging6.peach-pump.com\/en\/wp-json\/wp\/v2\/product"}],"about":[{"href":"https:\/\/staging6.peach-pump.com\/en\/wp-json\/wp\/v2\/types\/product"}],"replies":[{"embeddable":true,"href":"https:\/\/staging6.peach-pump.com\/en\/wp-json\/wp\/v2\/comments?post=63882"}],"version-history":[{"count":0,"href":"https:\/\/staging6.peach-pump.com\/en\/wp-json\/wp\/v2\/product\/63882\/revisions"}],"wp:featuredmedia":[{"embeddable":true,"href":"https:\/\/staging6.peach-pump.com\/en\/wp-json\/wp\/v2\/media\/62585"}],"wp:attachment":[{"href":"https:\/\/staging6.peach-pump.com\/en\/wp-json\/wp\/v2\/media?parent=63882"}],"wp:term":[{"taxonomy":"product_brand","embeddable":true,"href":"https:\/\/staging6.peach-pump.com\/en\/wp-json\/wp\/v2\/product_brand?post=63882"},{"taxonomy":"product_cat","embeddable":true,"href":"https:\/\/staging6.peach-pump.com\/en\/wp-json\/wp\/v2\/product_cat?post=63882"},{"taxonomy":"product_tag","embeddable":true,"href":"https:\/\/staging6.peach-pump.com\/en\/wp-json\/wp\/v2\/product_tag?post=63882"}],"curies":[{"name":"wp","href":"https:\/\/api.w.org\/{rel}","templated":true}]}}