{"id":63892,"date":"2023-12-13T18:17:53","date_gmt":"2023-12-13T16:17:53","guid":{"rendered":"https:\/\/staging6.peach-pump.com\/products\/%d0-10\/"},"modified":"2025-10-06T11:05:07","modified_gmt":"2025-10-06T09:05:07","slug":"zielona-zimowa-czapka","status":"publish","type":"product","link":"https:\/\/staging6.peach-pump.com\/pl\/products\/zielona-zimowa-czapka\/","title":{"rendered":"Zielona, zimowa czapka typu beanie"},"content":{"rendered":"<p>Zielona, zimowa czapka z kolekcji &#8220;Peach Pump&#8221; z odwr\u00f3conym rondem dla lepszej izolacji przed zimnem i sk\u00f3rzanym logo z przodu. Elastyczny, bardzo mi\u0119kki i przyjemny w dotyku materia\u0142. Czapka jest dost\u0119pna w r\u00f3\u017cnych kolorach. Model ten b\u0119dzie idealnym wyko\u0144czeniem stroju w ch\u0142odne dni.<\/p>\n<p>&nbsp;<\/p>\n","protected":false},"excerpt":{"rendered":"<p>Zielona, zimowa czapka z kolekcji &#8220;Peach Pump&#8221; z odwr\u00f3conym rondem dla lepszej izolacji przed zimnem i sk\u00f3rzanym logo z przodu. Elastyczny, bardzo mi\u0119kki i przyjemny w dotyku materia\u0142. Czapka jest dost\u0119pna w r\u00f3\u017cnych kolorach. Model ten b\u0119dzie idealnym wyko\u0144czeniem stroju w ch\u0142odne dni. &nbsp;<\/p>\n","protected":false},"featured_media":62648,"comment_status":"open","ping_status":"closed","template":"","meta":[],"product_brand":[],"product_cat":[861],"product_tag":[],"class_list":{"0":"post-63892","1":"product","2":"type-product","3":"status-publish","4":"has-post-thumbnail","6":"product_cat-akcesoria","7":"pa_cviat-zielony","8":"pa_razmer-one-size-pl","9":"inventories-world","10":"inventories-uk","12":"first","13":"instock","14":"taxable","15":"shipping-taxable","16":"purchasable","17":"product-type-variable"},"_links":{"self":[{"href":"https:\/\/staging6.peach-pump.com\/en\/wp-json\/wp\/v2\/product\/63892","targetHints":{"allow":["GET"]}}],"collection":[{"href":"https:\/\/staging6.peach-pump.com\/en\/wp-json\/wp\/v2\/product"}],"about":[{"href":"https:\/\/staging6.peach-pump.com\/en\/wp-json\/wp\/v2\/types\/product"}],"replies":[{"embeddable":true,"href":"https:\/\/staging6.peach-pump.com\/en\/wp-json\/wp\/v2\/comments?post=63892"}],"version-history":[{"count":0,"href":"https:\/\/staging6.peach-pump.com\/en\/wp-json\/wp\/v2\/product\/63892\/revisions"}],"wp:featuredmedia":[{"embeddable":true,"href":"https:\/\/staging6.peach-pump.com\/en\/wp-json\/wp\/v2\/media\/62648"}],"wp:attachment":[{"href":"https:\/\/staging6.peach-pump.com\/en\/wp-json\/wp\/v2\/media?parent=63892"}],"wp:term":[{"taxonomy":"product_brand","embeddable":true,"href":"https:\/\/staging6.peach-pump.com\/en\/wp-json\/wp\/v2\/product_brand?post=63892"},{"taxonomy":"product_cat","embeddable":true,"href":"https:\/\/staging6.peach-pump.com\/en\/wp-json\/wp\/v2\/product_cat?post=63892"},{"taxonomy":"product_tag","embeddable":true,"href":"https:\/\/staging6.peach-pump.com\/en\/wp-json\/wp\/v2\/product_tag?post=63892"}],"curies":[{"name":"wp","href":"https:\/\/api.w.org\/{rel}","templated":true}]}}