{"id":66788,"date":"2024-01-12T18:35:56","date_gmt":"2024-01-12T16:35:56","guid":{"rendered":"https:\/\/staging6.peach-pump.com\/products\/%d1\/"},"modified":"2025-10-31T16:13:29","modified_gmt":"2025-10-31T14:13:29","slug":"szara-zimowa-kurtka","status":"publish","type":"product","link":"https:\/\/staging6.peach-pump.com\/pl\/products\/szara-zimowa-kurtka\/","title":{"rendered":"Szara, zimowa kurtka Peach Pump"},"content":{"rendered":"<p class=\"p1\"><span class=\"s1\">Ciep\u0142a, szara, zimowa kurtka z wype\u0142nieniem ze 100% bawe\u0142ny, kolor &#8220;ko\u015b\u0107 s\u0142oniowa&#8221;. Model ma sportowy, kr\u00f3tszy, nowoczesny kr\u00f3j, regulowany d\u00f3\u0142 z elastycznymi wi\u0105zaniami, dwie boczne uko\u015bne kieszenie zapinane na zamek b\u0142yskawiczny. Efektowny haft 3D &#8220;Peach Pump&#8221; z przodu i haftowane logo &#8220;Peach Pump&#8221; na ramieniu. Kurtka ma pikowany wz\u00f3r z wysokim ko\u0142nierzem, mi\u0119kk\u0105 szar\u0105 podszewk\u0119 i r\u0119kawy z elastycznym mankietem. W tym modelu b\u0119dzie Ci ciep\u0142o, a jednocze\u015bnie poczujesz si\u0119 pi\u0119kna, pewna siebie i seksowna. R\u00f3\u017cnorodno\u015b\u0107 modnych kolor\u00f3w na zimowy sezon, model stworzony z mi\u0142o\u015bci\u0105 dla Ciebie. <\/span><\/p>\n<ul class=\"ul1\">\n<li><span class=\"s1\">Szara, zimowa kurtka<\/span><\/li>\n<li class=\"li1\"><span class=\"s1\">Wysoki ko\u0142nierz.<\/span><\/li>\n<li class=\"li1\"><span class=\"s1\">Boczne kieszenie zapinane na zamek.<\/span><\/li>\n<li class=\"li1\"><span class=\"s1\">Wyszywane logo 3D &#8220;Peach Pump&#8221; z przodu i na ramieniu<\/span><\/li>\n<li class=\"li1\"><span class=\"s1\">Mi\u0119kka podszewka.<\/span><\/li>\n<li class=\"li1\"><span class=\"s1\">Pikowany wz\u00f3r<\/span><\/li>\n<li>Elastyczne mankiety na r\u0119kawach<\/li>\n<li class=\"li1\"><span class=\"s1\">Regulowany d\u00f3\u0142 z elastycznymi wi\u0105zaniami<\/span><\/li>\n<li>Wype\u0142nienie kurtki ze 100% bawe\u0142ny<\/li>\n<\/ul>\n<p class=\"p1\"><span class=\"s1\">Sk\u0142ad cz\u0119\u015bci zewn\u0119trznej: 100% poliester, wype\u0142nienie 100% bawe\u0142na<\/span><\/p>\n<p class=\"p1\"><span class=\"s1\">Model na zdj\u0119ciu ma 180 wzrostu i wa\u017cy 58 kg. nosi rozmiar M. <\/span><\/p>\n<p>Aby prawid\u0142owo dba\u0107 o materia\u0142, post\u0119puj zgodnie z instrukcjami na etykiecie.<\/p>\n","protected":false},"excerpt":{"rendered":"<p>Ciep\u0142a, szara, zimowa kurtka z wype\u0142nieniem ze 100% bawe\u0142ny, kolor &#8220;ko\u015b\u0107 s\u0142oniowa&#8221;. Model ma sportowy, kr\u00f3tszy, nowoczesny kr\u00f3j, regulowany d\u00f3\u0142 z elastycznymi wi\u0105zaniami, dwie boczne uko\u015bne kieszenie zapinane na zamek b\u0142yskawiczny. Efektowny haft 3D &#8220;Peach Pump&#8221; z przodu i haftowane logo &#8220;Peach Pump&#8221; na ramieniu. Kurtka ma pikowany wz\u00f3r z wysokim ko\u0142nierzem, mi\u0119kk\u0105 szar\u0105 podszewk\u0119 [&hellip;]<\/p>\n","protected":false},"featured_media":65417,"comment_status":"open","ping_status":"closed","template":"","meta":[],"product_brand":[],"product_cat":[923],"product_tag":[],"class_list":{"0":"post-66788","1":"product","2":"type-product","3":"status-publish","4":"has-post-thumbnail","6":"product_cat-damskie-kurtki","7":"pa_cviat-szary","8":"pa_razmer-l-pl","9":"pa_razmer-m-pl-2","10":"pa_razmer-s-pl-2","11":"inventories-world","12":"inventories-uk","14":"first","15":"instock","16":"taxable","17":"shipping-taxable","18":"purchasable","19":"product-type-variable"},"_links":{"self":[{"href":"https:\/\/staging6.peach-pump.com\/en\/wp-json\/wp\/v2\/product\/66788","targetHints":{"allow":["GET"]}}],"collection":[{"href":"https:\/\/staging6.peach-pump.com\/en\/wp-json\/wp\/v2\/product"}],"about":[{"href":"https:\/\/staging6.peach-pump.com\/en\/wp-json\/wp\/v2\/types\/product"}],"replies":[{"embeddable":true,"href":"https:\/\/staging6.peach-pump.com\/en\/wp-json\/wp\/v2\/comments?post=66788"}],"version-history":[{"count":0,"href":"https:\/\/staging6.peach-pump.com\/en\/wp-json\/wp\/v2\/product\/66788\/revisions"}],"wp:featuredmedia":[{"embeddable":true,"href":"https:\/\/staging6.peach-pump.com\/en\/wp-json\/wp\/v2\/media\/65417"}],"wp:attachment":[{"href":"https:\/\/staging6.peach-pump.com\/en\/wp-json\/wp\/v2\/media?parent=66788"}],"wp:term":[{"taxonomy":"product_brand","embeddable":true,"href":"https:\/\/staging6.peach-pump.com\/en\/wp-json\/wp\/v2\/product_brand?post=66788"},{"taxonomy":"product_cat","embeddable":true,"href":"https:\/\/staging6.peach-pump.com\/en\/wp-json\/wp\/v2\/product_cat?post=66788"},{"taxonomy":"product_tag","embeddable":true,"href":"https:\/\/staging6.peach-pump.com\/en\/wp-json\/wp\/v2\/product_tag?post=66788"}],"curies":[{"name":"wp","href":"https:\/\/api.w.org\/{rel}","templated":true}]}}