{"id":69817,"date":"2024-02-19T12:11:09","date_gmt":"2024-02-19T10:11:09","guid":{"rendered":"https:\/\/staging6.peach-pump.com\/products\/%d1\/"},"modified":"2025-11-05T00:09:41","modified_gmt":"2025-11-04T22:09:41","slug":"czarna-damska-kurtka-sportowa","status":"publish","type":"product","link":"https:\/\/staging6.peach-pump.com\/pl\/products\/czarna-damska-kurtka-sportowa\/","title":{"rendered":"Czarna damska kurtka sportowa z zamkiem b\u0142yskawicznym i kieszeniami"},"content":{"rendered":"<p>Czarna damska kurtka sportowa z zamkiem b\u0142yskawicznym i kieszeniami.<br \/>\nKurtka ma otwory na kciuki na r\u0119kawach, dzi\u0119ki czemu r\u0119kawy nie b\u0119d\u0105 si\u0119 zwija\u0107 podczas treningu, biegu lub jazdy na rowerze.  Kr\u00f3j kurtki jest bardzo pi\u0119kny, rze\u017abi sylwetk\u0119 i dopasowuje si\u0119 do cia\u0142a. Mo\u017cna \u0142\u0105czy\u0107 z r\u00f3\u017cnymi pastelowymi legginsami lub gorsetami z kolekcji Peach Pump.  <\/p>\n<ul>\n<li>Elastyczny, szybkoschn\u0105cy materia\u0142<\/li>\n<li>Zgrzewane logo Peach Pump na ramieniu<\/li>\n<li>Zapi\u0119cie na zamek b\u0142yskawiczny<\/li>\n<li>Kieszenie z przodu kurtki<\/li>\n<li>Otwory na kciuki<\/li>\n<li>Model kszta\u0142tuj\u0105cy sylwetk\u0119<\/li>\n<\/ul>\n<p>  Sk\u0142ad: 80% poliester 20% spandex. Kurtk\u0119 mo\u017cna pra\u0107 w temperaturze do 30 stopni. Nie wybiela\u0107. Nie czy\u015bci\u0107 chemicznie. Modelka na zdj\u0119ciu ma 165 cm wzrostu, wa\u017cy 48 kg i pozuje w rozmiarze S. Obw\u00f3d klatki piersiowej: S: 85-90 cm \/ M: 90-95 cm \/ L: 95-100 cm<\/p>\n","protected":false},"excerpt":{"rendered":"<p>Czarna damska kurtka sportowa z zamkiem b\u0142yskawicznym i kieszeniami. Kurtka ma otwory na kciuki na r\u0119kawach, dzi\u0119ki czemu r\u0119kawy nie b\u0119d\u0105 si\u0119 zwija\u0107 podczas treningu, biegu lub jazdy na rowerze. Kr\u00f3j kurtki jest bardzo pi\u0119kny, rze\u017abi sylwetk\u0119 i dopasowuje si\u0119 do cia\u0142a. Mo\u017cna \u0142\u0105czy\u0107 z r\u00f3\u017cnymi pastelowymi legginsami lub gorsetami z kolekcji Peach Pump. Elastyczny, [&hellip;]<\/p>\n","protected":false},"featured_media":87403,"comment_status":"open","ping_status":"closed","template":"","meta":[],"product_brand":[],"product_cat":[923],"product_tag":[],"class_list":{"0":"post-69817","1":"product","2":"type-product","3":"status-publish","4":"has-post-thumbnail","6":"product_cat-damskie-kurtki","7":"pa_cviat-czarny","8":"pa_razmer-l-pl","9":"pa_razmer-m-pl-2","10":"pa_razmer-s-pl-2","11":"inventories-world","12":"inventories-uk","14":"first","15":"instock","16":"taxable","17":"shipping-taxable","18":"purchasable","19":"product-type-variable"},"_links":{"self":[{"href":"https:\/\/staging6.peach-pump.com\/pl\/wp-json\/wp\/v2\/product\/69817","targetHints":{"allow":["GET"]}}],"collection":[{"href":"https:\/\/staging6.peach-pump.com\/pl\/wp-json\/wp\/v2\/product"}],"about":[{"href":"https:\/\/staging6.peach-pump.com\/pl\/wp-json\/wp\/v2\/types\/product"}],"replies":[{"embeddable":true,"href":"https:\/\/staging6.peach-pump.com\/pl\/wp-json\/wp\/v2\/comments?post=69817"}],"version-history":[{"count":0,"href":"https:\/\/staging6.peach-pump.com\/pl\/wp-json\/wp\/v2\/product\/69817\/revisions"}],"wp:featuredmedia":[{"embeddable":true,"href":"https:\/\/staging6.peach-pump.com\/pl\/wp-json\/wp\/v2\/media\/87403"}],"wp:attachment":[{"href":"https:\/\/staging6.peach-pump.com\/pl\/wp-json\/wp\/v2\/media?parent=69817"}],"wp:term":[{"taxonomy":"product_brand","embeddable":true,"href":"https:\/\/staging6.peach-pump.com\/pl\/wp-json\/wp\/v2\/product_brand?post=69817"},{"taxonomy":"product_cat","embeddable":true,"href":"https:\/\/staging6.peach-pump.com\/pl\/wp-json\/wp\/v2\/product_cat?post=69817"},{"taxonomy":"product_tag","embeddable":true,"href":"https:\/\/staging6.peach-pump.com\/pl\/wp-json\/wp\/v2\/product_tag?post=69817"}],"curies":[{"name":"wp","href":"https:\/\/api.w.org\/{rel}","templated":true}]}}