{"id":73625,"date":"2024-04-06T21:24:18","date_gmt":"2024-04-06T19:24:18","guid":{"rendered":"https:\/\/staging6.peach-pump.com\/?post_type=product&#038;p=73625"},"modified":"2025-10-21T11:08:36","modified_gmt":"2025-10-21T09:08:36","slug":"fioletowa-damska-sportowa-kurtka-typu-wiatrowka","status":"publish","type":"product","link":"https:\/\/staging6.peach-pump.com\/pl\/products\/fioletowa-damska-sportowa-kurtka-typu-wiatrowka\/","title":{"rendered":"Fioletowa, damska, sportowa kurtka typu wiatr\u00f3wka"},"content":{"rendered":"<p>Fioletowa, damska, sportowa kurtka z kapturem, limitowana edycja z efektownym wzorem w jasnofioletowym kolorze. Model jest rodzajem wiatr\u00f3wki, odpowiedniej do biegania lub chodzenia, na ciep\u0142e letnie dni. Kurtka z kapturem ma \u015bci\u0105gan\u0105 tali\u0119 i gumowe logo Peach Pump. Materia\u0142 pi\u0119knie za\u0142amuje \u015bwiat\u0142o i tworzy wra\u017cenie kosmicznego wzoru. Dzi\u0119ki temu pi\u0119knemu modelowi zostaniesz zauwa\u017cony i wyr\u00f3\u017cnisz si\u0119, doskonale \u0142\u0105czy si\u0119 ze sportowymi strojami w jednolitych kolorach.<\/p>\n<ul>\n<li>Tkanina odbijaj\u0105ca \u015bwiat\u0142o<\/li>\n<li>Kaptur<\/li>\n<li>Regulowany d\u00f3\u0142 z elastycznymi wi\u0105zaniami<\/li>\n<li>Zamek b\u0142yskawiczny z przodu<\/li>\n<li>Gumowe logo Peach Pump<\/li>\n<li>Gumki na r\u0119kawach<\/li>\n<\/ul>\n<p>Sk\u0142ad: 100% poliester<\/p>\n<p>Kurtk\u0119 mo\u017cna pra\u0107 w temperaturze do 30 stopni. Nie wybiela\u0107. Nie czy\u015bci\u0107 chemicznie.<\/p>\n<p>Modelka na zdj\u0119ciu ma 170 wzrostu, wa\u017cy 49 kg i nosi rozmiar S.<\/p>\n<p>Aby wybra\u0107 dok\u0142adny rozmiar, skorzystaj z tabel rozmiarowych.<\/p>\n","protected":false},"excerpt":{"rendered":"<p>Fioletowa, damska, sportowa kurtka z kapturem, limitowana edycja z efektownym wzorem w jasnofioletowym kolorze. Model jest rodzajem wiatr\u00f3wki, odpowiedniej do biegania lub chodzenia, na ciep\u0142e letnie dni. Kurtka z kapturem ma \u015bci\u0105gan\u0105 tali\u0119 i gumowe logo Peach Pump. Materia\u0142 pi\u0119knie za\u0142amuje \u015bwiat\u0142o i tworzy wra\u017cenie kosmicznego wzoru. Dzi\u0119ki temu pi\u0119knemu modelowi zostaniesz zauwa\u017cony i wyr\u00f3\u017cnisz [&hellip;]<\/p>\n","protected":false},"featured_media":74109,"comment_status":"open","ping_status":"closed","template":"","meta":[],"product_brand":[],"product_cat":[923],"product_tag":[],"class_list":{"0":"post-73625","1":"product","2":"type-product","3":"status-publish","4":"has-post-thumbnail","6":"product_cat-damskie-kurtki","7":"pa_cviat-fioletowy","8":"pa_razmer-m-pl-2","9":"pa_razmer-s-pl-2","10":"inventories-world","11":"inventories-uk","13":"first","14":"instock","15":"taxable","16":"shipping-taxable","17":"purchasable","18":"product-type-variable"},"_links":{"self":[{"href":"https:\/\/staging6.peach-pump.com\/pl\/wp-json\/wp\/v2\/product\/73625","targetHints":{"allow":["GET"]}}],"collection":[{"href":"https:\/\/staging6.peach-pump.com\/pl\/wp-json\/wp\/v2\/product"}],"about":[{"href":"https:\/\/staging6.peach-pump.com\/pl\/wp-json\/wp\/v2\/types\/product"}],"replies":[{"embeddable":true,"href":"https:\/\/staging6.peach-pump.com\/pl\/wp-json\/wp\/v2\/comments?post=73625"}],"version-history":[{"count":0,"href":"https:\/\/staging6.peach-pump.com\/pl\/wp-json\/wp\/v2\/product\/73625\/revisions"}],"wp:featuredmedia":[{"embeddable":true,"href":"https:\/\/staging6.peach-pump.com\/pl\/wp-json\/wp\/v2\/media\/74109"}],"wp:attachment":[{"href":"https:\/\/staging6.peach-pump.com\/pl\/wp-json\/wp\/v2\/media?parent=73625"}],"wp:term":[{"taxonomy":"product_brand","embeddable":true,"href":"https:\/\/staging6.peach-pump.com\/pl\/wp-json\/wp\/v2\/product_brand?post=73625"},{"taxonomy":"product_cat","embeddable":true,"href":"https:\/\/staging6.peach-pump.com\/pl\/wp-json\/wp\/v2\/product_cat?post=73625"},{"taxonomy":"product_tag","embeddable":true,"href":"https:\/\/staging6.peach-pump.com\/pl\/wp-json\/wp\/v2\/product_tag?post=73625"}],"curies":[{"name":"wp","href":"https:\/\/api.w.org\/{rel}","templated":true}]}}