{"id":73688,"date":"2024-04-01T00:49:17","date_gmt":"2024-03-31T22:49:17","guid":{"rendered":"https:\/\/staging6.peach-pump.com\/products\/rozowy-sportowy-stanik-z-wbudowanymi-wkladkami\/"},"modified":"2025-10-24T10:04:33","modified_gmt":"2025-10-24T08:04:33","slug":"rozowy-sportowy-stanik-z-wbudowanymi-wkladkami","status":"publish","type":"product","link":"https:\/\/staging6.peach-pump.com\/pl\/products\/rozowy-sportowy-stanik-z-wbudowanymi-wkladkami\/","title":{"rendered":"Bezszwowy, r\u00f3\u017cowy, sportowy stanik z wbudowanymi wk\u0142adkami"},"content":{"rendered":"<p>Bezszwowy, r\u00f3\u017cowy,sportowy stanik w kolorze &#8220;ash of roses&#8221; z wbudowanymi wk\u0142adkami, kt\u00f3rych nie mo\u017cna wyj\u0105\u0107. Model wykonany jest z mi\u0119kkiego, bardzo elastycznego, oddychaj\u0105cego materia\u0142u, kt\u00f3ry odprowadza pot z cia\u0142a. Stanik mo\u017cna nosi\u0107 r\u00f3wnie\u017c pod ubraniem, posiada niewidoczny kr\u00f3j, a Ty poczujesz pe\u0142en komfort i swobod\u0119 ruch\u00f3w. Rozmiar jest uniwersalny,posiada 4-stopniowe zapi\u0119cie i szeroki \u015bci\u0105gacz. Model jest dost\u0119pny w r\u00f3\u017cnych kolorach, mo\u017cna go \u0142\u0105czy\u0107 z legginsami w tym samym lub innym kolorze. Sprawd\u017a w zak\u0142adce &#8220;Stroje sportowe&#8221;.<\/p>\n<ul>\n<li> Wbudowane wk\u0142adki<\/li>\n<li> Efekt Push-Up<\/li>\n<li> G\u0142\u0119boko wyci\u0119ty ty\u0142<\/li>\n<li> Du\u017ca elastyczno\u015b\u0107<\/li>\n<li> Czterostopniowe zapi\u0119cie<\/li>\n<li> Termicznie naklejone logo Peach Pump z boku biustonosza<\/li>\n<li> Technologia odprowadzania potu<\/li>\n<\/ul>\n<p>Sk\u0142ad: 80% poliester 20% elastan<\/p>\n<p>Biustonosz mo\u017cna pra\u0107 w temperaturze do 30 stopni. Nie wybiela\u0107. Nie czy\u015bci\u0107 chemicznie.<\/p>\n<p>Model na zdj\u0119ciu ma 178 cm wzrostu, wa\u017cy 54 kg i prezentuje stanik w rozmiarze M.<\/p>\n<p>Aby wybra\u0107 dok\u0142adny rozmiar, skorzystaj z tabel rozmiarowych.<\/p>\n<p>&nbsp;<\/p>\n<p><a href=\"https:\/\/staging6.peach-pump.com\/wp-content\/uploads\/2024\/04\/7ACDDC23-3BB3-4220-B273-C079DABBAC53.png\"><img loading=\"lazy\" decoding=\"async\" class=\"alignnone wp-image-72618 \" src=\"https:\/\/staging6.peach-pump.com\/wp-content\/uploads\/2024\/04\/7ACDDC23-3BB3-4220-B273-C079DABBAC53.png\" alt=\"\" width=\"553\" height=\"553\" srcset=\"https:\/\/staging6.peach-pump.com\/wp-content\/uploads\/2024\/04\/7ACDDC23-3BB3-4220-B273-C079DABBAC53.png 1080w, https:\/\/staging6.peach-pump.com\/wp-content\/uploads\/2024\/04\/7ACDDC23-3BB3-4220-B273-C079DABBAC53-480x480.png 480w, https:\/\/staging6.peach-pump.com\/wp-content\/uploads\/2024\/04\/7ACDDC23-3BB3-4220-B273-C079DABBAC53-1000x1000.png 1000w, https:\/\/staging6.peach-pump.com\/wp-content\/uploads\/2024\/04\/7ACDDC23-3BB3-4220-B273-C079DABBAC53-300x300.png 300w, https:\/\/staging6.peach-pump.com\/wp-content\/uploads\/2024\/04\/7ACDDC23-3BB3-4220-B273-C079DABBAC53-800x800.png 800w, https:\/\/staging6.peach-pump.com\/wp-content\/uploads\/2024\/04\/7ACDDC23-3BB3-4220-B273-C079DABBAC53-150x150.png 150w, https:\/\/staging6.peach-pump.com\/wp-content\/uploads\/2024\/04\/7ACDDC23-3BB3-4220-B273-C079DABBAC53-768x768.png 768w, https:\/\/staging6.peach-pump.com\/wp-content\/uploads\/2024\/04\/7ACDDC23-3BB3-4220-B273-C079DABBAC53-990x990.png 990w, https:\/\/staging6.peach-pump.com\/wp-content\/uploads\/2024\/04\/7ACDDC23-3BB3-4220-B273-C079DABBAC53-441x441.png 441w, https:\/\/staging6.peach-pump.com\/wp-content\/uploads\/2024\/04\/7ACDDC23-3BB3-4220-B273-C079DABBAC53-100x100.png 100w, https:\/\/staging6.peach-pump.com\/wp-content\/uploads\/2024\/04\/7ACDDC23-3BB3-4220-B273-C079DABBAC53-64x64.png 64w\" sizes=\"auto, (max-width: 553px) 100vw, 553px\" \/><\/a><\/p>\n","protected":false},"excerpt":{"rendered":"<p>Bezszwowy, r\u00f3\u017cowy,sportowy stanik w kolorze &#8220;ash of roses&#8221; z wbudowanymi wk\u0142adkami, kt\u00f3rych nie mo\u017cna wyj\u0105\u0107. Model wykonany jest z mi\u0119kkiego, bardzo elastycznego, oddychaj\u0105cego materia\u0142u, kt\u00f3ry odprowadza pot z cia\u0142a. Stanik mo\u017cna nosi\u0107 r\u00f3wnie\u017c pod ubraniem, posiada niewidoczny kr\u00f3j, a Ty poczujesz pe\u0142en komfort i swobod\u0119 ruch\u00f3w. Rozmiar jest uniwersalny,posiada 4-stopniowe zapi\u0119cie i szeroki \u015bci\u0105gacz. Model [&hellip;]<\/p>\n","protected":false},"featured_media":73089,"comment_status":"open","ping_status":"closed","template":"","meta":[],"product_brand":[],"product_cat":[361],"product_tag":[],"class_list":{"0":"post-73688","1":"product","2":"type-product","3":"status-publish","4":"has-post-thumbnail","6":"product_cat-biustonosz-staniki-sportove","7":"pa_cviat-rozowy","8":"pa_razmer-l-pl","9":"pa_razmer-m-pl-2","10":"pa_razmer-s-pl-2","11":"inventories-world","12":"inventories-uk","14":"first","15":"instock","16":"taxable","17":"shipping-taxable","18":"purchasable","19":"product-type-variable"},"_links":{"self":[{"href":"https:\/\/staging6.peach-pump.com\/pl\/wp-json\/wp\/v2\/product\/73688","targetHints":{"allow":["GET"]}}],"collection":[{"href":"https:\/\/staging6.peach-pump.com\/pl\/wp-json\/wp\/v2\/product"}],"about":[{"href":"https:\/\/staging6.peach-pump.com\/pl\/wp-json\/wp\/v2\/types\/product"}],"replies":[{"embeddable":true,"href":"https:\/\/staging6.peach-pump.com\/pl\/wp-json\/wp\/v2\/comments?post=73688"}],"version-history":[{"count":0,"href":"https:\/\/staging6.peach-pump.com\/pl\/wp-json\/wp\/v2\/product\/73688\/revisions"}],"wp:featuredmedia":[{"embeddable":true,"href":"https:\/\/staging6.peach-pump.com\/pl\/wp-json\/wp\/v2\/media\/73089"}],"wp:attachment":[{"href":"https:\/\/staging6.peach-pump.com\/pl\/wp-json\/wp\/v2\/media?parent=73688"}],"wp:term":[{"taxonomy":"product_brand","embeddable":true,"href":"https:\/\/staging6.peach-pump.com\/pl\/wp-json\/wp\/v2\/product_brand?post=73688"},{"taxonomy":"product_cat","embeddable":true,"href":"https:\/\/staging6.peach-pump.com\/pl\/wp-json\/wp\/v2\/product_cat?post=73688"},{"taxonomy":"product_tag","embeddable":true,"href":"https:\/\/staging6.peach-pump.com\/pl\/wp-json\/wp\/v2\/product_tag?post=73688"}],"curies":[{"name":"wp","href":"https:\/\/api.w.org\/{rel}","templated":true}]}}