{"id":73692,"date":"2024-04-01T00:55:48","date_gmt":"2024-03-31T22:55:48","guid":{"rendered":"https:\/\/staging6.peach-pump.com\/products\/rozowe-bezszwowe-legginsy-efekt-modelujacy-2\/"},"modified":"2025-11-06T22:34:07","modified_gmt":"2025-11-06T20:34:07","slug":"rozowe-bezszwowe-legginsy-efekt-modelujacy-2","status":"publish","type":"product","link":"https:\/\/staging6.peach-pump.com\/pl\/products\/rozowe-bezszwowe-legginsy-efekt-modelujacy-2\/","title":{"rendered":"R\u00f3\u017cowe, bezszwowe legginsy z efektem modeluj\u0105cym"},"content":{"rendered":"<p>R\u00f3\u017cowe, bezszwowe legginsy &#8220;ash of roses&#8221;, z uwielbianym efektem modeluj\u0105cym Peach Pump, doskonale rze\u017abi\u0105 sylwetk\u0119 i zapewniaj\u0105 uczucie lekko\u015bci i komfortu. Legginsy wykonane s\u0105 z obcis\u0142ego, bezszwowego materia\u0142u, maj\u0105 wysoki stan i pr\u0105\u017ckowany pas, kt\u00f3ry \u015bciska i modeluje tali\u0119. Ten model jest odpowiedni na aerobik lub fitness, dzi\u0119ki niemu wyr\u00f3\u017cnisz si\u0119 i zrobisz wra\u017cenie na wszystkich, mo\u017cna go po\u0142\u0105czy\u0107 ze stanikiem w tym samym wzorze lub sprawdzi\u0107 nasze inne propozycje kolorystyczne w kolumnie &#8211; &#8220;Odzie\u017c sportowa&#8221;. Legginsy wykonane s\u0105 z materia\u0142u bardziej obcis\u0142ego, nasz model ma na sobie rozmiar M.<\/p>\n<ul>\n<li>Wysoki stan<\/li>\n<li>Tkanina bez szw\u00f3w<\/li>\n<li>Podnosz\u0105, modeluj\u0105, ukrywaj\u0105 problematyczne obszary<\/li>\n<li>Obejmuj\u0105cy tali\u0119 pr\u0105\u017ckowany pas<\/li>\n<li>Efekt Peachy<\/li>\n<li>Bez szwu z przodu<\/li>\n<li>Termicznie naklejone logo Peach Pump z ty\u0142u leggins\u00f3w<\/li>\n<li>Technologia odprowadzania potu<\/li>\n<\/ul>\n<p>Sk\u0142ad: 80% poliester, 20% elastan.<\/p>\n<p>Legginsy mo\u017cna pra\u0107 w temperaturze do 30 stopni. Nie wybiela\u0107 i nie czy\u015bci\u0107 chemicznie.<\/p>\n<p>Model na zdj\u0119ciu ma 178 cm wzrostu, wa\u017cy 54 kg i prezentuje legginsy w rozmiarze M. Legginsy s\u0105 wykonane z materia\u0142u bardziej obcis\u0142ego.<\/p>\n<p>Aby wybra\u0107 dok\u0142adny rozmiar, skorzystaj z tabel rozmiarowych.<\/p>\n<p><a href=\"https:\/\/staging6.peach-pump.com\/wp-content\/uploads\/2024\/04\/C274427E-CD99-455E-B65B-E536C277DEAA.png\"><img loading=\"lazy\" decoding=\"async\" class=\"alignnone wp-image-72322 \" src=\"https:\/\/staging6.peach-pump.com\/wp-content\/uploads\/2024\/04\/C274427E-CD99-455E-B65B-E536C277DEAA.png\" alt=\"\" width=\"627\" height=\"470\" srcset=\"https:\/\/staging6.peach-pump.com\/wp-content\/uploads\/2024\/04\/C274427E-CD99-455E-B65B-E536C277DEAA.png 1024w, https:\/\/staging6.peach-pump.com\/wp-content\/uploads\/2024\/04\/C274427E-CD99-455E-B65B-E536C277DEAA-480x360.png 480w, https:\/\/staging6.peach-pump.com\/wp-content\/uploads\/2024\/04\/C274427E-CD99-455E-B65B-E536C277DEAA-1000x750.png 1000w, https:\/\/staging6.peach-pump.com\/wp-content\/uploads\/2024\/04\/C274427E-CD99-455E-B65B-E536C277DEAA-400x300.png 400w, https:\/\/staging6.peach-pump.com\/wp-content\/uploads\/2024\/04\/C274427E-CD99-455E-B65B-E536C277DEAA-768x576.png 768w, https:\/\/staging6.peach-pump.com\/wp-content\/uploads\/2024\/04\/C274427E-CD99-455E-B65B-E536C277DEAA-990x743.png 990w, https:\/\/staging6.peach-pump.com\/wp-content\/uploads\/2024\/04\/C274427E-CD99-455E-B65B-E536C277DEAA-441x331.png 441w, https:\/\/staging6.peach-pump.com\/wp-content\/uploads\/2024\/04\/C274427E-CD99-455E-B65B-E536C277DEAA-150x113.png 150w, https:\/\/staging6.peach-pump.com\/wp-content\/uploads\/2024\/04\/C274427E-CD99-455E-B65B-E536C277DEAA-64x48.png 64w\" sizes=\"auto, (max-width: 627px) 100vw, 627px\" \/><\/a><\/p>\n","protected":false},"excerpt":{"rendered":"<p>R\u00f3\u017cowe, bezszwowe legginsy &#8220;ash of roses&#8221;, z uwielbianym efektem modeluj\u0105cym Peach Pump, doskonale rze\u017abi\u0105 sylwetk\u0119 i zapewniaj\u0105 uczucie lekko\u015bci i komfortu. Legginsy wykonane s\u0105 z obcis\u0142ego, bezszwowego materia\u0142u, maj\u0105 wysoki stan i pr\u0105\u017ckowany pas, kt\u00f3ry \u015bciska i modeluje tali\u0119. Ten model jest odpowiedni na aerobik lub fitness, dzi\u0119ki niemu wyr\u00f3\u017cnisz si\u0119 i zrobisz wra\u017cenie na [&hellip;]<\/p>\n","protected":false},"featured_media":72641,"comment_status":"open","ping_status":"closed","template":"","meta":[],"product_brand":[],"product_cat":[144,307],"product_tag":[],"class_list":{"0":"post-73692","1":"product","2":"type-product","3":"status-publish","4":"has-post-thumbnail","6":"product_cat-legginsy-sportowe-damskie","7":"product_cat-legginsy-damskie-dlugie","8":"pa_cviat-rozowy","9":"pa_razmer-l-pl","10":"pa_razmer-m-pl-2","11":"pa_razmer-s-pl-2","12":"inventories-world","13":"inventories-uk","15":"first","16":"instock","17":"taxable","18":"shipping-taxable","19":"purchasable","20":"product-type-variable"},"_links":{"self":[{"href":"https:\/\/staging6.peach-pump.com\/pl\/wp-json\/wp\/v2\/product\/73692","targetHints":{"allow":["GET"]}}],"collection":[{"href":"https:\/\/staging6.peach-pump.com\/pl\/wp-json\/wp\/v2\/product"}],"about":[{"href":"https:\/\/staging6.peach-pump.com\/pl\/wp-json\/wp\/v2\/types\/product"}],"replies":[{"embeddable":true,"href":"https:\/\/staging6.peach-pump.com\/pl\/wp-json\/wp\/v2\/comments?post=73692"}],"version-history":[{"count":0,"href":"https:\/\/staging6.peach-pump.com\/pl\/wp-json\/wp\/v2\/product\/73692\/revisions"}],"wp:featuredmedia":[{"embeddable":true,"href":"https:\/\/staging6.peach-pump.com\/pl\/wp-json\/wp\/v2\/media\/72641"}],"wp:attachment":[{"href":"https:\/\/staging6.peach-pump.com\/pl\/wp-json\/wp\/v2\/media?parent=73692"}],"wp:term":[{"taxonomy":"product_brand","embeddable":true,"href":"https:\/\/staging6.peach-pump.com\/pl\/wp-json\/wp\/v2\/product_brand?post=73692"},{"taxonomy":"product_cat","embeddable":true,"href":"https:\/\/staging6.peach-pump.com\/pl\/wp-json\/wp\/v2\/product_cat?post=73692"},{"taxonomy":"product_tag","embeddable":true,"href":"https:\/\/staging6.peach-pump.com\/pl\/wp-json\/wp\/v2\/product_tag?post=73692"}],"curies":[{"name":"wp","href":"https:\/\/api.w.org\/{rel}","templated":true}]}}