{"id":73700,"date":"2024-04-01T01:14:25","date_gmt":"2024-03-31T23:14:25","guid":{"rendered":"https:\/\/staging6.peach-pump.com\/products\/bezszwowy-sportowy-komplet-rozowy\/"},"modified":"2025-10-23T12:29:36","modified_gmt":"2025-10-23T10:29:36","slug":"bezszwowy-sportowy-komplet-rozowy","status":"publish","type":"product","link":"https:\/\/staging6.peach-pump.com\/pl\/products\/bezszwowy-sportowy-komplet-rozowy\/","title":{"rendered":"Bezszwowy, sportowy komplet w kolorze r\u00f3\u017cowym"},"content":{"rendered":"<p>Damski, bezszwowy,sportowy, dwucze\u015bciowy komplet w kolorze r\u00f3\u017cowym z efektem modeluj\u0105cym i liftinguj\u0105cym. Legginsy wykonane z bezszwowej tkaniny w kolorze &#8221;popielowy r\u00f3\u017c&#8221;, z wysokim stanem i szerokim pr\u0105\u017ckowanym paskiem, kt\u00f3ry delikatnie podkre\u015bla i pi\u0119knie modeluje tali\u0119. Stanik posiada wk\u0142adki, g\u0142\u0119boko wyci\u0119ty ty\u0142 i 4-stopniowe zapi\u0119cie do regulacji obwodu. Zestaw ten doskonale uk\u0142ada si\u0119 na ciele i rze\u017abi sylwetk\u0119, jest wygodny zar\u00f3wno dla pa\u0144 aktywnych fizycznie, jak i do bardziej swobodnych trening\u00f3w cardio i spacer\u00f3w.<\/p>\n<p>Stanik:<\/p>\n<ul>\n<li>Wbudowane wk\u0142adki<\/li>\n<li>Efekt Push-Up<\/li>\n<li>G\u0142\u0119boko wyci\u0119ty ty\u0142<\/li>\n<li>Du\u017ca elastyczno\u015b\u0107<\/li>\n<li>Czterostopniowe zapi\u0119cie<\/li>\n<li>Zgrzewane logo Peach Pump z boku stanika<\/li>\n<li>Technologia odprowadzania potu<\/li>\n<\/ul>\n<p>Legginsy:<\/p>\n<ul>\n<li>Wysoki stan<\/li>\n<li>Tkanina bez szw\u00f3w<\/li>\n<li>Podnosz\u0105, modeluj\u0105, ukrywaj\u0105 problematyczne obszary<\/li>\n<li>Obejmuj\u0105cy tali\u0119 pr\u0105\u017ckowany pas<\/li>\n<li>Efekt Peachy<\/li>\n<li>Bez szwu z przodu<\/li>\n<li>Termicznie naklejone logo Peach Pump z ty\u0142u leggins\u00f3w<\/li>\n<li>Technologia odprowadzania potu<\/li>\n<\/ul>\n<p>Sk\u0142ad: 80% poliester, 20% elastan.<\/p>\n<p>Str\u00f3j mo\u017cna pra\u0107 w temperaturze do 30 stopni. Nie wybiela\u0107. Nie czy\u015bci\u0107 chemicznie.<\/p>\n<p>Modelka na zdj\u0119ciu ma 178 cm wzrostu, wa\u017cy 54 kg i nosi stanik w rozmiarze M, legginsy w rozmiarze M.<\/p>\n<p>Aby wybra\u0107 dok\u0142adny rozmiar, skorzystaj z tabel rozmiarowych.<\/p>\n<p><a href=\"https:\/\/staging6.peach-pump.com\/wp-content\/uploads\/2024\/04\/7ACDDC23-3BB3-4220-B273-C079DABBAC53-800x800.png\"> <\/a><a href=\"https:\/\/staging6.peach-pump.com\/wp-content\/uploads\/2024\/04\/7ACDDC23-3BB3-4220-B273-C079DABBAC53-800x800.png\" target=\"_blank\" rel=\"noopener\"><img loading=\"lazy\" decoding=\"async\" class=\"alignnone wp-image-72618\" src=\"https:\/\/staging6.peach-pump.com\/wp-content\/uploads\/2024\/04\/7ACDDC23-3BB3-4220-B273-C079DABBAC53-800x800.png\" alt=\"\" width=\"500\" height=\"500\" srcset=\"https:\/\/staging6.peach-pump.com\/wp-content\/uploads\/2024\/04\/7ACDDC23-3BB3-4220-B273-C079DABBAC53-800x800.png 800w, https:\/\/staging6.peach-pump.com\/wp-content\/uploads\/2024\/04\/7ACDDC23-3BB3-4220-B273-C079DABBAC53-480x480.png 480w, https:\/\/staging6.peach-pump.com\/wp-content\/uploads\/2024\/04\/7ACDDC23-3BB3-4220-B273-C079DABBAC53-1000x1000.png 1000w, https:\/\/staging6.peach-pump.com\/wp-content\/uploads\/2024\/04\/7ACDDC23-3BB3-4220-B273-C079DABBAC53-300x300.png 300w, https:\/\/staging6.peach-pump.com\/wp-content\/uploads\/2024\/04\/7ACDDC23-3BB3-4220-B273-C079DABBAC53-150x150.png 150w, https:\/\/staging6.peach-pump.com\/wp-content\/uploads\/2024\/04\/7ACDDC23-3BB3-4220-B273-C079DABBAC53-768x768.png 768w, https:\/\/staging6.peach-pump.com\/wp-content\/uploads\/2024\/04\/7ACDDC23-3BB3-4220-B273-C079DABBAC53-990x990.png 990w, https:\/\/staging6.peach-pump.com\/wp-content\/uploads\/2024\/04\/7ACDDC23-3BB3-4220-B273-C079DABBAC53-441x441.png 441w, https:\/\/staging6.peach-pump.com\/wp-content\/uploads\/2024\/04\/7ACDDC23-3BB3-4220-B273-C079DABBAC53-100x100.png 100w, https:\/\/staging6.peach-pump.com\/wp-content\/uploads\/2024\/04\/7ACDDC23-3BB3-4220-B273-C079DABBAC53-64x64.png 64w, https:\/\/staging6.peach-pump.com\/wp-content\/uploads\/2024\/04\/7ACDDC23-3BB3-4220-B273-C079DABBAC53.png 1080w\" sizes=\"auto, (max-width: 500px) 100vw, 500px\" \/><\/a><\/p>\n<p><a href=\"https:\/\/staging6.peach-pump.com\/wp-content\/uploads\/2024\/04\/C274427E-CD99-455E-B65B-E536C277DEAA.png\" target=\"_blank\" rel=\"noopener\"><img loading=\"lazy\" decoding=\"async\" class=\"alignnone wp-image-72322\" src=\"https:\/\/staging6.peach-pump.com\/wp-content\/uploads\/2024\/04\/C274427E-CD99-455E-B65B-E536C277DEAA.png\" alt=\"\" width=\"714\" height=\"536\" srcset=\"https:\/\/staging6.peach-pump.com\/wp-content\/uploads\/2024\/04\/C274427E-CD99-455E-B65B-E536C277DEAA.png 1024w, https:\/\/staging6.peach-pump.com\/wp-content\/uploads\/2024\/04\/C274427E-CD99-455E-B65B-E536C277DEAA-480x360.png 480w, https:\/\/staging6.peach-pump.com\/wp-content\/uploads\/2024\/04\/C274427E-CD99-455E-B65B-E536C277DEAA-1000x750.png 1000w, https:\/\/staging6.peach-pump.com\/wp-content\/uploads\/2024\/04\/C274427E-CD99-455E-B65B-E536C277DEAA-400x300.png 400w, https:\/\/staging6.peach-pump.com\/wp-content\/uploads\/2024\/04\/C274427E-CD99-455E-B65B-E536C277DEAA-768x576.png 768w, https:\/\/staging6.peach-pump.com\/wp-content\/uploads\/2024\/04\/C274427E-CD99-455E-B65B-E536C277DEAA-990x743.png 990w, https:\/\/staging6.peach-pump.com\/wp-content\/uploads\/2024\/04\/C274427E-CD99-455E-B65B-E536C277DEAA-441x331.png 441w, https:\/\/staging6.peach-pump.com\/wp-content\/uploads\/2024\/04\/C274427E-CD99-455E-B65B-E536C277DEAA-150x113.png 150w, https:\/\/staging6.peach-pump.com\/wp-content\/uploads\/2024\/04\/C274427E-CD99-455E-B65B-E536C277DEAA-64x48.png 64w\" sizes=\"auto, (max-width: 714px) 100vw, 714px\" \/><\/a><\/p>\n","protected":false},"excerpt":{"rendered":"<p>Damski, bezszwowy,sportowy, dwucze\u015bciowy komplet w kolorze r\u00f3\u017cowym z efektem modeluj\u0105cym i liftinguj\u0105cym. Legginsy wykonane z bezszwowej tkaniny w kolorze &#8221;popielowy r\u00f3\u017c&#8221;, z wysokim stanem i szerokim pr\u0105\u017ckowanym paskiem, kt\u00f3ry delikatnie podkre\u015bla i pi\u0119knie modeluje tali\u0119. Stanik posiada wk\u0142adki, g\u0142\u0119boko wyci\u0119ty ty\u0142 i 4-stopniowe zapi\u0119cie do regulacji obwodu. Zestaw ten doskonale uk\u0142ada si\u0119 na ciele i [&hellip;]<\/p>\n","protected":false},"featured_media":72662,"comment_status":"open","ping_status":"closed","template":"","meta":[],"product_brand":[],"product_cat":[362,364],"product_tag":[],"class_list":{"0":"post-73700","1":"product","2":"type-product","3":"status-publish","4":"has-post-thumbnail","6":"product_cat-komplety-sportowe-damskie","7":"product_cat-omplet-sportowy-top-legginsy","8":"inventories-world","9":"inventories-uk","11":"first","12":"instock","13":"virtual","14":"taxable","15":"purchasable","16":"product-type-yith_bundle"},"_links":{"self":[{"href":"https:\/\/staging6.peach-pump.com\/pl\/wp-json\/wp\/v2\/product\/73700","targetHints":{"allow":["GET"]}}],"collection":[{"href":"https:\/\/staging6.peach-pump.com\/pl\/wp-json\/wp\/v2\/product"}],"about":[{"href":"https:\/\/staging6.peach-pump.com\/pl\/wp-json\/wp\/v2\/types\/product"}],"replies":[{"embeddable":true,"href":"https:\/\/staging6.peach-pump.com\/pl\/wp-json\/wp\/v2\/comments?post=73700"}],"version-history":[{"count":0,"href":"https:\/\/staging6.peach-pump.com\/pl\/wp-json\/wp\/v2\/product\/73700\/revisions"}],"wp:featuredmedia":[{"embeddable":true,"href":"https:\/\/staging6.peach-pump.com\/pl\/wp-json\/wp\/v2\/media\/72662"}],"wp:attachment":[{"href":"https:\/\/staging6.peach-pump.com\/pl\/wp-json\/wp\/v2\/media?parent=73700"}],"wp:term":[{"taxonomy":"product_brand","embeddable":true,"href":"https:\/\/staging6.peach-pump.com\/pl\/wp-json\/wp\/v2\/product_brand?post=73700"},{"taxonomy":"product_cat","embeddable":true,"href":"https:\/\/staging6.peach-pump.com\/pl\/wp-json\/wp\/v2\/product_cat?post=73700"},{"taxonomy":"product_tag","embeddable":true,"href":"https:\/\/staging6.peach-pump.com\/pl\/wp-json\/wp\/v2\/product_tag?post=73700"}],"curies":[{"name":"wp","href":"https:\/\/api.w.org\/{rel}","templated":true}]}}