{"id":73702,"date":"2024-04-06T14:24:03","date_gmt":"2024-04-06T12:24:03","guid":{"rendered":"https:\/\/staging6.peach-pump.com\/?post_type=product&#038;p=73702"},"modified":"2025-10-02T13:25:00","modified_gmt":"2025-10-02T11:25:00","slug":"damska-koszulka-z-napisami-biala-z-rozowym","status":"publish","type":"product","link":"https:\/\/staging6.peach-pump.com\/pl\/products\/damska-koszulka-z-napisami-biala-z-rozowym\/","title":{"rendered":"Damska koszulka z napisami, bia\u0142a z r\u00f3\u017cowym"},"content":{"rendered":"<p>Damska, bawe\u0142niana koszulka z nadrukiem i dekoltem w kszta\u0142cie litery V, bia\u0142a z r\u00f3\u017cowym logo, mankietem i haftem 3D. Limitowana, sportowa koszulka Peach Pump, w kt\u00f3rej poczujesz si\u0119 komfortowo, swobodnie i seksownie. Ten wz\u00f3r doskonale komponuje si\u0119 z szortami lub legginsami marki, zapewniaj\u0105c idealne wyko\u0144czenie stroju, odpowiednie zar\u00f3wno do uprawiania sportu, jak i rekreacji.<\/p>\n<ul>\n<li>Bawe\u0142niana koszulka<\/li>\n<li>Dekolt w kszta\u0142cie litery V z mankietem<\/li>\n<li>Haft 3D Peach Pump<\/li>\n<li>Lu\u017any kr\u00f3j<\/li>\n<li>Kr\u00f3tki r\u0119kaw<\/li>\n<\/ul>\n<p>Sk\u0142ad: 95% bawe\u0142na, 5% elastan<\/p>\n<p>Bluze mo\u017cna pra\u0107 w temperaturze do 30 stopni. Nie wybiela\u0107. Nie czy\u015bci\u0107 chemicznie.<\/p>\n<p>Modelka na zdj\u0119ciu ma 170 wzrostu, wa\u017cy 49 kg i nosi rozmiar S.<\/p>\n<p>Aby wybra\u0107 dok\u0142adny rozmiar, skorzystaj z tabel rozmiarowych.<\/p>\n","protected":false},"excerpt":{"rendered":"<p>Damska, bawe\u0142niana koszulka z nadrukiem i dekoltem w kszta\u0142cie litery V, bia\u0142a z r\u00f3\u017cowym logo, mankietem i haftem 3D. Limitowana, sportowa koszulka Peach Pump, w kt\u00f3rej poczujesz si\u0119 komfortowo, swobodnie i seksownie. Ten wz\u00f3r doskonale komponuje si\u0119 z szortami lub legginsami marki, zapewniaj\u0105c idealne wyko\u0144czenie stroju, odpowiednie zar\u00f3wno do uprawiania sportu, jak i rekreacji. Bawe\u0142niana [&hellip;]<\/p>\n","protected":false},"featured_media":76188,"comment_status":"open","ping_status":"closed","template":"","meta":[],"product_brand":[],"product_cat":[360],"product_tag":[],"class_list":{"0":"post-73702","1":"product","2":"type-product","3":"status-publish","4":"has-post-thumbnail","6":"product_cat-bluzki-koszulki-fitness-sportowe","7":"pa_cviat-rozowy","8":"pa_razmer-m-pl-2","9":"pa_razmer-s-pl-2","10":"inventories-world","11":"inventories-uk","13":"first","14":"instock","15":"taxable","16":"shipping-taxable","17":"purchasable","18":"product-type-variable"},"_links":{"self":[{"href":"https:\/\/staging6.peach-pump.com\/en\/wp-json\/wp\/v2\/product\/73702","targetHints":{"allow":["GET"]}}],"collection":[{"href":"https:\/\/staging6.peach-pump.com\/en\/wp-json\/wp\/v2\/product"}],"about":[{"href":"https:\/\/staging6.peach-pump.com\/en\/wp-json\/wp\/v2\/types\/product"}],"replies":[{"embeddable":true,"href":"https:\/\/staging6.peach-pump.com\/en\/wp-json\/wp\/v2\/comments?post=73702"}],"version-history":[{"count":0,"href":"https:\/\/staging6.peach-pump.com\/en\/wp-json\/wp\/v2\/product\/73702\/revisions"}],"wp:featuredmedia":[{"embeddable":true,"href":"https:\/\/staging6.peach-pump.com\/en\/wp-json\/wp\/v2\/media\/76188"}],"wp:attachment":[{"href":"https:\/\/staging6.peach-pump.com\/en\/wp-json\/wp\/v2\/media?parent=73702"}],"wp:term":[{"taxonomy":"product_brand","embeddable":true,"href":"https:\/\/staging6.peach-pump.com\/en\/wp-json\/wp\/v2\/product_brand?post=73702"},{"taxonomy":"product_cat","embeddable":true,"href":"https:\/\/staging6.peach-pump.com\/en\/wp-json\/wp\/v2\/product_cat?post=73702"},{"taxonomy":"product_tag","embeddable":true,"href":"https:\/\/staging6.peach-pump.com\/en\/wp-json\/wp\/v2\/product_tag?post=73702"}],"curies":[{"name":"wp","href":"https:\/\/api.w.org\/{rel}","templated":true}]}}