{"id":73775,"date":"2024-04-06T14:52:18","date_gmt":"2024-04-06T12:52:18","guid":{"rendered":"https:\/\/staging6.peach-pump.com\/?post_type=product&#038;p=73775"},"modified":"2025-11-09T13:54:39","modified_gmt":"2025-11-09T11:54:39","slug":"niebieskie-damskie-szorty-z-kieszeniami","status":"publish","type":"product","link":"https:\/\/staging6.peach-pump.com\/pl\/products\/niebieskie-damskie-szorty-z-kieszeniami\/","title":{"rendered":"Niebieskie, damskie szorty z kieszeniami"},"content":{"rendered":"<p>Niebieskie, damskie sportowe szorty. Model ma kieszenie z przodu i haft Peach Pump na kieszeni. Spodnie maj\u0105 sznurki \u015bci\u0105gaj\u0105ce, kt\u00f3re mo\u017cna zacisn\u0105\u0107 na talii dla wi\u0119kszego komfortu i wygody podczas \u0107wicze\u0144. Model ten doskonale komponuje si\u0119 z nasz\u0105 bluzk\u0105 Peach Pump z dekoldem w kszta\u0142cie V lub kr\u00f3tk\u0105 koszulk\u0105 Crop Top, zapewniaj\u0105c doskona\u0142e wyko\u0144czenie stylizacji, odpowiednie zar\u00f3wno na fitness, jak i w czasie wolnym.<\/p>\n<ul>\n<li>Bawe\u0142niane szorty<\/li>\n<li>Efektowny kr\u00f3j<\/li>\n<li>Kieszenie z przodu<\/li>\n<li>Haftowane logo Peach Pump<\/li>\n<li>Wi\u0105zania do zaci\u015bni\u0119cia w talii<\/li>\n<\/ul>\n<p>Sk\u0142ad: 95% bawe\u0142na, 5% elastan<\/p>\n<p>Spodnie mo\u017cna pra\u0107 w temperaturze do 30 stopni, nie nale\u017cy u\u017cywa\u0107 wybielaczy ani czy\u015bci\u0107 chemicznie.<\/p>\n<p>Modelka na zdj\u0119ciu ma 170 wzrostu, wa\u017cy 49 kg i nosi rozmiar S.<\/p>\n<p>Aby wybra\u0107 dok\u0142adny rozmiar, skorzystaj z tabel rozmiarowych.<\/p>\n","protected":false},"excerpt":{"rendered":"<p>Niebieskie, damskie sportowe szorty. Model ma kieszenie z przodu i haft Peach Pump na kieszeni. Spodnie maj\u0105 sznurki \u015bci\u0105gaj\u0105ce, kt\u00f3re mo\u017cna zacisn\u0105\u0107 na talii dla wi\u0119kszego komfortu i wygody podczas \u0107wicze\u0144. Model ten doskonale komponuje si\u0119 z nasz\u0105 bluzk\u0105 Peach Pump z dekoldem w kszta\u0142cie V lub kr\u00f3tk\u0105 koszulk\u0105 Crop Top, zapewniaj\u0105c doskona\u0142e wyko\u0144czenie stylizacji, [&hellip;]<\/p>\n","protected":false},"featured_media":73911,"comment_status":"open","ping_status":"closed","template":"","meta":[],"product_brand":[],"product_cat":[201,144,190],"product_tag":[],"class_list":{"0":"post-73775","1":"product","2":"type-product","3":"status-publish","4":"has-post-thumbnail","6":"product_cat-krotkie-legginsy","7":"product_cat-legginsy-sportowe-damskie","8":"product_cat-legginsy-z-kieszeniami","9":"pa_cviat-niebieski","10":"pa_razmer-m-pl-2","11":"pa_razmer-s-pl-2","12":"inventories-world","13":"inventories-uk","15":"first","16":"instock","17":"sale","18":"taxable","19":"shipping-taxable","20":"purchasable","21":"product-type-variable"},"_links":{"self":[{"href":"https:\/\/staging6.peach-pump.com\/pl\/wp-json\/wp\/v2\/product\/73775","targetHints":{"allow":["GET"]}}],"collection":[{"href":"https:\/\/staging6.peach-pump.com\/pl\/wp-json\/wp\/v2\/product"}],"about":[{"href":"https:\/\/staging6.peach-pump.com\/pl\/wp-json\/wp\/v2\/types\/product"}],"replies":[{"embeddable":true,"href":"https:\/\/staging6.peach-pump.com\/pl\/wp-json\/wp\/v2\/comments?post=73775"}],"version-history":[{"count":0,"href":"https:\/\/staging6.peach-pump.com\/pl\/wp-json\/wp\/v2\/product\/73775\/revisions"}],"wp:featuredmedia":[{"embeddable":true,"href":"https:\/\/staging6.peach-pump.com\/pl\/wp-json\/wp\/v2\/media\/73911"}],"wp:attachment":[{"href":"https:\/\/staging6.peach-pump.com\/pl\/wp-json\/wp\/v2\/media?parent=73775"}],"wp:term":[{"taxonomy":"product_brand","embeddable":true,"href":"https:\/\/staging6.peach-pump.com\/pl\/wp-json\/wp\/v2\/product_brand?post=73775"},{"taxonomy":"product_cat","embeddable":true,"href":"https:\/\/staging6.peach-pump.com\/pl\/wp-json\/wp\/v2\/product_cat?post=73775"},{"taxonomy":"product_tag","embeddable":true,"href":"https:\/\/staging6.peach-pump.com\/pl\/wp-json\/wp\/v2\/product_tag?post=73775"}],"curies":[{"name":"wp","href":"https:\/\/api.w.org\/{rel}","templated":true}]}}