{"id":73784,"date":"2024-04-06T15:39:41","date_gmt":"2024-04-06T13:39:41","guid":{"rendered":"https:\/\/staging6.peach-pump.com\/?post_type=product&#038;p=73784"},"modified":"2025-11-06T20:57:06","modified_gmt":"2025-11-06T18:57:06","slug":"krotka-czarna-sportowa-bluza","status":"publish","type":"product","link":"https:\/\/staging6.peach-pump.com\/pl\/products\/krotka-czarna-sportowa-bluza\/","title":{"rendered":"Kr\u00f3tka, czarna, sportowa bluza z haftem Peach Pump"},"content":{"rendered":"<p>Kr\u00f3tka, czarna, sportowa bluza z napisem, efektowny szary haft 3D Peach Pump. Ten Crop Top jest bawe\u0142niany, przyjemny w dotyku i idealny na cieplejsze dni. Nadaje si\u0119 zar\u00f3wno na spacer rekreacyjny, jak i trening na si\u0142owni, poczujesz si\u0119 w nim komfortowo i seksownie. Wz\u00f3r idealnie komponuje si\u0119 z szortami lub legginsami marki, aby dope\u0142ni\u0107 idealny wygl\u0105d.<\/p>\n<ul>\n<li>Crop Top<\/li>\n<li>Efektowny kr\u00f3j<\/li>\n<li>Haftowany napis 3D i logo Peach Pump z przodu<\/li>\n<li>Tkanina bawe\u0142niana<\/li>\n<\/ul>\n<p>95% bawe\u0142na, 5% elastan<\/p>\n<p>Bluze mo\u017cna pra\u0107 w temperaturze do 30 stopni. Nie wybiela\u0107. Nie czy\u015bci\u0107 chemicznie.<\/p>\n<p>Modelka na zdj\u0119ciu ma 170 wzrostu, wa\u017cy 49 kg i nosi rozmiar S.<\/p>\n<p>Aby wybra\u0107 dok\u0142adny rozmiar, skorzystaj z tabel rozmiarowych.<\/p>\n","protected":false},"excerpt":{"rendered":"<p>Kr\u00f3tka, czarna, sportowa bluza z napisem, efektowny szary haft 3D Peach Pump. Ten Crop Top jest bawe\u0142niany, przyjemny w dotyku i idealny na cieplejsze dni. Nadaje si\u0119 zar\u00f3wno na spacer rekreacyjny, jak i trening na si\u0142owni, poczujesz si\u0119 w nim komfortowo i seksownie. Wz\u00f3r idealnie komponuje si\u0119 z szortami lub legginsami marki, aby dope\u0142ni\u0107 idealny [&hellip;]<\/p>\n","protected":false},"featured_media":74018,"comment_status":"open","ping_status":"closed","template":"","meta":[],"product_brand":[],"product_cat":[360],"product_tag":[],"class_list":{"0":"post-73784","1":"product","2":"type-product","3":"status-publish","4":"has-post-thumbnail","6":"product_cat-bluzki-koszulki-fitness-sportowe","7":"pa_cviat-czarny","8":"pa_razmer-m-pl-2","9":"pa_razmer-s-pl-2","10":"inventories-world","11":"inventories-uk","13":"first","14":"instock","15":"sale","16":"taxable","17":"shipping-taxable","18":"purchasable","19":"product-type-variable"},"_links":{"self":[{"href":"https:\/\/staging6.peach-pump.com\/en\/wp-json\/wp\/v2\/product\/73784","targetHints":{"allow":["GET"]}}],"collection":[{"href":"https:\/\/staging6.peach-pump.com\/en\/wp-json\/wp\/v2\/product"}],"about":[{"href":"https:\/\/staging6.peach-pump.com\/en\/wp-json\/wp\/v2\/types\/product"}],"replies":[{"embeddable":true,"href":"https:\/\/staging6.peach-pump.com\/en\/wp-json\/wp\/v2\/comments?post=73784"}],"version-history":[{"count":0,"href":"https:\/\/staging6.peach-pump.com\/en\/wp-json\/wp\/v2\/product\/73784\/revisions"}],"wp:featuredmedia":[{"embeddable":true,"href":"https:\/\/staging6.peach-pump.com\/en\/wp-json\/wp\/v2\/media\/74018"}],"wp:attachment":[{"href":"https:\/\/staging6.peach-pump.com\/en\/wp-json\/wp\/v2\/media?parent=73784"}],"wp:term":[{"taxonomy":"product_brand","embeddable":true,"href":"https:\/\/staging6.peach-pump.com\/en\/wp-json\/wp\/v2\/product_brand?post=73784"},{"taxonomy":"product_cat","embeddable":true,"href":"https:\/\/staging6.peach-pump.com\/en\/wp-json\/wp\/v2\/product_cat?post=73784"},{"taxonomy":"product_tag","embeddable":true,"href":"https:\/\/staging6.peach-pump.com\/en\/wp-json\/wp\/v2\/product_tag?post=73784"}],"curies":[{"name":"wp","href":"https:\/\/api.w.org\/{rel}","templated":true}]}}