{"id":78321,"date":"2024-05-01T22:38:51","date_gmt":"2024-05-01T20:38:51","guid":{"rendered":"https:\/\/staging6.peach-pump.com\/products\/damskie-ciemnoniebieskie-legginsy\/"},"modified":"2025-11-10T19:45:45","modified_gmt":"2025-11-10T17:45:45","slug":"damskie-ciemnoniebieskie-legginsy","status":"publish","type":"product","link":"https:\/\/staging6.peach-pump.com\/pl\/products\/damskie-ciemnoniebieskie-legginsy\/","title":{"rendered":"Bezszwowe, ciemnoniebieskie, damskie legginsy z efektem modeluj\u0105cym Peach Pump"},"content":{"rendered":"<p>Sportowe, damskie legginsy w intensywnym ciemnoniebieskim kolorze wykonane z bezszwowego, elastycznego i mi\u0119kkiego w dotyku materia\u0142u. Model ten doskonale kszta\u0142tuje sylwetk\u0119, posiada szeroki, pr\u0105\u017ckowany pas z grawerowanym napisem &#8220;Peach Pump&#8221;, kt\u00f3ry delikatnie \u015bci\u0105ga tali\u0119. Materia\u0142 leggins\u00f3w ukrywa problematyczne obszary, odprowadza wilgo\u0107 z cia\u0142a i ma elementy, kt\u00f3re modeluj\u0105 po\u015bladki w kszta\u0142cie brzoskwini, zapewniaj\u0105c pi\u0119kn\u0105 i zgrabn\u0105 sylwetk\u0119. Z tym modelem poczujesz si\u0119 komfortowo i pewnie. Mo\u017cesz dopasowa\u0107 legginsy do biustonosza w tym samym wzorze lub sprawi\u0107, \u017ce Tw\u00f3j w\u0142asny str\u00f3j sportowy b\u0119dzie wyrazisty i inny dzi\u0119ki naszej szerokiej kolekcji kurtek, stanik\u00f3w sportowych i akcesori\u00f3w.<\/p>\n<ul>\n<li>Wysoki stan<\/li>\n<li>Tkanina bez szw\u00f3w<\/li>\n<li>Podnosz\u0105, modeluj\u0105, ukrywaj\u0105 problematyczne obszary<\/li>\n<li>Pr\u0105\u017ckowany pas obejmuj\u0105cy talie<\/li>\n<li>Efekt Peachy<\/li>\n<li>Bez szwu z przodu<\/li>\n<li>Termicznie naklejone logo Peach Pump z ty\u0142u leggins\u00f3w<\/li>\n<li>Tkany napis &#8220;Peach Pump&#8221; na pasku<\/li>\n<li>Tkanina odprowadzaj\u0105ca wilgo\u0107 z cia\u0142a<\/li>\n<\/ul>\n<p>Sk\u0142ad: 80% poliester 20% elastan<\/p>\n<p>Legginsy mo\u017cna pra\u0107 w temperaturze do 30 stopni. Nie wybiela\u0107 i nie czy\u015bci\u0107 chemicznie.<\/p>\n<p>Modelka na zdj\u0119ciu ma 178 cm wzrostu, wa\u017cy 54 kg i nosi legginsy w rozmiarze S.<\/p>\n<p>Aby wybra\u0107 dok\u0142adny rozmiar, skorzystaj z tabel rozmiarowych.<\/p>\n","protected":false},"excerpt":{"rendered":"<p>Sportowe, damskie legginsy w intensywnym ciemnoniebieskim kolorze wykonane z bezszwowego, elastycznego i mi\u0119kkiego w dotyku materia\u0142u. Model ten doskonale kszta\u0142tuje sylwetk\u0119, posiada szeroki, pr\u0105\u017ckowany pas z grawerowanym napisem &#8220;Peach Pump&#8221;, kt\u00f3ry delikatnie \u015bci\u0105ga tali\u0119. Materia\u0142 leggins\u00f3w ukrywa problematyczne obszary, odprowadza wilgo\u0107 z cia\u0142a i ma elementy, kt\u00f3re modeluj\u0105 po\u015bladki w kszta\u0142cie brzoskwini, zapewniaj\u0105c pi\u0119kn\u0105 i [&hellip;]<\/p>\n","protected":false},"featured_media":75360,"comment_status":"open","ping_status":"closed","template":"","meta":[],"product_brand":[],"product_cat":[144,307],"product_tag":[],"class_list":{"0":"post-78321","1":"product","2":"type-product","3":"status-publish","4":"has-post-thumbnail","6":"product_cat-legginsy-sportowe-damskie","7":"product_cat-legginsy-damskie-dlugie","8":"pa_razmer-m-pl-2","9":"pa_razmer-s-pl-2","10":"inventories-world","11":"inventories-uk","13":"first","14":"instock","15":"taxable","16":"shipping-taxable","17":"purchasable","18":"product-type-variable"},"_links":{"self":[{"href":"https:\/\/staging6.peach-pump.com\/en\/wp-json\/wp\/v2\/product\/78321","targetHints":{"allow":["GET"]}}],"collection":[{"href":"https:\/\/staging6.peach-pump.com\/en\/wp-json\/wp\/v2\/product"}],"about":[{"href":"https:\/\/staging6.peach-pump.com\/en\/wp-json\/wp\/v2\/types\/product"}],"replies":[{"embeddable":true,"href":"https:\/\/staging6.peach-pump.com\/en\/wp-json\/wp\/v2\/comments?post=78321"}],"version-history":[{"count":0,"href":"https:\/\/staging6.peach-pump.com\/en\/wp-json\/wp\/v2\/product\/78321\/revisions"}],"wp:featuredmedia":[{"embeddable":true,"href":"https:\/\/staging6.peach-pump.com\/en\/wp-json\/wp\/v2\/media\/75360"}],"wp:attachment":[{"href":"https:\/\/staging6.peach-pump.com\/en\/wp-json\/wp\/v2\/media?parent=78321"}],"wp:term":[{"taxonomy":"product_brand","embeddable":true,"href":"https:\/\/staging6.peach-pump.com\/en\/wp-json\/wp\/v2\/product_brand?post=78321"},{"taxonomy":"product_cat","embeddable":true,"href":"https:\/\/staging6.peach-pump.com\/en\/wp-json\/wp\/v2\/product_cat?post=78321"},{"taxonomy":"product_tag","embeddable":true,"href":"https:\/\/staging6.peach-pump.com\/en\/wp-json\/wp\/v2\/product_tag?post=78321"}],"curies":[{"name":"wp","href":"https:\/\/api.w.org\/{rel}","templated":true}]}}