{"id":79422,"date":"2024-05-14T21:29:52","date_gmt":"2024-05-14T19:29:52","guid":{"rendered":"https:\/\/staging6.peach-pump.com\/products\/biala-ucieta-bluza\/"},"modified":"2025-10-14T12:52:10","modified_gmt":"2025-10-14T10:52:10","slug":"biala-ucieta-bluza","status":"publish","type":"product","link":"https:\/\/staging6.peach-pump.com\/pl\/products\/biala-ucieta-bluza\/","title":{"rendered":"Bia\u0142a, uci\u0119ta bluza z delikatnym haftem"},"content":{"rendered":"<p>Sportowa, bia\u0142a, uci\u0119ta bluza z szerokimi r\u0119kawami wykonana w 100% z bawe\u0142ny. Ten modny model bluzy sportowej ma rozci\u0119cie na jednym ramieniu, efektowny haft 3D z delikatnymi literami. Mo\u017cna j\u0105 za\u0142o\u017cy\u0107 na str\u00f3j sportowy na si\u0142owni lub podczas spaceru. Wygoda i swoboda ruchu.<\/p>\n<ul>\n<li>Rozci\u0119cie na ramieniu<\/li>\n<li>Efektowny haft 3D z delikatnymi literami<\/li>\n<li>Uci\u0119ta bluza<\/li>\n<li>Szerokie r\u0119kawy<\/li>\n<li>Rozmiar uniwersalny<\/li>\n<\/ul>\n<p>100% bawe\u0142na<\/p>\n<p>Bluz\u0119 mo\u017cna pra\u0107 w temperaturze do 30 stopni, nie nale\u017cy u\u017cywa\u0107 wybielaczy ani czy\u015bci\u0107 chemicznie.<\/p>\n<p>Modelka na zdj\u0119ciu ma 178 wzrostu i wa\u017cy 54 kg.<\/p>\n<p>&nbsp;<\/p>\n","protected":false},"excerpt":{"rendered":"<p>Sportowa, bia\u0142a, uci\u0119ta bluza z szerokimi r\u0119kawami wykonana w 100% z bawe\u0142ny. Ten modny model bluzy sportowej ma rozci\u0119cie na jednym ramieniu, efektowny haft 3D z delikatnymi literami. Mo\u017cna j\u0105 za\u0142o\u017cy\u0107 na str\u00f3j sportowy na si\u0142owni lub podczas spaceru. Wygoda i swoboda ruchu. Rozci\u0119cie na ramieniu Efektowny haft 3D z delikatnymi literami Uci\u0119ta bluza Szerokie [&hellip;]<\/p>\n","protected":false},"featured_media":77891,"comment_status":"open","ping_status":"closed","template":"","meta":[],"product_brand":[],"product_cat":[1120,360],"product_tag":[],"class_list":{"0":"post-79422","1":"product","2":"type-product","3":"status-publish","4":"has-post-thumbnail","6":"product_cat-dresy-damskie-hoodies","7":"product_cat-bluzki-koszulki-fitness-sportowe","8":"pa_cviat-bialy-pl","9":"pa_razmer-one-size-pl","10":"inventories-world","11":"inventories-uk","13":"first","14":"instock","15":"taxable","16":"shipping-taxable","17":"purchasable","18":"product-type-variable"},"_links":{"self":[{"href":"https:\/\/staging6.peach-pump.com\/pl\/wp-json\/wp\/v2\/product\/79422","targetHints":{"allow":["GET"]}}],"collection":[{"href":"https:\/\/staging6.peach-pump.com\/pl\/wp-json\/wp\/v2\/product"}],"about":[{"href":"https:\/\/staging6.peach-pump.com\/pl\/wp-json\/wp\/v2\/types\/product"}],"replies":[{"embeddable":true,"href":"https:\/\/staging6.peach-pump.com\/pl\/wp-json\/wp\/v2\/comments?post=79422"}],"version-history":[{"count":0,"href":"https:\/\/staging6.peach-pump.com\/pl\/wp-json\/wp\/v2\/product\/79422\/revisions"}],"wp:featuredmedia":[{"embeddable":true,"href":"https:\/\/staging6.peach-pump.com\/pl\/wp-json\/wp\/v2\/media\/77891"}],"wp:attachment":[{"href":"https:\/\/staging6.peach-pump.com\/pl\/wp-json\/wp\/v2\/media?parent=79422"}],"wp:term":[{"taxonomy":"product_brand","embeddable":true,"href":"https:\/\/staging6.peach-pump.com\/pl\/wp-json\/wp\/v2\/product_brand?post=79422"},{"taxonomy":"product_cat","embeddable":true,"href":"https:\/\/staging6.peach-pump.com\/pl\/wp-json\/wp\/v2\/product_cat?post=79422"},{"taxonomy":"product_tag","embeddable":true,"href":"https:\/\/staging6.peach-pump.com\/pl\/wp-json\/wp\/v2\/product_tag?post=79422"}],"curies":[{"name":"wp","href":"https:\/\/api.w.org\/{rel}","templated":true}]}}