{"id":82577,"date":"2024-06-25T12:31:20","date_gmt":"2024-06-25T10:31:20","guid":{"rendered":"https:\/\/staging6.peach-pump.com\/products\/czarne-legginsy-typu-charleston-modelujace\/"},"modified":"2025-11-07T00:13:17","modified_gmt":"2025-11-06T22:13:17","slug":"czarne-legginsy-typu-charleston-modelujace","status":"publish","type":"product","link":"https:\/\/staging6.peach-pump.com\/pl\/products\/czarne-legginsy-typu-charleston-modelujace\/","title":{"rendered":"Czarne legginsy typu Charleston z efektem modeluj\u0105cym"},"content":{"rendered":"<p>Bezszwowe, czarne legginsy typu Charleston z efektem podnoszacym modeluj\u0105cym Peach Pump. Ten wz\u00f3r modeluje sylwetk\u0119, wyd\u0142u\u017caj\u0105c nogi i podkre\u015blaj\u0105c tali\u0119. Bardzo modne i efektowne w tym sezonie. Mo\u017cna je po\u0142\u0105czy\u0107 z biustonoszem z naszej nowej kolekcji. Materia\u0142 leggins\u00f3w jest oddychaj\u0105cy, bardzo rozci\u0105gliwy i odprowadza wilgo\u0107 z cia\u0142a, zapewniaj\u0105c pe\u0142n\u0105 swobod\u0119 ruch\u00f3w, pozostawiaj\u0105c uczucie pewno\u015bci siebie i seksapilu. Nadaje si\u0119 do treningu lub spaceru po parku.<\/p>\n<ul>\n<li>Szeroka nogawka typu Charleston<\/li>\n<li>Bez szwu z przodu<\/li>\n<li>Modeluj\u0105 i ukrywaj\u0105 problematyczne obszary<\/li>\n<li>Elastyczny materia\u0142<\/li>\n<li>Peachy efekt<\/li>\n<li>Termicznie naklejone logo Peach Pump z ty\u0142u leggins\u00f3w<\/li>\n<li>Napis Peach Pump z przodu uda<\/li>\n<li>Tkanina odprowadzaj\u0105ca wilgo\u0107 z cia\u0142a<\/li>\n<li>Ciekawy kr\u00f3j<\/li>\n<li>Wysoki stan<\/li>\n<\/ul>\n<p>Sk\u0142ad: 80% poliester, 20% elastan.<\/p>\n<p>Modelka 1: na zdj\u0119ciu ma 167 cm wzrostu, wa\u017cy 52 kg i nosi rozmiar S.<\/p>\n<p>Modelka 2: na zdj\u0119ciu ma 178 cm wzrostu, wa\u017cy 56 kg i nosi rozmiar M.<\/p>\n<p>Legginsy mo\u017cna pra\u0107 w temperaturze do 30 stopni. Nie wybiela\u0107. Nie czy\u015bci\u0107 chemicznie.<\/p>\n<p>Aby wybra\u0107 dok\u0142adny rozmiar, skorzystaj z tabel rozmiarowych.<\/p>\n<p>&nbsp;<\/p>\n","protected":false},"excerpt":{"rendered":"<p>Bezszwowe, czarne legginsy typu Charleston z efektem podnoszacym modeluj\u0105cym Peach Pump. Ten wz\u00f3r modeluje sylwetk\u0119, wyd\u0142u\u017caj\u0105c nogi i podkre\u015blaj\u0105c tali\u0119. Bardzo modne i efektowne w tym sezonie. Mo\u017cna je po\u0142\u0105czy\u0107 z biustonoszem z naszej nowej kolekcji. Materia\u0142 leggins\u00f3w jest oddychaj\u0105cy, bardzo rozci\u0105gliwy i odprowadza wilgo\u0107 z cia\u0142a, zapewniaj\u0105c pe\u0142n\u0105 swobod\u0119 ruch\u00f3w, pozostawiaj\u0105c uczucie pewno\u015bci siebie [&hellip;]<\/p>\n","protected":false},"featured_media":81894,"comment_status":"open","ping_status":"closed","template":"","meta":[],"product_brand":[],"product_cat":[144,307],"product_tag":[],"class_list":{"0":"post-82577","1":"product","2":"type-product","3":"status-publish","4":"has-post-thumbnail","6":"product_cat-legginsy-sportowe-damskie","7":"product_cat-legginsy-damskie-dlugie","8":"pa_cviat-czarny","9":"pa_razmer-l-pl","10":"pa_razmer-m-pl-2","11":"pa_razmer-s-pl-2","12":"inventories-world","13":"inventories-uk","15":"first","16":"instock","17":"taxable","18":"shipping-taxable","19":"purchasable","20":"product-type-variable"},"_links":{"self":[{"href":"https:\/\/staging6.peach-pump.com\/en\/wp-json\/wp\/v2\/product\/82577","targetHints":{"allow":["GET"]}}],"collection":[{"href":"https:\/\/staging6.peach-pump.com\/en\/wp-json\/wp\/v2\/product"}],"about":[{"href":"https:\/\/staging6.peach-pump.com\/en\/wp-json\/wp\/v2\/types\/product"}],"replies":[{"embeddable":true,"href":"https:\/\/staging6.peach-pump.com\/en\/wp-json\/wp\/v2\/comments?post=82577"}],"version-history":[{"count":0,"href":"https:\/\/staging6.peach-pump.com\/en\/wp-json\/wp\/v2\/product\/82577\/revisions"}],"wp:featuredmedia":[{"embeddable":true,"href":"https:\/\/staging6.peach-pump.com\/en\/wp-json\/wp\/v2\/media\/81894"}],"wp:attachment":[{"href":"https:\/\/staging6.peach-pump.com\/en\/wp-json\/wp\/v2\/media?parent=82577"}],"wp:term":[{"taxonomy":"product_brand","embeddable":true,"href":"https:\/\/staging6.peach-pump.com\/en\/wp-json\/wp\/v2\/product_brand?post=82577"},{"taxonomy":"product_cat","embeddable":true,"href":"https:\/\/staging6.peach-pump.com\/en\/wp-json\/wp\/v2\/product_cat?post=82577"},{"taxonomy":"product_tag","embeddable":true,"href":"https:\/\/staging6.peach-pump.com\/en\/wp-json\/wp\/v2\/product_tag?post=82577"}],"curies":[{"name":"wp","href":"https:\/\/api.w.org\/{rel}","templated":true}]}}