{"id":84195,"date":"2024-06-25T10:54:57","date_gmt":"2024-06-25T08:54:57","guid":{"rendered":"https:\/\/staging6.peach-pump.com\/products\/bialy-biustonosz-z-wkladkami-napisy\/"},"modified":"2025-11-09T19:40:14","modified_gmt":"2025-11-09T17:40:14","slug":"bialy-biustonosz-z-wkladkami-napisy","status":"publish","type":"product","link":"https:\/\/staging6.peach-pump.com\/pl\/products\/bialy-biustonosz-z-wkladkami-napisy\/","title":{"rendered":"Bia\u0142y biustonosz z wk\u0142adkami z napisem Peach Pump Y"},"content":{"rendered":"<p>Sportowy, bia\u0142y biustonosz z wk\u0142adkami z efektem Super Push-Up, kt\u00f3re mo\u017cna zdj\u0105\u0107. Ten model biustonosza ma &#8220;Y&#8221; napis Peach Pump z przodu i krzy\u017cowe plecy z regulowanymi rami\u0105czkami. Materia\u0142 jest niezwykle mi\u0119kki i elastyczny, odprowadza wilgo\u0107 z cia\u0142a, ma szerok\u0105 gumk\u0119 pod biustem, a zapi\u0119cie z ty\u0142u jest trzystopniowe. Model jest wygodny do biegania, jogi, fitnessu, pilatesu i ka\u017cdego rodzaju sportu lub do noszenia na co dzie\u0144, Tw\u00f3j biust b\u0119dzie unieruchomiony, a Ty poczujesz si\u0119 komfortowo i bezpiecznie.<\/p>\n<ul>\n<li>Wyjmowane wk\u0142adki<\/li>\n<li>Efekt Push-Up<\/li>\n<li>Krzy\u017c na plecach z regulowanymi rami\u0105czkami<\/li>\n<li>Elastyczna gumka pod biustem z zapi\u0119ciem trzystopniowym<\/li>\n<li>Termicznie naklejone logo Peach Pump<\/li>\n<li>Napis &#8220;Y&#8221; Peach Pump z przodu<\/li>\n<li>Tkanina odprowadzaj\u0105ca wilgo\u0107 z cia\u0142a<\/li>\n<\/ul>\n<p>70% poliester 30% elastan<\/p>\n<p>Biustonosz mo\u017cna pra\u0107 w temperaturze do 30 stopni. Nie wybiela\u0107. Nie czy\u015bci\u0107 chemicznie.<\/p>\n<p>Modelka na zdj\u0119ciu ma 167 m wzrostu, wa\u017cy 53 kg nosi rozmiar S.<\/p>\n<p>Aby wybra\u0107 dok\u0142adny rozmiar, skorzystaj z tabel rozmiarowych.<\/p>\n<p><a href=\"https:\/\/staging6.peach-pump.com\/wp-content\/uploads\/2024\/06\/Sport-Bras-Peach-Pump-size-chart-800x800.jpg\"><img loading=\"lazy\" decoding=\"async\" class=\"alignnone wp-image-80917 \" src=\"https:\/\/staging6.peach-pump.com\/wp-content\/uploads\/2024\/06\/Sport-Bras-Peach-Pump-size-chart-800x800.jpg\" alt=\"\" width=\"514\" height=\"514\" srcset=\"https:\/\/staging6.peach-pump.com\/wp-content\/uploads\/2024\/06\/Sport-Bras-Peach-Pump-size-chart-800x800.jpg 800w, https:\/\/staging6.peach-pump.com\/wp-content\/uploads\/2024\/06\/Sport-Bras-Peach-Pump-size-chart-480x480.jpg 480w, https:\/\/staging6.peach-pump.com\/wp-content\/uploads\/2024\/06\/Sport-Bras-Peach-Pump-size-chart-1000x1000.jpg 1000w, https:\/\/staging6.peach-pump.com\/wp-content\/uploads\/2024\/06\/Sport-Bras-Peach-Pump-size-chart-300x300.jpg 300w, https:\/\/staging6.peach-pump.com\/wp-content\/uploads\/2024\/06\/Sport-Bras-Peach-Pump-size-chart-150x150.jpg 150w, https:\/\/staging6.peach-pump.com\/wp-content\/uploads\/2024\/06\/Sport-Bras-Peach-Pump-size-chart-768x768.jpg 768w, https:\/\/staging6.peach-pump.com\/wp-content\/uploads\/2024\/06\/Sport-Bras-Peach-Pump-size-chart-990x990.jpg 990w, https:\/\/staging6.peach-pump.com\/wp-content\/uploads\/2024\/06\/Sport-Bras-Peach-Pump-size-chart-441x441.jpg 441w, https:\/\/staging6.peach-pump.com\/wp-content\/uploads\/2024\/06\/Sport-Bras-Peach-Pump-size-chart-100x100.jpg 100w, https:\/\/staging6.peach-pump.com\/wp-content\/uploads\/2024\/06\/Sport-Bras-Peach-Pump-size-chart-64x64.jpg 64w, https:\/\/staging6.peach-pump.com\/wp-content\/uploads\/2024\/06\/Sport-Bras-Peach-Pump-size-chart.jpg 1080w\" sizes=\"auto, (max-width: 514px) 100vw, 514px\" \/><\/a><\/p>\n","protected":false},"excerpt":{"rendered":"<p>Sportowy, bia\u0142y biustonosz z wk\u0142adkami z efektem Super Push-Up, kt\u00f3re mo\u017cna zdj\u0105\u0107. Ten model biustonosza ma &#8220;Y&#8221; napis Peach Pump z przodu i krzy\u017cowe plecy z regulowanymi rami\u0105czkami. Materia\u0142 jest niezwykle mi\u0119kki i elastyczny, odprowadza wilgo\u0107 z cia\u0142a, ma szerok\u0105 gumk\u0119 pod biustem, a zapi\u0119cie z ty\u0142u jest trzystopniowe. Model jest wygodny do biegania, jogi, [&hellip;]<\/p>\n","protected":false},"featured_media":83478,"comment_status":"open","ping_status":"closed","template":"","meta":[],"product_brand":[],"product_cat":[361],"product_tag":[],"class_list":{"0":"post-84195","1":"product","2":"type-product","3":"status-publish","4":"has-post-thumbnail","6":"product_cat-biustonosz-staniki-sportove","7":"pa_cviat-bialy-pl","8":"pa_razmer-l-pl","9":"pa_razmer-m-pl-2","10":"pa_razmer-s-pl-2","11":"inventories-world","12":"inventories-uk","14":"first","15":"instock","16":"taxable","17":"shipping-taxable","18":"purchasable","19":"product-type-variable"},"_links":{"self":[{"href":"https:\/\/staging6.peach-pump.com\/en\/wp-json\/wp\/v2\/product\/84195","targetHints":{"allow":["GET"]}}],"collection":[{"href":"https:\/\/staging6.peach-pump.com\/en\/wp-json\/wp\/v2\/product"}],"about":[{"href":"https:\/\/staging6.peach-pump.com\/en\/wp-json\/wp\/v2\/types\/product"}],"replies":[{"embeddable":true,"href":"https:\/\/staging6.peach-pump.com\/en\/wp-json\/wp\/v2\/comments?post=84195"}],"version-history":[{"count":0,"href":"https:\/\/staging6.peach-pump.com\/en\/wp-json\/wp\/v2\/product\/84195\/revisions"}],"wp:featuredmedia":[{"embeddable":true,"href":"https:\/\/staging6.peach-pump.com\/en\/wp-json\/wp\/v2\/media\/83478"}],"wp:attachment":[{"href":"https:\/\/staging6.peach-pump.com\/en\/wp-json\/wp\/v2\/media?parent=84195"}],"wp:term":[{"taxonomy":"product_brand","embeddable":true,"href":"https:\/\/staging6.peach-pump.com\/en\/wp-json\/wp\/v2\/product_brand?post=84195"},{"taxonomy":"product_cat","embeddable":true,"href":"https:\/\/staging6.peach-pump.com\/en\/wp-json\/wp\/v2\/product_cat?post=84195"},{"taxonomy":"product_tag","embeddable":true,"href":"https:\/\/staging6.peach-pump.com\/en\/wp-json\/wp\/v2\/product_tag?post=84195"}],"curies":[{"name":"wp","href":"https:\/\/api.w.org\/{rel}","templated":true}]}}