{"id":84199,"date":"2024-06-25T11:51:57","date_gmt":"2024-06-25T09:51:57","guid":{"rendered":"https:\/\/staging6.peach-pump.com\/products\/damskie-legginsy-brazowe-cappuccino\/"},"modified":"2025-11-10T16:49:00","modified_gmt":"2025-11-10T14:49:00","slug":"damskie-legginsy-brazowe-cappuccino","status":"publish","type":"product","link":"https:\/\/staging6.peach-pump.com\/pl\/products\/damskie-legginsy-brazowe-cappuccino\/","title":{"rendered":"Bezszwowe, damskie legginsy w kolorze br\u0105zowym cappuccino"},"content":{"rendered":"<p>Bezszwowe, damskie legginsy z wysokim stanem w kolorze br\u0105zowym, cappuccino. Model wykonany z elastycznej, oddychaj\u0105cej tkaniny, doskonale modeluje sylwetk\u0119 z efektem Peach Pump. Nadaje si\u0119 zar\u00f3wno do treningu si\u0142owego, jak i aerobowego. Legginsy maj\u0105 szeroki pas, kt\u00f3ry delikatnie \u015bci\u0105ga i rze\u017abi tali\u0119, dost\u0119pne s\u0105 w kilku pi\u0119knych kolorach.<\/p>\n<ul>\n<li> Wysoki stan<\/li>\n<li> Bezszwowy materia\u0142<\/li>\n<li> Podnosz\u0105, modeluj\u0105, ukrywaj\u0105 problematyczne obszary<\/li>\n<li> Obejmuj\u0105cy tali\u0119 pr\u0105\u017ckowany pas<\/li>\n<li> Efekt Peachy<\/li>\n<li> Bez szwu z przodu<\/li>\n<li> Termicznie naklejone logo Peach Pump z ty\u0142u leggins\u00f3w<\/li>\n<li> Napis Peach Pump na kostce<\/li>\n<li> Tkanina, kt\u00f3ra nie zatrzymuje wilgoci w ciele<\/li>\n<\/ul>\n<p>Sk\u0142ad 80% poliester 20% elastan<\/p>\n<p>Legginsy mo\u017cna pra\u0107 w temperaturze do 30 stopni. Nie wybiela\u0107 i nie czy\u015bci\u0107 chemicznie.<\/p>\n<p>Modelka na zdj\u0119ciu ma 178 cm wzrostu, wa\u017cy 54 kg i nosi rozmiar M (legginsy s\u0105 bardziej obcis\u0142e).<\/p>\n<p>Aby wybra\u0107 dok\u0142adny rozmiar, skorzystaj z tabel rozmiarowych.<\/p>\n<p><a href=\"https:\/\/staging6.peach-pump.com\/wp-content\/uploads\/2024\/06\/Seamless-leggings-Peach-Pump-Size-Chart.jpg\"><img loading=\"lazy\" decoding=\"async\" class=\"alignnone wp-image-80907 \" src=\"https:\/\/staging6.peach-pump.com\/wp-content\/uploads\/2024\/06\/Seamless-leggings-Peach-Pump-Size-Chart.jpg\" alt=\"\" width=\"753\" height=\"565\" srcset=\"https:\/\/staging6.peach-pump.com\/wp-content\/uploads\/2024\/06\/Seamless-leggings-Peach-Pump-Size-Chart.jpg 1024w, https:\/\/staging6.peach-pump.com\/wp-content\/uploads\/2024\/06\/Seamless-leggings-Peach-Pump-Size-Chart-480x360.jpg 480w, https:\/\/staging6.peach-pump.com\/wp-content\/uploads\/2024\/06\/Seamless-leggings-Peach-Pump-Size-Chart-1000x750.jpg 1000w, https:\/\/staging6.peach-pump.com\/wp-content\/uploads\/2024\/06\/Seamless-leggings-Peach-Pump-Size-Chart-400x300.jpg 400w, https:\/\/staging6.peach-pump.com\/wp-content\/uploads\/2024\/06\/Seamless-leggings-Peach-Pump-Size-Chart-768x576.jpg 768w, https:\/\/staging6.peach-pump.com\/wp-content\/uploads\/2024\/06\/Seamless-leggings-Peach-Pump-Size-Chart-990x743.jpg 990w, https:\/\/staging6.peach-pump.com\/wp-content\/uploads\/2024\/06\/Seamless-leggings-Peach-Pump-Size-Chart-441x331.jpg 441w, https:\/\/staging6.peach-pump.com\/wp-content\/uploads\/2024\/06\/Seamless-leggings-Peach-Pump-Size-Chart-150x113.jpg 150w, https:\/\/staging6.peach-pump.com\/wp-content\/uploads\/2024\/06\/Seamless-leggings-Peach-Pump-Size-Chart-64x48.jpg 64w\" sizes=\"auto, (max-width: 753px) 100vw, 753px\" \/><\/a><\/p>\n","protected":false},"excerpt":{"rendered":"<p>Bezszwowe, damskie legginsy z wysokim stanem w kolorze br\u0105zowym, cappuccino. Model wykonany z elastycznej, oddychaj\u0105cej tkaniny, doskonale modeluje sylwetk\u0119 z efektem Peach Pump. Nadaje si\u0119 zar\u00f3wno do treningu si\u0142owego, jak i aerobowego. Legginsy maj\u0105 szeroki pas, kt\u00f3ry delikatnie \u015bci\u0105ga i rze\u017abi tali\u0119, dost\u0119pne s\u0105 w kilku pi\u0119knych kolorach. Wysoki stan Bezszwowy materia\u0142 Podnosz\u0105, modeluj\u0105, ukrywaj\u0105 [&hellip;]<\/p>\n","protected":false},"featured_media":82615,"comment_status":"open","ping_status":"closed","template":"","meta":[],"product_brand":[],"product_cat":[144,307],"product_tag":[],"class_list":{"0":"post-84199","1":"product","2":"type-product","3":"status-publish","4":"has-post-thumbnail","6":"product_cat-legginsy-sportowe-damskie","7":"product_cat-legginsy-damskie-dlugie","8":"pa_cviat-brazowy","9":"pa_razmer-l-pl","10":"pa_razmer-m-pl-2","11":"pa_razmer-s-pl-2","12":"pa_razmer-xl-pl","13":"inventories-world","14":"inventories-uk","16":"first","17":"instock","18":"taxable","19":"shipping-taxable","20":"purchasable","21":"product-type-variable"},"_links":{"self":[{"href":"https:\/\/staging6.peach-pump.com\/en\/wp-json\/wp\/v2\/product\/84199","targetHints":{"allow":["GET"]}}],"collection":[{"href":"https:\/\/staging6.peach-pump.com\/en\/wp-json\/wp\/v2\/product"}],"about":[{"href":"https:\/\/staging6.peach-pump.com\/en\/wp-json\/wp\/v2\/types\/product"}],"replies":[{"embeddable":true,"href":"https:\/\/staging6.peach-pump.com\/en\/wp-json\/wp\/v2\/comments?post=84199"}],"version-history":[{"count":0,"href":"https:\/\/staging6.peach-pump.com\/en\/wp-json\/wp\/v2\/product\/84199\/revisions"}],"wp:featuredmedia":[{"embeddable":true,"href":"https:\/\/staging6.peach-pump.com\/en\/wp-json\/wp\/v2\/media\/82615"}],"wp:attachment":[{"href":"https:\/\/staging6.peach-pump.com\/en\/wp-json\/wp\/v2\/media?parent=84199"}],"wp:term":[{"taxonomy":"product_brand","embeddable":true,"href":"https:\/\/staging6.peach-pump.com\/en\/wp-json\/wp\/v2\/product_brand?post=84199"},{"taxonomy":"product_cat","embeddable":true,"href":"https:\/\/staging6.peach-pump.com\/en\/wp-json\/wp\/v2\/product_cat?post=84199"},{"taxonomy":"product_tag","embeddable":true,"href":"https:\/\/staging6.peach-pump.com\/en\/wp-json\/wp\/v2\/product_tag?post=84199"}],"curies":[{"name":"wp","href":"https:\/\/api.w.org\/{rel}","templated":true}]}}