{"id":85183,"date":"2024-07-16T11:02:56","date_gmt":"2024-07-16T09:02:56","guid":{"rendered":"https:\/\/staging6.peach-pump.com\/products\/bezowy-sportowy-biustonosz-wkladki\/"},"modified":"2025-11-09T12:08:24","modified_gmt":"2025-11-09T10:08:24","slug":"bezowy-sportowy-biustonosz-wkladki","status":"publish","type":"product","link":"https:\/\/staging6.peach-pump.com\/pl\/products\/bezowy-sportowy-biustonosz-wkladki\/","title":{"rendered":"Bezszwowy, be\u017cowy, sportowy biustonosz z wk\u0142adkami i regulowanymi rami\u0105czkami"},"content":{"rendered":"<p>Bezszwowy, be\u017cowy, sportowy biustonosz z wyjmowanymi wk\u0142adkami i regulowanymi rami\u0105czkami. Model wykonano z mi\u0119kkiego, bardzo elastycznego, oddychaj\u0105cego materia\u0142u, kt\u00f3ry odprowadza wilgo\u0107 od cia\u0142a. Biustonosz mo\u017cna nosi\u0107 r\u00f3wnie\u017c pod ubraniem, jego kr\u00f3j nie rzuca si\u0119 w oczy, a Ty poczujesz komfort i swobod\u0119 ruch\u00f3w. Dost\u0119pny w r\u00f3\u017cnych kolorach, mo\u017cna go dopasowa\u0107 do leggins\u00f3w w tym samym kolorze lub innym. Sprawd\u017a w zak\u0142adce &#8220;Stroje sportowe&#8221;.<\/p>\n<ul>\n<li> Wyjmowane wk\u0142adki<\/li>\n<li> Efekt Push-Up<\/li>\n<li> Cienkie regulowane rami\u0105czka<\/li>\n<li> Du\u017ca elastyczno\u015b\u0107<\/li>\n<li> Termicznie naklejone logo Peach Pump z boku biustonosza<\/li>\n<li> Technologia odprowadzania wilgoci od cia\u0142a<\/li>\n<\/ul>\n<p>Sk\u0142ad: 80% poliester 20% elastan<\/p>\n<p>Biustonosz mo\u017cna pra\u0107 w temperaturze do 30 stopni. Nie wybiela\u0107. Nie czy\u015bci\u0107 chemicznie.<\/p>\n<p>Modelka na zdj\u0119ciu ma 165 cm wzrostu, wa\u017cy 52 kg i pozuje w rozmiarze S.<\/p>\n<p>Aby wybra\u0107 dok\u0142adny rozmiar, skorzystaj z tabel rozmiarowych.<\/p>\n<p><a href=\"https:\/\/staging6.peach-pump.com\/wp-content\/uploads\/2024\/06\/Sport-Bras-Peach-Pump-size-chart-800x800.jpg\"><img loading=\"lazy\" decoding=\"async\" class=\"alignnone wp-image-80917 \" src=\"https:\/\/staging6.peach-pump.com\/wp-content\/uploads\/2024\/06\/Sport-Bras-Peach-Pump-size-chart-800x800.jpg\" alt=\"\" width=\"518\" height=\"518\" srcset=\"https:\/\/staging6.peach-pump.com\/wp-content\/uploads\/2024\/06\/Sport-Bras-Peach-Pump-size-chart-800x800.jpg 800w, https:\/\/staging6.peach-pump.com\/wp-content\/uploads\/2024\/06\/Sport-Bras-Peach-Pump-size-chart-480x480.jpg 480w, https:\/\/staging6.peach-pump.com\/wp-content\/uploads\/2024\/06\/Sport-Bras-Peach-Pump-size-chart-1000x1000.jpg 1000w, https:\/\/staging6.peach-pump.com\/wp-content\/uploads\/2024\/06\/Sport-Bras-Peach-Pump-size-chart-300x300.jpg 300w, https:\/\/staging6.peach-pump.com\/wp-content\/uploads\/2024\/06\/Sport-Bras-Peach-Pump-size-chart-150x150.jpg 150w, https:\/\/staging6.peach-pump.com\/wp-content\/uploads\/2024\/06\/Sport-Bras-Peach-Pump-size-chart-768x768.jpg 768w, https:\/\/staging6.peach-pump.com\/wp-content\/uploads\/2024\/06\/Sport-Bras-Peach-Pump-size-chart-990x990.jpg 990w, https:\/\/staging6.peach-pump.com\/wp-content\/uploads\/2024\/06\/Sport-Bras-Peach-Pump-size-chart-441x441.jpg 441w, https:\/\/staging6.peach-pump.com\/wp-content\/uploads\/2024\/06\/Sport-Bras-Peach-Pump-size-chart-100x100.jpg 100w, https:\/\/staging6.peach-pump.com\/wp-content\/uploads\/2024\/06\/Sport-Bras-Peach-Pump-size-chart-64x64.jpg 64w, https:\/\/staging6.peach-pump.com\/wp-content\/uploads\/2024\/06\/Sport-Bras-Peach-Pump-size-chart.jpg 1080w\" sizes=\"auto, (max-width: 518px) 100vw, 518px\" \/><\/a><\/p>\n","protected":false},"excerpt":{"rendered":"<p>Bezszwowy, be\u017cowy, sportowy biustonosz z wyjmowanymi wk\u0142adkami i regulowanymi rami\u0105czkami. Model wykonano z mi\u0119kkiego, bardzo elastycznego, oddychaj\u0105cego materia\u0142u, kt\u00f3ry odprowadza wilgo\u0107 od cia\u0142a. Biustonosz mo\u017cna nosi\u0107 r\u00f3wnie\u017c pod ubraniem, jego kr\u00f3j nie rzuca si\u0119 w oczy, a Ty poczujesz komfort i swobod\u0119 ruch\u00f3w. Dost\u0119pny w r\u00f3\u017cnych kolorach, mo\u017cna go dopasowa\u0107 do leggins\u00f3w w tym samym [&hellip;]<\/p>\n","protected":false},"featured_media":84115,"comment_status":"open","ping_status":"closed","template":"","meta":[],"product_brand":[],"product_cat":[361],"product_tag":[],"class_list":{"0":"post-85183","1":"product","2":"type-product","3":"status-publish","4":"has-post-thumbnail","6":"product_cat-biustonosz-staniki-sportove","7":"pa_cviat-bezowy","8":"pa_razmer-m-pl-2","9":"pa_razmer-s-pl-2","10":"inventories-world","11":"inventories-uk","13":"first","14":"instock","15":"taxable","16":"shipping-taxable","17":"purchasable","18":"product-type-variable"},"_links":{"self":[{"href":"https:\/\/staging6.peach-pump.com\/en\/wp-json\/wp\/v2\/product\/85183","targetHints":{"allow":["GET"]}}],"collection":[{"href":"https:\/\/staging6.peach-pump.com\/en\/wp-json\/wp\/v2\/product"}],"about":[{"href":"https:\/\/staging6.peach-pump.com\/en\/wp-json\/wp\/v2\/types\/product"}],"replies":[{"embeddable":true,"href":"https:\/\/staging6.peach-pump.com\/en\/wp-json\/wp\/v2\/comments?post=85183"}],"version-history":[{"count":0,"href":"https:\/\/staging6.peach-pump.com\/en\/wp-json\/wp\/v2\/product\/85183\/revisions"}],"wp:featuredmedia":[{"embeddable":true,"href":"https:\/\/staging6.peach-pump.com\/en\/wp-json\/wp\/v2\/media\/84115"}],"wp:attachment":[{"href":"https:\/\/staging6.peach-pump.com\/en\/wp-json\/wp\/v2\/media?parent=85183"}],"wp:term":[{"taxonomy":"product_brand","embeddable":true,"href":"https:\/\/staging6.peach-pump.com\/en\/wp-json\/wp\/v2\/product_brand?post=85183"},{"taxonomy":"product_cat","embeddable":true,"href":"https:\/\/staging6.peach-pump.com\/en\/wp-json\/wp\/v2\/product_cat?post=85183"},{"taxonomy":"product_tag","embeddable":true,"href":"https:\/\/staging6.peach-pump.com\/en\/wp-json\/wp\/v2\/product_tag?post=85183"}],"curies":[{"name":"wp","href":"https:\/\/api.w.org\/{rel}","templated":true}]}}