{"id":85186,"date":"2024-07-16T11:15:10","date_gmt":"2024-07-16T09:15:10","guid":{"rendered":"https:\/\/staging6.peach-pump.com\/products\/krotkie-legginsy-jasnozielone-kolor-limonka\/"},"modified":"2025-10-25T10:25:01","modified_gmt":"2025-10-25T08:25:01","slug":"krotkie-legginsy-jasnozielone-kolor-limonka","status":"publish","type":"product","link":"https:\/\/staging6.peach-pump.com\/pl\/products\/krotkie-legginsy-jasnozielone-kolor-limonka\/","title":{"rendered":"Jasnozielone, kolor limonki, kr\u00f3tkie legginsy z efektem modelowania"},"content":{"rendered":"<p>Sportowe, kr\u00f3tkie, damskie legginsy typu &#8220;biker shorts&#8221; w jasnozielonym kolorze, limonka z bezszwowego, elastycznego i mi\u0119kkiego w dotyku materia\u0142u. Model ten doskonale kszta\u0142tuje sylwetk\u0119, posiada szeroki, pr\u0105\u017ckowany pas z grawerowanym napisem &#8220;Peach Pump&#8221;, kt\u00f3ry delikatnie \u015bci\u0105ga tali\u0119. Materia\u0142 leggins\u00f3w ukrywa problematyczne obszary, odprowadza wilgo\u0107 z cia\u0142a i ma elementy, kt\u00f3re modeluj\u0105 po\u015bladki w kszta\u0142cie brzoskwini, zapewniaj\u0105c pi\u0119kn\u0105 i zgrabn\u0105 sylwetk\u0119. Z tym modelem poczujesz si\u0119 komfortowo i pewnie. Mo\u017cesz dopasowa\u0107 legginsy do biustonosza w tym samym wzorze lub sprawi\u0107, \u017ce Tw\u00f3j w\u0142asny str\u00f3j sportowy b\u0119dzie wyrazisty i inny dzi\u0119ki naszej szerokiej kolekcji kurtek, stanik\u00f3w sportowych i akcesori\u00f3w.<\/p>\n<ul>\n<li>Wysoki stan<\/li>\n<li>Tkanina bez szw\u00f3w<\/li>\n<li>Podnosz\u0105, modeluj\u0105, ukrywaj\u0105 problematyczne obszary<\/li>\n<li>Pr\u0105\u017ckowany pas obejmuj\u0105cy talie<\/li>\n<li>Efekt Peachy<\/li>\n<li>Termicznie naklejony napis &#8220;Peach Pump&#8221; z przodu<\/li>\n<li>Bez szwu z przodu<\/li>\n<li>Termicznie naklejone logo Peach Pump z ty\u0142u leggins\u00f3w<\/li>\n<li>Tkany napis &#8220;Peach Pump&#8221; na pasku<\/li>\n<li>Tkanina odprowadzaj\u0105ca wilgo\u0107 z cia\u0142a<\/li>\n<\/ul>\n<p>Sk\u0142ad: 80% poliester 20% elastan<\/p>\n<p>Legginsy mo\u017cna pra\u0107 w temperaturze do 30 stopni. Nie wybiela\u0107 i nie czy\u015bci\u0107 chemicznie.<\/p>\n<p>Model na zdj\u0119ciu ma 168 cm wzrostu, wa\u017cy 52 kg i prezentuje legginsy w rozmiarze S.<\/p>\n<p>Aby wybra\u0107 dok\u0142adny rozmiar, skorzystaj z tabel rozmiarowych.<\/p>\n<p><a href=\"https:\/\/staging6.peach-pump.com\/wp-content\/uploads\/2024\/06\/Elastic-models-Peach-Pump-size-chart.jpg\"><img loading=\"lazy\" decoding=\"async\" class=\"alignnone wp-image-80867 \" src=\"https:\/\/staging6.peach-pump.com\/wp-content\/uploads\/2024\/06\/Elastic-models-Peach-Pump-size-chart.jpg\" alt=\"\" width=\"655\" height=\"491\" srcset=\"https:\/\/staging6.peach-pump.com\/wp-content\/uploads\/2024\/06\/Elastic-models-Peach-Pump-size-chart.jpg 1024w, https:\/\/staging6.peach-pump.com\/wp-content\/uploads\/2024\/06\/Elastic-models-Peach-Pump-size-chart-480x360.jpg 480w, https:\/\/staging6.peach-pump.com\/wp-content\/uploads\/2024\/06\/Elastic-models-Peach-Pump-size-chart-1000x750.jpg 1000w, https:\/\/staging6.peach-pump.com\/wp-content\/uploads\/2024\/06\/Elastic-models-Peach-Pump-size-chart-400x300.jpg 400w, https:\/\/staging6.peach-pump.com\/wp-content\/uploads\/2024\/06\/Elastic-models-Peach-Pump-size-chart-768x576.jpg 768w, https:\/\/staging6.peach-pump.com\/wp-content\/uploads\/2024\/06\/Elastic-models-Peach-Pump-size-chart-990x743.jpg 990w, https:\/\/staging6.peach-pump.com\/wp-content\/uploads\/2024\/06\/Elastic-models-Peach-Pump-size-chart-441x331.jpg 441w, https:\/\/staging6.peach-pump.com\/wp-content\/uploads\/2024\/06\/Elastic-models-Peach-Pump-size-chart-150x113.jpg 150w, https:\/\/staging6.peach-pump.com\/wp-content\/uploads\/2024\/06\/Elastic-models-Peach-Pump-size-chart-64x48.jpg 64w\" sizes=\"auto, (max-width: 655px) 100vw, 655px\" \/><\/a><\/p>\n","protected":false},"excerpt":{"rendered":"<p>Sportowe, kr\u00f3tkie, damskie legginsy typu &#8220;biker shorts&#8221; w jasnozielonym kolorze, limonka z bezszwowego, elastycznego i mi\u0119kkiego w dotyku materia\u0142u. Model ten doskonale kszta\u0142tuje sylwetk\u0119, posiada szeroki, pr\u0105\u017ckowany pas z grawerowanym napisem &#8220;Peach Pump&#8221;, kt\u00f3ry delikatnie \u015bci\u0105ga tali\u0119. Materia\u0142 leggins\u00f3w ukrywa problematyczne obszary, odprowadza wilgo\u0107 z cia\u0142a i ma elementy, kt\u00f3re modeluj\u0105 po\u015bladki w kszta\u0142cie brzoskwini, [&hellip;]<\/p>\n","protected":false},"featured_media":84015,"comment_status":"open","ping_status":"closed","template":"","meta":[],"product_brand":[],"product_cat":[144,201],"product_tag":[],"class_list":{"0":"post-85186","1":"product","2":"type-product","3":"status-publish","4":"has-post-thumbnail","6":"product_cat-legginsy-sportowe-damskie","7":"product_cat-krotkie-legginsy","8":"pa_cviat-zielony","9":"pa_razmer-m-pl-2","10":"pa_razmer-s-pl-2","11":"inventories-world","12":"inventories-uk","14":"first","15":"instock","16":"taxable","17":"shipping-taxable","18":"purchasable","19":"product-type-variable"},"_links":{"self":[{"href":"https:\/\/staging6.peach-pump.com\/pl\/wp-json\/wp\/v2\/product\/85186","targetHints":{"allow":["GET"]}}],"collection":[{"href":"https:\/\/staging6.peach-pump.com\/pl\/wp-json\/wp\/v2\/product"}],"about":[{"href":"https:\/\/staging6.peach-pump.com\/pl\/wp-json\/wp\/v2\/types\/product"}],"replies":[{"embeddable":true,"href":"https:\/\/staging6.peach-pump.com\/pl\/wp-json\/wp\/v2\/comments?post=85186"}],"version-history":[{"count":0,"href":"https:\/\/staging6.peach-pump.com\/pl\/wp-json\/wp\/v2\/product\/85186\/revisions"}],"wp:featuredmedia":[{"embeddable":true,"href":"https:\/\/staging6.peach-pump.com\/pl\/wp-json\/wp\/v2\/media\/84015"}],"wp:attachment":[{"href":"https:\/\/staging6.peach-pump.com\/pl\/wp-json\/wp\/v2\/media?parent=85186"}],"wp:term":[{"taxonomy":"product_brand","embeddable":true,"href":"https:\/\/staging6.peach-pump.com\/pl\/wp-json\/wp\/v2\/product_brand?post=85186"},{"taxonomy":"product_cat","embeddable":true,"href":"https:\/\/staging6.peach-pump.com\/pl\/wp-json\/wp\/v2\/product_cat?post=85186"},{"taxonomy":"product_tag","embeddable":true,"href":"https:\/\/staging6.peach-pump.com\/pl\/wp-json\/wp\/v2\/product_tag?post=85186"}],"curies":[{"name":"wp","href":"https:\/\/api.w.org\/{rel}","templated":true}]}}