{"id":86269,"date":"2024-07-16T11:46:20","date_gmt":"2024-07-16T09:46:20","guid":{"rendered":"https:\/\/staging6.peach-pump.com\/products\/bezszwowe-czarne-legginsy-modelujace\/"},"modified":"2025-11-10T18:46:53","modified_gmt":"2025-11-10T16:46:53","slug":"bezszwowe-czarne-legginsy-modelujace","status":"publish","type":"product","link":"https:\/\/staging6.peach-pump.com\/pl\/products\/bezszwowe-czarne-legginsy-modelujace\/","title":{"rendered":"Bezszwowe, czarne legginsy z efektem modeluj\u0105cym"},"content":{"rendered":"<p>Bezszwowe, czarne legginsy z wysok\u0105 tali\u0105 i efektem modeluj\u0105cym. Model wykonany z obcis\u0142ego, oddychaj\u0105cego materia\u0142u, doskonale modeluje sylwetk\u0119 z efektem Peach Pump.  Nadaje si\u0119 zar\u00f3wno do treningu si\u0142owego, jak i aerobowego. Legginsy maj\u0105 szeroki pas, kt\u00f3ry delikatnie \u015bci\u0105ga i rze\u017abi tali\u0119, dost\u0119pne s\u0105 w kilku pi\u0119knych kolorach.<\/p>\n<ul>\n<li> Wysoki stan<\/li>\n<li> Bezszwowy materia\u0142<\/li>\n<li> Podnosz\u0105, modeluj\u0105, ukrywaj\u0105 problematyczne obszary<\/li>\n<li> Obejmuj\u0105cy tali\u0119 pr\u0105\u017ckowany pas<\/li>\n<li> Efekt Peachy<\/li>\n<li> Bez szwu z przodu<\/li>\n<li> Termicznie naklejone logo Peach Pump z ty\u0142u leggins\u00f3w<\/li>\n<li> Napis Peach Pump na kostce<\/li>\n<li> Tkanina, kt\u00f3ra nie zatrzymuje wilgoci w ciele<\/li>\n<\/ul>\n<p>Sk\u0142ad 80% poliester 20% elastan<\/p>\n<p>Legginsy mo\u017cna pra\u0107 w temperaturze do 30 stopni. Nie wybiela\u0107 i nie czy\u015bci\u0107 chemicznie.<\/p>\n<p>Modelka na zdj\u0119ciu ma 178 cm wzrostu, wa\u017cy 54 kg i nosi rozmiar M (legginsy s\u0105 bardziej obcis\u0142e).<\/p>\n<p>Aby wybra\u0107 dok\u0142adny rozmiar, skorzystaj z tabel rozmiarowych.<\/p>\n<p>&nbsp;<\/p>\n","protected":false},"excerpt":{"rendered":"<p>Bezszwowe, czarne legginsy z wysok\u0105 tali\u0105 i efektem modeluj\u0105cym. Model wykonany z obcis\u0142ego, oddychaj\u0105cego materia\u0142u, doskonale modeluje sylwetk\u0119 z efektem Peach Pump. Nadaje si\u0119 zar\u00f3wno do treningu si\u0142owego, jak i aerobowego. Legginsy maj\u0105 szeroki pas, kt\u00f3ry delikatnie \u015bci\u0105ga i rze\u017abi tali\u0119, dost\u0119pne s\u0105 w kilku pi\u0119knych kolorach. Wysoki stan Bezszwowy materia\u0142 Podnosz\u0105, modeluj\u0105, ukrywaj\u0105 problematyczne [&hellip;]<\/p>\n","protected":false},"featured_media":84951,"comment_status":"open","ping_status":"closed","template":"","meta":[],"product_brand":[],"product_cat":[144,307],"product_tag":[],"class_list":{"0":"post-86269","1":"product","2":"type-product","3":"status-publish","4":"has-post-thumbnail","6":"product_cat-legginsy-sportowe-damskie","7":"product_cat-legginsy-damskie-dlugie","8":"pa_cviat-czarny","9":"pa_razmer-l-pl","10":"pa_razmer-m-pl-2","11":"pa_razmer-s-pl-2","12":"pa_razmer-xl-pl","13":"inventories-world","14":"inventories-uk","16":"first","17":"instock","18":"taxable","19":"shipping-taxable","20":"purchasable","21":"product-type-variable"},"_links":{"self":[{"href":"https:\/\/staging6.peach-pump.com\/pl\/wp-json\/wp\/v2\/product\/86269","targetHints":{"allow":["GET"]}}],"collection":[{"href":"https:\/\/staging6.peach-pump.com\/pl\/wp-json\/wp\/v2\/product"}],"about":[{"href":"https:\/\/staging6.peach-pump.com\/pl\/wp-json\/wp\/v2\/types\/product"}],"replies":[{"embeddable":true,"href":"https:\/\/staging6.peach-pump.com\/pl\/wp-json\/wp\/v2\/comments?post=86269"}],"version-history":[{"count":0,"href":"https:\/\/staging6.peach-pump.com\/pl\/wp-json\/wp\/v2\/product\/86269\/revisions"}],"wp:featuredmedia":[{"embeddable":true,"href":"https:\/\/staging6.peach-pump.com\/pl\/wp-json\/wp\/v2\/media\/84951"}],"wp:attachment":[{"href":"https:\/\/staging6.peach-pump.com\/pl\/wp-json\/wp\/v2\/media?parent=86269"}],"wp:term":[{"taxonomy":"product_brand","embeddable":true,"href":"https:\/\/staging6.peach-pump.com\/pl\/wp-json\/wp\/v2\/product_brand?post=86269"},{"taxonomy":"product_cat","embeddable":true,"href":"https:\/\/staging6.peach-pump.com\/pl\/wp-json\/wp\/v2\/product_cat?post=86269"},{"taxonomy":"product_tag","embeddable":true,"href":"https:\/\/staging6.peach-pump.com\/pl\/wp-json\/wp\/v2\/product_tag?post=86269"}],"curies":[{"name":"wp","href":"https:\/\/api.w.org\/{rel}","templated":true}]}}