{"id":87662,"date":"2024-08-27T14:03:37","date_gmt":"2024-08-27T12:03:37","guid":{"rendered":"https:\/\/staging6.peach-pump.com\/products\/rozowe-krotkie-legginsy-biale-szwy\/"},"modified":"2025-11-05T21:30:25","modified_gmt":"2025-11-05T19:30:25","slug":"rozowe-krotkie-legginsy-biale-szwy","status":"publish","type":"product","link":"https:\/\/staging6.peach-pump.com\/pl\/products\/rozowe-krotkie-legginsy-biale-szwy\/","title":{"rendered":"R\u00f3\u017cowe kr\u00f3tkie legginsy z bia\u0142ymi przeszyciami"},"content":{"rendered":"<p>R\u00f3\u017cowe, kr\u00f3tkie legginsy typu &#8221;Booty shorts&#8221; z bia\u0142ymi przeszyciami. Ten model leggins\u00f3w ma \u015bwietn\u0105 elastyczno\u015b\u0107, pi\u0119knie modeluje sylwetk\u0119 i jest wykonany z materia\u0142u, kt\u00f3ry nie zatrzymuje wilgoci przy ciele. Z ty\u0142u maj\u0105 delikatny brzoskwiniowy efekt.   Mo\u017cna \u0142\u0105czy\u0107 z biustonoszem o tym samym wzorze, patrz &#8220;Kr\u00f3tkie legginsy sportowe&#8221;. <\/p>\n<ul>\n<li>Podnosz\u0105, modeluj\u0105, ukrywaj\u0105 problematyczne obszary<\/li>\n<li>Lekki Peachy efekt<\/li>\n<li>Bez szwu z przodu<\/li>\n<li>Zgrzewane logo Peach Pump z ty\u0142u leggins\u00f3w<\/li>\n<li>Termicznie naklejone logo z boku uda<\/li>\n<li>Tkanina, kt\u00f3ra nie zatrzymuje wilgoci w ciele<\/li>\n<\/ul>\n<p> Sk\u0142ad: 80% poliester 20% elastan. Legginsy mo\u017cna pra\u0107 w temperaturze do 30 stopni, zaleca si\u0119 odwracanie podczas prania, nie nale\u017cy u\u017cywa\u0107 wybielaczy ani czy\u015bci\u0107 chemicznie. Modelka na zdj\u0119ciu ma 180 wzrostu, wa\u017cy 56 kg i nosi rozmiar M. Prosimy o skorzystanie z tabel, aby wybra\u0107 dok\u0142adny rozmiar.  &nbsp;<\/p>\n<p><a href=\"https:\/\/staging6.peach-pump.com\/wp-content\/uploads\/2024\/06\/Elastic-models-Peach-Pump-size-chart.jpg\"><img loading=\"lazy\" decoding=\"async\" class=\"alignnone wp-image-80867 \" src=\"https:\/\/staging6.peach-pump.com\/wp-content\/uploads\/2024\/06\/Elastic-models-Peach-Pump-size-chart.jpg\" alt=\"\" width=\"701\" height=\"526\" srcset=\"https:\/\/staging6.peach-pump.com\/wp-content\/uploads\/2024\/06\/Elastic-models-Peach-Pump-size-chart.jpg 1024w, https:\/\/staging6.peach-pump.com\/wp-content\/uploads\/2024\/06\/Elastic-models-Peach-Pump-size-chart-480x360.jpg 480w, https:\/\/staging6.peach-pump.com\/wp-content\/uploads\/2024\/06\/Elastic-models-Peach-Pump-size-chart-1000x750.jpg 1000w, https:\/\/staging6.peach-pump.com\/wp-content\/uploads\/2024\/06\/Elastic-models-Peach-Pump-size-chart-400x300.jpg 400w, https:\/\/staging6.peach-pump.com\/wp-content\/uploads\/2024\/06\/Elastic-models-Peach-Pump-size-chart-768x576.jpg 768w, https:\/\/staging6.peach-pump.com\/wp-content\/uploads\/2024\/06\/Elastic-models-Peach-Pump-size-chart-990x743.jpg 990w, https:\/\/staging6.peach-pump.com\/wp-content\/uploads\/2024\/06\/Elastic-models-Peach-Pump-size-chart-441x331.jpg 441w, https:\/\/staging6.peach-pump.com\/wp-content\/uploads\/2024\/06\/Elastic-models-Peach-Pump-size-chart-150x113.jpg 150w, https:\/\/staging6.peach-pump.com\/wp-content\/uploads\/2024\/06\/Elastic-models-Peach-Pump-size-chart-64x48.jpg 64w\" sizes=\"auto, (max-width: 701px) 100vw, 701px\" \/><\/a><\/p>\n","protected":false},"excerpt":{"rendered":"<p>R\u00f3\u017cowe, kr\u00f3tkie legginsy typu &#8221;Booty shorts&#8221; z bia\u0142ymi przeszyciami. Ten model leggins\u00f3w ma \u015bwietn\u0105 elastyczno\u015b\u0107, pi\u0119knie modeluje sylwetk\u0119 i jest wykonany z materia\u0142u, kt\u00f3ry nie zatrzymuje wilgoci przy ciele. Z ty\u0142u maj\u0105 delikatny brzoskwiniowy efekt. Mo\u017cna \u0142\u0105czy\u0107 z biustonoszem o tym samym wzorze, patrz &#8220;Kr\u00f3tkie legginsy sportowe&#8221;. Podnosz\u0105, modeluj\u0105, ukrywaj\u0105 problematyczne obszary Lekki Peachy efekt [&hellip;]<\/p>\n","protected":false},"featured_media":86609,"comment_status":"open","ping_status":"closed","template":"","meta":[],"product_brand":[],"product_cat":[144,201],"product_tag":[],"class_list":{"0":"post-87662","1":"product","2":"type-product","3":"status-publish","4":"has-post-thumbnail","6":"product_cat-legginsy-sportowe-damskie","7":"product_cat-krotkie-legginsy","8":"pa_cviat-rozowy","9":"pa_razmer-l-pl","10":"pa_razmer-m-pl-2","11":"pa_razmer-s-pl-2","12":"inventories-world","13":"inventories-uk","15":"first","16":"instock","17":"taxable","18":"shipping-taxable","19":"purchasable","20":"product-type-variable"},"_links":{"self":[{"href":"https:\/\/staging6.peach-pump.com\/pl\/wp-json\/wp\/v2\/product\/87662","targetHints":{"allow":["GET"]}}],"collection":[{"href":"https:\/\/staging6.peach-pump.com\/pl\/wp-json\/wp\/v2\/product"}],"about":[{"href":"https:\/\/staging6.peach-pump.com\/pl\/wp-json\/wp\/v2\/types\/product"}],"replies":[{"embeddable":true,"href":"https:\/\/staging6.peach-pump.com\/pl\/wp-json\/wp\/v2\/comments?post=87662"}],"version-history":[{"count":0,"href":"https:\/\/staging6.peach-pump.com\/pl\/wp-json\/wp\/v2\/product\/87662\/revisions"}],"wp:featuredmedia":[{"embeddable":true,"href":"https:\/\/staging6.peach-pump.com\/pl\/wp-json\/wp\/v2\/media\/86609"}],"wp:attachment":[{"href":"https:\/\/staging6.peach-pump.com\/pl\/wp-json\/wp\/v2\/media?parent=87662"}],"wp:term":[{"taxonomy":"product_brand","embeddable":true,"href":"https:\/\/staging6.peach-pump.com\/pl\/wp-json\/wp\/v2\/product_brand?post=87662"},{"taxonomy":"product_cat","embeddable":true,"href":"https:\/\/staging6.peach-pump.com\/pl\/wp-json\/wp\/v2\/product_cat?post=87662"},{"taxonomy":"product_tag","embeddable":true,"href":"https:\/\/staging6.peach-pump.com\/pl\/wp-json\/wp\/v2\/product_tag?post=87662"}],"curies":[{"name":"wp","href":"https:\/\/api.w.org\/{rel}","templated":true}]}}