{"id":87666,"date":"2024-08-27T14:26:32","date_gmt":"2024-08-27T12:26:32","guid":{"rendered":"https:\/\/staging6.peach-pump.com\/products\/niebieski-gorset-biale-ramiaczka\/"},"modified":"2025-10-28T23:14:49","modified_gmt":"2025-10-28T21:14:49","slug":"niebieski-gorset-biale-ramiaczka","status":"publish","type":"product","link":"https:\/\/staging6.peach-pump.com\/pl\/products\/niebieski-gorset-biale-ramiaczka\/","title":{"rendered":"Niebieski biustonosz z bia\u0142ymi rami\u0105czkami"},"content":{"rendered":"<p>Niebieski biustonosz z bia\u0142ymi rami\u0105czkami i wk\u0142adkami z efektem liftingu. Model ten zosta\u0142 wykonany z elastycznego, oddychaj\u0105cego materia\u0142u, kt\u00f3ry odprowadza wilgo\u0107 z cia\u0142a i zapewnia pe\u0142n\u0105 swobod\u0119 ruch\u00f3w podczas treningu. Wy\u015bci\u00f3\u0142ka jest wyjmowana i ma zgrzewane logo &#8220;Peach Pump&#8221; z przodu. Mo\u017cna go \u0142\u0105czy\u0107 z kr\u00f3tkimi legginsami w tym samym wzorze lub d\u0142ugimi legginsami w jednolitym kolorze.   <\/p>\n<p>\u015awie\u017ca propozycja, kt\u00f3ra sprawi, \u017ce poczujesz si\u0119 pi\u0119kna i seksowna.<\/p>\n<p>Dla biustonosza:<\/p>\n<ul>\n<li> Wyjmowane wk\u0142adki<\/li>\n<li> Efekt Push-Up<\/li>\n<li> Du\u017ca elastyczno\u015b\u0107<\/li>\n<li> Zgrzewane logo Peach Pump z przodu biustonosza<\/li>\n<li> Tkanina odprowadzaj\u0105ca wilgo\u0107 od cia\u0142a<\/li>\n<\/ul>\n<p>Sk\u0142ad: 80% poliester 20% elastan<\/p>\n<p>Gorset mo\u017cna pra\u0107 w temperaturze do 30 stopni, zaleca si\u0119 odwr\u00f3cenie podczas prania, nie nale\u017cy u\u017cywa\u0107 wybielaczy ani czy\u015bci\u0107 chemicznie.<\/p>\n<p>Modelka na zdj\u0119ciu ma 180 cm wzrostu, wa\u017cy 56 kg i pozuje z gorsetem w rozmiarze S.<\/p>\n<p>Aby wybra\u0107 dok\u0142adny rozmiar, skorzystaj z tabel rozmiarowych.<\/p>\n<p>&nbsp;<\/p>\n<p><a href=\"https:\/\/staging6.peach-pump.com\/wp-content\/uploads\/2024\/06\/Sport-Bras-Peach-Pump-size-chart-800x800.jpg\"><img loading=\"lazy\" decoding=\"async\" class=\"alignnone wp-image-80917 \" src=\"https:\/\/staging6.peach-pump.com\/wp-content\/uploads\/2024\/06\/Sport-Bras-Peach-Pump-size-chart-800x800.jpg\" alt=\"\" width=\"543\" height=\"543\" srcset=\"https:\/\/staging6.peach-pump.com\/wp-content\/uploads\/2024\/06\/Sport-Bras-Peach-Pump-size-chart-800x800.jpg 800w, https:\/\/staging6.peach-pump.com\/wp-content\/uploads\/2024\/06\/Sport-Bras-Peach-Pump-size-chart-480x480.jpg 480w, https:\/\/staging6.peach-pump.com\/wp-content\/uploads\/2024\/06\/Sport-Bras-Peach-Pump-size-chart-1000x1000.jpg 1000w, https:\/\/staging6.peach-pump.com\/wp-content\/uploads\/2024\/06\/Sport-Bras-Peach-Pump-size-chart-300x300.jpg 300w, https:\/\/staging6.peach-pump.com\/wp-content\/uploads\/2024\/06\/Sport-Bras-Peach-Pump-size-chart-150x150.jpg 150w, https:\/\/staging6.peach-pump.com\/wp-content\/uploads\/2024\/06\/Sport-Bras-Peach-Pump-size-chart-768x768.jpg 768w, https:\/\/staging6.peach-pump.com\/wp-content\/uploads\/2024\/06\/Sport-Bras-Peach-Pump-size-chart-990x990.jpg 990w, https:\/\/staging6.peach-pump.com\/wp-content\/uploads\/2024\/06\/Sport-Bras-Peach-Pump-size-chart-441x441.jpg 441w, https:\/\/staging6.peach-pump.com\/wp-content\/uploads\/2024\/06\/Sport-Bras-Peach-Pump-size-chart-100x100.jpg 100w, https:\/\/staging6.peach-pump.com\/wp-content\/uploads\/2024\/06\/Sport-Bras-Peach-Pump-size-chart-64x64.jpg 64w, https:\/\/staging6.peach-pump.com\/wp-content\/uploads\/2024\/06\/Sport-Bras-Peach-Pump-size-chart.jpg 1080w\" sizes=\"auto, (max-width: 543px) 100vw, 543px\" \/><\/a><\/p>\n","protected":false},"excerpt":{"rendered":"<p>Niebieski biustonosz z bia\u0142ymi rami\u0105czkami i wk\u0142adkami z efektem liftingu. Model ten zosta\u0142 wykonany z elastycznego, oddychaj\u0105cego materia\u0142u, kt\u00f3ry odprowadza wilgo\u0107 z cia\u0142a i zapewnia pe\u0142n\u0105 swobod\u0119 ruch\u00f3w podczas treningu. Wy\u015bci\u00f3\u0142ka jest wyjmowana i ma zgrzewane logo &#8220;Peach Pump&#8221; z przodu. Mo\u017cna go \u0142\u0105czy\u0107 z kr\u00f3tkimi legginsami w tym samym wzorze lub d\u0142ugimi legginsami w [&hellip;]<\/p>\n","protected":false},"featured_media":86675,"comment_status":"open","ping_status":"closed","template":"","meta":[],"product_brand":[],"product_cat":[361],"product_tag":[],"class_list":{"0":"post-87666","1":"product","2":"type-product","3":"status-publish","4":"has-post-thumbnail","6":"product_cat-biustonosz-staniki-sportove","7":"pa_cviat-niebieski","8":"pa_razmer-l-pl","9":"pa_razmer-m-pl-2","10":"pa_razmer-s-pl-2","11":"inventories-world","12":"inventories-uk","14":"first","15":"instock","16":"taxable","17":"shipping-taxable","18":"purchasable","19":"product-type-variable"},"_links":{"self":[{"href":"https:\/\/staging6.peach-pump.com\/pl\/wp-json\/wp\/v2\/product\/87666","targetHints":{"allow":["GET"]}}],"collection":[{"href":"https:\/\/staging6.peach-pump.com\/pl\/wp-json\/wp\/v2\/product"}],"about":[{"href":"https:\/\/staging6.peach-pump.com\/pl\/wp-json\/wp\/v2\/types\/product"}],"replies":[{"embeddable":true,"href":"https:\/\/staging6.peach-pump.com\/pl\/wp-json\/wp\/v2\/comments?post=87666"}],"version-history":[{"count":0,"href":"https:\/\/staging6.peach-pump.com\/pl\/wp-json\/wp\/v2\/product\/87666\/revisions"}],"wp:featuredmedia":[{"embeddable":true,"href":"https:\/\/staging6.peach-pump.com\/pl\/wp-json\/wp\/v2\/media\/86675"}],"wp:attachment":[{"href":"https:\/\/staging6.peach-pump.com\/pl\/wp-json\/wp\/v2\/media?parent=87666"}],"wp:term":[{"taxonomy":"product_brand","embeddable":true,"href":"https:\/\/staging6.peach-pump.com\/pl\/wp-json\/wp\/v2\/product_brand?post=87666"},{"taxonomy":"product_cat","embeddable":true,"href":"https:\/\/staging6.peach-pump.com\/pl\/wp-json\/wp\/v2\/product_cat?post=87666"},{"taxonomy":"product_tag","embeddable":true,"href":"https:\/\/staging6.peach-pump.com\/pl\/wp-json\/wp\/v2\/product_tag?post=87666"}],"curies":[{"name":"wp","href":"https:\/\/api.w.org\/{rel}","templated":true}]}}