{"id":87690,"date":"2024-08-27T22:49:40","date_gmt":"2024-08-27T20:49:40","guid":{"rendered":"https:\/\/staging6.peach-pump.com\/products\/rozowy-zestaw-sportowy-biale-szwy\/"},"modified":"2025-06-16T10:21:04","modified_gmt":"2025-06-16T08:21:04","slug":"rozowy-zestaw-sportowy-biale-szwy","status":"publish","type":"product","link":"https:\/\/staging6.peach-pump.com\/pl\/products\/rozowy-zestaw-sportowy-biale-szwy\/","title":{"rendered":"R\u00f3\u017cowy zestaw sportowy z bia\u0142ymi przeszyciami"},"content":{"rendered":"<p>R\u00f3\u017cowe, sportowe, kr\u00f3tkie legginsy i biustonosz z bia\u0142ymi przeszyciami. Zestaw sk\u0142ada si\u0119 z: sportowego biustonosza z bia\u0142ymi rami\u0105czkami i wk\u0142adkami, kt\u00f3re mo\u017cna wyj\u0105\u0107, ma zgrzewane logo &#8220;Peach Pump&#8221; z przodu i kr\u00f3tkie legginsy typu &#8220;Booty shorts&#8221; z bia\u0142ymi szwami. Ten model leggins\u00f3w jest bardzo rozci\u0105gliwy, pi\u0119knie modeluje sylwetk\u0119 i jest wykonany z materia\u0142u, kt\u00f3ry nie zatrzymuje wilgoci. Z ty\u0142u posiada delikatny brzoskwiniowy efekt. \u015awie\u017ca propozycja, w kt\u00f3rej poczujesz si\u0119 pi\u0119knie i seksownie.    <\/p>\n<p>Dla biustonosza:<\/p>\n<ul>\n<li> Wyjmowane wk\u0142adki<\/li>\n<li> Efekt Push-Up<\/li>\n<li> Du\u017ca elastyczno\u015b\u0107<\/li>\n<li> Zgrzewane logo Peach Pump z przodu biustonosza<\/li>\n<li> Tkanina odprowadzaj\u0105ca wilgo\u0107 od cia\u0142a<\/li>\n<\/ul>\n<p>Legginsy:<\/p>\n<ul>\n<li>Podnosz\u0105, modeluj\u0105, ukrywaj\u0105 problematyczne obszary<\/li>\n<li>Bez szwu z przodu<\/li>\n<li>Termicznie naklejone logo Peach Pump z ty\u0142u leggins\u00f3w<\/li>\n<li>Termicznie naklejone logo z boku uda<\/li>\n<li>Tkanina, kt\u00f3ra nie zatrzymuje wilgoci w ciele<\/li>\n<\/ul>\n<p>Sk\u0142ad: 80% poliester 20% elastan<\/p>\n<p>Str\u00f3j mo\u017cna pra\u0107 w temperaturze do 30 stopni, zaleca si\u0119 odwr\u00f3cenie prania, nie nale\u017cy u\u017cywa\u0107 wybielaczy ani czy\u015bci\u0107 chemicznie. Modelka na zdj\u0119ciu ma 180 cm wzrostu, wa\u017cy 56 kg i pozuje w gorsecie w rozmiarze S i legginsach w rozmiarze M.<\/p>\n<p>Aby wybra\u0107 dok\u0142adny rozmiar, skorzystaj z tabel rozmiarowych.<\/p>\n<p>&nbsp;<\/p>\n","protected":false},"excerpt":{"rendered":"<p>R\u00f3\u017cowe, sportowe, kr\u00f3tkie legginsy i biustonosz z bia\u0142ymi przeszyciami. Zestaw sk\u0142ada si\u0119 z: sportowego biustonosza z bia\u0142ymi rami\u0105czkami i wk\u0142adkami, kt\u00f3re mo\u017cna wyj\u0105\u0107, ma zgrzewane logo &#8220;Peach Pump&#8221; z przodu i kr\u00f3tkie legginsy typu &#8220;Booty shorts&#8221; z bia\u0142ymi szwami. Ten model leggins\u00f3w jest bardzo rozci\u0105gliwy, pi\u0119knie modeluje sylwetk\u0119 i jest wykonany z materia\u0142u, kt\u00f3ry nie [&hellip;]<\/p>\n","protected":false},"featured_media":87036,"comment_status":"open","ping_status":"closed","template":"","meta":[],"product_brand":[],"product_cat":[362,363],"product_tag":[],"class_list":{"0":"post-87690","1":"product","2":"type-product","3":"status-publish","4":"has-post-thumbnail","6":"product_cat-komplety-sportowe-damskie","7":"product_cat-krotkie-komplet-legginsy","8":"pa_cviat-rozowy","9":"inventories-world","10":"inventories-uk","12":"first","13":"instock","14":"virtual","15":"taxable","16":"purchasable","17":"product-type-yith_bundle"},"_links":{"self":[{"href":"https:\/\/staging6.peach-pump.com\/en\/wp-json\/wp\/v2\/product\/87690","targetHints":{"allow":["GET"]}}],"collection":[{"href":"https:\/\/staging6.peach-pump.com\/en\/wp-json\/wp\/v2\/product"}],"about":[{"href":"https:\/\/staging6.peach-pump.com\/en\/wp-json\/wp\/v2\/types\/product"}],"replies":[{"embeddable":true,"href":"https:\/\/staging6.peach-pump.com\/en\/wp-json\/wp\/v2\/comments?post=87690"}],"version-history":[{"count":0,"href":"https:\/\/staging6.peach-pump.com\/en\/wp-json\/wp\/v2\/product\/87690\/revisions"}],"wp:featuredmedia":[{"embeddable":true,"href":"https:\/\/staging6.peach-pump.com\/en\/wp-json\/wp\/v2\/media\/87036"}],"wp:attachment":[{"href":"https:\/\/staging6.peach-pump.com\/en\/wp-json\/wp\/v2\/media?parent=87690"}],"wp:term":[{"taxonomy":"product_brand","embeddable":true,"href":"https:\/\/staging6.peach-pump.com\/en\/wp-json\/wp\/v2\/product_brand?post=87690"},{"taxonomy":"product_cat","embeddable":true,"href":"https:\/\/staging6.peach-pump.com\/en\/wp-json\/wp\/v2\/product_cat?post=87690"},{"taxonomy":"product_tag","embeddable":true,"href":"https:\/\/staging6.peach-pump.com\/en\/wp-json\/wp\/v2\/product_tag?post=87690"}],"curies":[{"name":"wp","href":"https:\/\/api.w.org\/{rel}","templated":true}]}}