{"id":87691,"date":"2024-08-27T22:52:35","date_gmt":"2024-08-27T20:52:35","guid":{"rendered":"https:\/\/staging6.peach-pump.com\/products\/niebieski-zestaw-sportowy-biale-szwy\/"},"modified":"2025-06-12T12:39:07","modified_gmt":"2025-06-12T10:39:07","slug":"niebieski-zestaw-sportowy-biale-szwy","status":"publish","type":"product","link":"https:\/\/staging6.peach-pump.com\/pl\/products\/niebieski-zestaw-sportowy-biale-szwy\/","title":{"rendered":"Niebieski, zestaw sportowy z bia\u0142ymi przeszyciami"},"content":{"rendered":"<p>Niebieskie sportowe kr\u00f3tkie legginsy i bustier z bia\u0142ymi przeszyciami. Zestaw sk\u0142ada si\u0119 z: sportowego bustiera z bia\u0142ymi rami\u0105czkami i poduszkami do podnoszenia, kt\u00f3re mo\u017cna wyj\u0105\u0107, ma zgrzewane logo &#8220;Peach Pump&#8221; z przodu i kr\u00f3tkie legginsy typu &#8220;Booty shorts&#8221; z bia\u0142ymi szwami. Ten model leggins\u00f3w jest bardzo rozci\u0105gliwy, pi\u0119knie modeluje sylwetk\u0119 i jest wykonany z materia\u0142u, kt\u00f3ry nie zatrzymuje wilgoci. Z ty\u0142u posiada delikatny brzoskwiniowy efekt. \u015awie\u017ca propozycja, w kt\u00f3rej poczujesz si\u0119 pi\u0119knie i seksownie.    <\/p>\n<p>Dla biustonosza:<\/p>\n<ul>\n<li> Wyjmowane wk\u0142adki<\/li>\n<li> Efekt Push-Up<\/li>\n<li> Du\u017ca elastyczno\u015b\u0107<\/li>\n<li> Zgrzewane logo Peach Pump z przodu biustonosza<\/li>\n<li> Tkanina odprowadzaj\u0105ca wilgo\u0107 od cia\u0142a<\/li>\n<\/ul>\n<p>Legginsy:<\/p>\n<ul>\n<li>Podnosz\u0105, modeluj\u0105, ukrywaj\u0105 problematyczne obszary<\/li>\n<li>Bez szwu z przodu<\/li>\n<li>Termicznie naklejone logo Peach Pump z ty\u0142u leggins\u00f3w<\/li>\n<li>Termicznie naklejone logo z boku uda<\/li>\n<li>Tkanina, kt\u00f3ra nie zatrzymuje wilgoci w ciele<\/li>\n<\/ul>\n<p>Sk\u0142ad: 80% poliester 20% elastan<\/p>\n<p>Zesp\u00f3\u0142 mo\u017cna pra\u0107 w temperaturze do 30 stopni, zaleca si\u0119 odwr\u00f3cenie podczas prania, nie nale\u017cy u\u017cywa\u0107 wybielaczy ani czy\u015bci\u0107 chemicznie.<\/p>\n<p>Modelka na zdj\u0119ciu ma 180 cm wzrostu, wa\u017cy 56 kg i pozuje w gorsecie w rozmiarze S oraz legginsach w rozmiarze M.<\/p>\n<p>Aby wybra\u0107 dok\u0142adny rozmiar, skorzystaj z tabel rozmiarowych.<\/p>\n<p><a href=\"https:\/\/staging6.peach-pump.com\/wp-content\/uploads\/2024\/06\/Sport-Bras-Peach-Pump-size-chart-800x800.jpg\"><img loading=\"lazy\" decoding=\"async\" class=\"alignnone wp-image-80917 \" src=\"https:\/\/staging6.peach-pump.com\/wp-content\/uploads\/2024\/06\/Sport-Bras-Peach-Pump-size-chart-800x800.jpg\" alt=\"\" width=\"570\" height=\"570\" srcset=\"https:\/\/staging6.peach-pump.com\/wp-content\/uploads\/2024\/06\/Sport-Bras-Peach-Pump-size-chart-800x800.jpg 800w, https:\/\/staging6.peach-pump.com\/wp-content\/uploads\/2024\/06\/Sport-Bras-Peach-Pump-size-chart-480x480.jpg 480w, https:\/\/staging6.peach-pump.com\/wp-content\/uploads\/2024\/06\/Sport-Bras-Peach-Pump-size-chart-1000x1000.jpg 1000w, https:\/\/staging6.peach-pump.com\/wp-content\/uploads\/2024\/06\/Sport-Bras-Peach-Pump-size-chart-300x300.jpg 300w, https:\/\/staging6.peach-pump.com\/wp-content\/uploads\/2024\/06\/Sport-Bras-Peach-Pump-size-chart-150x150.jpg 150w, https:\/\/staging6.peach-pump.com\/wp-content\/uploads\/2024\/06\/Sport-Bras-Peach-Pump-size-chart-768x768.jpg 768w, https:\/\/staging6.peach-pump.com\/wp-content\/uploads\/2024\/06\/Sport-Bras-Peach-Pump-size-chart-990x990.jpg 990w, https:\/\/staging6.peach-pump.com\/wp-content\/uploads\/2024\/06\/Sport-Bras-Peach-Pump-size-chart-441x441.jpg 441w, https:\/\/staging6.peach-pump.com\/wp-content\/uploads\/2024\/06\/Sport-Bras-Peach-Pump-size-chart-100x100.jpg 100w, https:\/\/staging6.peach-pump.com\/wp-content\/uploads\/2024\/06\/Sport-Bras-Peach-Pump-size-chart-64x64.jpg 64w, https:\/\/staging6.peach-pump.com\/wp-content\/uploads\/2024\/06\/Sport-Bras-Peach-Pump-size-chart.jpg 1080w\" sizes=\"auto, (max-width: 570px) 100vw, 570px\" \/><\/a><a href=\"https:\/\/staging6.peach-pump.com\/wp-content\/uploads\/2024\/06\/Elastic-models-Peach-Pump-size-chart.jpg\"><img loading=\"lazy\" decoding=\"async\" class=\"alignnone wp-image-80867 \" src=\"https:\/\/staging6.peach-pump.com\/wp-content\/uploads\/2024\/06\/Elastic-models-Peach-Pump-size-chart.jpg\" alt=\"\" width=\"683\" height=\"512\" srcset=\"https:\/\/staging6.peach-pump.com\/wp-content\/uploads\/2024\/06\/Elastic-models-Peach-Pump-size-chart.jpg 1024w, https:\/\/staging6.peach-pump.com\/wp-content\/uploads\/2024\/06\/Elastic-models-Peach-Pump-size-chart-480x360.jpg 480w, https:\/\/staging6.peach-pump.com\/wp-content\/uploads\/2024\/06\/Elastic-models-Peach-Pump-size-chart-1000x750.jpg 1000w, https:\/\/staging6.peach-pump.com\/wp-content\/uploads\/2024\/06\/Elastic-models-Peach-Pump-size-chart-400x300.jpg 400w, https:\/\/staging6.peach-pump.com\/wp-content\/uploads\/2024\/06\/Elastic-models-Peach-Pump-size-chart-768x576.jpg 768w, https:\/\/staging6.peach-pump.com\/wp-content\/uploads\/2024\/06\/Elastic-models-Peach-Pump-size-chart-990x743.jpg 990w, https:\/\/staging6.peach-pump.com\/wp-content\/uploads\/2024\/06\/Elastic-models-Peach-Pump-size-chart-441x331.jpg 441w, https:\/\/staging6.peach-pump.com\/wp-content\/uploads\/2024\/06\/Elastic-models-Peach-Pump-size-chart-150x113.jpg 150w, https:\/\/staging6.peach-pump.com\/wp-content\/uploads\/2024\/06\/Elastic-models-Peach-Pump-size-chart-64x48.jpg 64w\" sizes=\"auto, (max-width: 683px) 100vw, 683px\" \/><\/a><\/p>\n","protected":false},"excerpt":{"rendered":"<p>Niebieskie sportowe kr\u00f3tkie legginsy i bustier z bia\u0142ymi przeszyciami. Zestaw sk\u0142ada si\u0119 z: sportowego bustiera z bia\u0142ymi rami\u0105czkami i poduszkami do podnoszenia, kt\u00f3re mo\u017cna wyj\u0105\u0107, ma zgrzewane logo &#8220;Peach Pump&#8221; z przodu i kr\u00f3tkie legginsy typu &#8220;Booty shorts&#8221; z bia\u0142ymi szwami. Ten model leggins\u00f3w jest bardzo rozci\u0105gliwy, pi\u0119knie modeluje sylwetk\u0119 i jest wykonany z materia\u0142u, [&hellip;]<\/p>\n","protected":false},"featured_media":87229,"comment_status":"open","ping_status":"closed","template":"","meta":[],"product_brand":[],"product_cat":[362,363],"product_tag":[],"class_list":{"0":"post-87691","1":"product","2":"type-product","3":"status-publish","4":"has-post-thumbnail","6":"product_cat-komplety-sportowe-damskie","7":"product_cat-krotkie-komplet-legginsy","8":"pa_cviat-niebieski","9":"inventories-world","10":"inventories-uk","12":"first","13":"instock","14":"virtual","15":"taxable","16":"purchasable","17":"product-type-yith_bundle"},"_links":{"self":[{"href":"https:\/\/staging6.peach-pump.com\/en\/wp-json\/wp\/v2\/product\/87691","targetHints":{"allow":["GET"]}}],"collection":[{"href":"https:\/\/staging6.peach-pump.com\/en\/wp-json\/wp\/v2\/product"}],"about":[{"href":"https:\/\/staging6.peach-pump.com\/en\/wp-json\/wp\/v2\/types\/product"}],"replies":[{"embeddable":true,"href":"https:\/\/staging6.peach-pump.com\/en\/wp-json\/wp\/v2\/comments?post=87691"}],"version-history":[{"count":0,"href":"https:\/\/staging6.peach-pump.com\/en\/wp-json\/wp\/v2\/product\/87691\/revisions"}],"wp:featuredmedia":[{"embeddable":true,"href":"https:\/\/staging6.peach-pump.com\/en\/wp-json\/wp\/v2\/media\/87229"}],"wp:attachment":[{"href":"https:\/\/staging6.peach-pump.com\/en\/wp-json\/wp\/v2\/media?parent=87691"}],"wp:term":[{"taxonomy":"product_brand","embeddable":true,"href":"https:\/\/staging6.peach-pump.com\/en\/wp-json\/wp\/v2\/product_brand?post=87691"},{"taxonomy":"product_cat","embeddable":true,"href":"https:\/\/staging6.peach-pump.com\/en\/wp-json\/wp\/v2\/product_cat?post=87691"},{"taxonomy":"product_tag","embeddable":true,"href":"https:\/\/staging6.peach-pump.com\/en\/wp-json\/wp\/v2\/product_tag?post=87691"}],"curies":[{"name":"wp","href":"https:\/\/api.w.org\/{rel}","templated":true}]}}