{"id":90816,"date":"2024-10-11T16:31:48","date_gmt":"2024-10-11T14:31:48","guid":{"rendered":"https:\/\/staging6.peach-pump.com\/products\/czapka-z-daszkiem-bezowa\/"},"modified":"2025-10-18T12:58:25","modified_gmt":"2025-10-18T10:58:25","slug":"czapka-z-daszkiem-bezowa","status":"publish","type":"product","link":"https:\/\/staging6.peach-pump.com\/pl\/products\/czapka-z-daszkiem-bezowa\/","title":{"rendered":"Be\u017cowa czapka z daszkiem Peach Pump"},"content":{"rendered":"<p>Po\u0142\u0105cz swoje ulubione legginsy i biustonosze z be\u017cow\u0105 czapk\u0105 z daszkiem Peach Pump. W gor\u0105ce letnie miesi\u0105ce b\u0119dzie doskona\u0142ym uzupe\u0142nieniem Twojej stylizacji, a jednocze\u015bnie os\u0142oni twarz przed ostrym s\u0142o\u0144cem. Czapka posiada spektakularny haftowany tr\u00f3jwymiarowy wz\u00f3r z r\u00f3\u017cowym logo z szar\u0105 obw\u00f3dk\u0105 i motywacyjnym has\u0142em: &#8220;Sexy, Strong, Savage&#8221;. Czapka ma uniwersalny rozmiar i jest regulowana zapi\u0119ciem na klamr\u0119, a daszek jest zakrzywiony. B\u0105d\u017a stylowa i wyr\u00f3\u017cniaj\u0105ca si\u0119 dzi\u0119ki temu doskona\u0142emu wyko\u0144czeniu swojego sportowego stroju.<\/p>\n","protected":false},"excerpt":{"rendered":"<p>Po\u0142\u0105cz swoje ulubione legginsy i biustonosze z be\u017cow\u0105 czapk\u0105 z daszkiem Peach Pump. W gor\u0105ce letnie miesi\u0105ce b\u0119dzie doskona\u0142ym uzupe\u0142nieniem Twojej stylizacji, a jednocze\u015bnie os\u0142oni twarz przed ostrym s\u0142o\u0144cem. Czapka posiada spektakularny haftowany tr\u00f3jwymiarowy wz\u00f3r z r\u00f3\u017cowym logo z szar\u0105 obw\u00f3dk\u0105 i motywacyjnym has\u0142em: &#8220;Sexy, Strong, Savage&#8221;. Czapka ma uniwersalny rozmiar i jest regulowana zapi\u0119ciem [&hellip;]<\/p>\n","protected":false},"featured_media":90376,"comment_status":"open","ping_status":"closed","template":"","meta":[],"product_brand":[],"product_cat":[861],"product_tag":[],"class_list":{"0":"post-90816","1":"product","2":"type-product","3":"status-publish","4":"has-post-thumbnail","6":"product_cat-akcesoria","7":"pa_cviat-bezowy","8":"pa_razmer-one-size-pl","9":"inventories-world","10":"inventories-uk","12":"first","13":"instock","14":"taxable","15":"shipping-taxable","16":"purchasable","17":"product-type-variable"},"_links":{"self":[{"href":"https:\/\/staging6.peach-pump.com\/en\/wp-json\/wp\/v2\/product\/90816","targetHints":{"allow":["GET"]}}],"collection":[{"href":"https:\/\/staging6.peach-pump.com\/en\/wp-json\/wp\/v2\/product"}],"about":[{"href":"https:\/\/staging6.peach-pump.com\/en\/wp-json\/wp\/v2\/types\/product"}],"replies":[{"embeddable":true,"href":"https:\/\/staging6.peach-pump.com\/en\/wp-json\/wp\/v2\/comments?post=90816"}],"version-history":[{"count":0,"href":"https:\/\/staging6.peach-pump.com\/en\/wp-json\/wp\/v2\/product\/90816\/revisions"}],"wp:featuredmedia":[{"embeddable":true,"href":"https:\/\/staging6.peach-pump.com\/en\/wp-json\/wp\/v2\/media\/90376"}],"wp:attachment":[{"href":"https:\/\/staging6.peach-pump.com\/en\/wp-json\/wp\/v2\/media?parent=90816"}],"wp:term":[{"taxonomy":"product_brand","embeddable":true,"href":"https:\/\/staging6.peach-pump.com\/en\/wp-json\/wp\/v2\/product_brand?post=90816"},{"taxonomy":"product_cat","embeddable":true,"href":"https:\/\/staging6.peach-pump.com\/en\/wp-json\/wp\/v2\/product_cat?post=90816"},{"taxonomy":"product_tag","embeddable":true,"href":"https:\/\/staging6.peach-pump.com\/en\/wp-json\/wp\/v2\/product_tag?post=90816"}],"curies":[{"name":"wp","href":"https:\/\/api.w.org\/{rel}","templated":true}]}}