{"id":90827,"date":"2024-10-11T17:05:02","date_gmt":"2024-10-11T15:05:02","guid":{"rendered":"https:\/\/staging6.peach-pump.com\/products\/czarny-kombinezon-sportowy\/"},"modified":"2025-11-10T18:42:40","modified_gmt":"2025-11-10T16:42:40","slug":"czarny-kombinezon-sportowy","status":"publish","type":"product","link":"https:\/\/staging6.peach-pump.com\/pl\/products\/czarny-kombinezon-sportowy\/","title":{"rendered":"Bezszwowy, czarny kombinezon sportowy z regulowanymi rami\u0105czkami"},"content":{"rendered":"<p>Czarny sportowy kombinezon z bezszwowego, elastycznego materia\u0142u, kt\u00f3ry idealnie dopasowuje si\u0119 do cia\u0142a. Model ma regulowane rami\u0105czka z ty\u0142u, wy\u017csz\u0105 tali\u0119 z ty\u0142u, co zapewnia wygod\u0119 podczas \u0107wicze\u0144. Posiada wk\u0142adki z efektem liftingu, kt\u00f3re unosz\u0105 biust i pi\u0119knie prezentuje si\u0119 bez stanika. Talia kombinezonu jest marszczona, co j\u0105 podkre\u015bla i rze\u017abi. Legginsy maj\u0105 efekt Peachy kszta\u0142tuj\u0105 doskonale sylwetk\u0119. Jest dost\u0119pny w dw\u00f3ch innych kolorach, kt\u00f3re s\u0105 w sezonie.     <\/p>\n<ul>\n<li>Tkanina bez szw\u00f3w<\/li>\n<li>Regulowane paski<\/li>\n<li>Wk\u0142adki z efektem push-up<\/li>\n<li>Wci\u0119cia w talii, marszczenia i modelowanie<\/li>\n<li>Efekt Peachy<\/li>\n<li>Termicznie naklejone logo Peach Pump z boku i z ty\u0142u kombinezonu<\/li>\n<\/ul>\n<p>Sk\u0142ad: 80% poliester, 20% elastan.<\/p>\n<p>Modelka na zdj\u0119ciu ma 164 cm wzrostu, wa\u017cy 52 kg i pozuje w rozmiarze S.<\/p>\n<p>Kombinezon mo\u017cna pra\u0107 w temperaturze do 30 stopni, nie nale\u017cy go wybiela\u0107 ani czy\u015bci\u0107 chemicznie.<\/p>\n<p>Aby wybra\u0107 dok\u0142adny rozmiar, skorzystaj z tabel rozmiarowych.<\/p>\n<p>&nbsp;<\/p>\n","protected":false},"excerpt":{"rendered":"<p>Czarny sportowy kombinezon z bezszwowego, elastycznego materia\u0142u, kt\u00f3ry idealnie dopasowuje si\u0119 do cia\u0142a. Model ma regulowane rami\u0105czka z ty\u0142u, wy\u017csz\u0105 tali\u0119 z ty\u0142u, co zapewnia wygod\u0119 podczas \u0107wicze\u0144. Posiada wk\u0142adki z efektem liftingu, kt\u00f3re unosz\u0105 biust i pi\u0119knie prezentuje si\u0119 bez stanika. Talia kombinezonu jest marszczona, co j\u0105 podkre\u015bla i rze\u017abi. Legginsy maj\u0105 efekt Peachy [&hellip;]<\/p>\n","protected":false},"featured_media":90516,"comment_status":"open","ping_status":"closed","template":"","meta":[],"product_brand":[],"product_cat":[1128,362,364],"product_tag":[],"class_list":{"0":"post-90827","1":"product","2":"type-product","3":"status-publish","4":"has-post-thumbnail","6":"product_cat-kombinezony-sportowe-damskie","7":"product_cat-komplety-sportowe-damskie","8":"product_cat-omplet-sportowy-top-legginsy","9":"pa_cviat-czarny","10":"pa_razmer-l-pl","11":"pa_razmer-m-pl-2","12":"pa_razmer-s-pl-2","13":"inventories-world","14":"inventories-uk","16":"first","17":"instock","18":"taxable","19":"shipping-taxable","20":"purchasable","21":"product-type-variable"},"_links":{"self":[{"href":"https:\/\/staging6.peach-pump.com\/pl\/wp-json\/wp\/v2\/product\/90827","targetHints":{"allow":["GET"]}}],"collection":[{"href":"https:\/\/staging6.peach-pump.com\/pl\/wp-json\/wp\/v2\/product"}],"about":[{"href":"https:\/\/staging6.peach-pump.com\/pl\/wp-json\/wp\/v2\/types\/product"}],"replies":[{"embeddable":true,"href":"https:\/\/staging6.peach-pump.com\/pl\/wp-json\/wp\/v2\/comments?post=90827"}],"version-history":[{"count":0,"href":"https:\/\/staging6.peach-pump.com\/pl\/wp-json\/wp\/v2\/product\/90827\/revisions"}],"wp:featuredmedia":[{"embeddable":true,"href":"https:\/\/staging6.peach-pump.com\/pl\/wp-json\/wp\/v2\/media\/90516"}],"wp:attachment":[{"href":"https:\/\/staging6.peach-pump.com\/pl\/wp-json\/wp\/v2\/media?parent=90827"}],"wp:term":[{"taxonomy":"product_brand","embeddable":true,"href":"https:\/\/staging6.peach-pump.com\/pl\/wp-json\/wp\/v2\/product_brand?post=90827"},{"taxonomy":"product_cat","embeddable":true,"href":"https:\/\/staging6.peach-pump.com\/pl\/wp-json\/wp\/v2\/product_cat?post=90827"},{"taxonomy":"product_tag","embeddable":true,"href":"https:\/\/staging6.peach-pump.com\/pl\/wp-json\/wp\/v2\/product_tag?post=90827"}],"curies":[{"name":"wp","href":"https:\/\/api.w.org\/{rel}","templated":true}]}}