{"id":93149,"date":"2024-11-02T22:56:29","date_gmt":"2024-11-02T20:56:29","guid":{"rendered":"https:\/\/staging6.peach-pump.com\/products\/rozowe-legginsy-niska-talia\/"},"modified":"2025-11-10T12:06:22","modified_gmt":"2025-11-10T10:06:22","slug":"rozowe-legginsy-niska-talia","status":"publish","type":"product","link":"https:\/\/staging6.peach-pump.com\/pl\/products\/rozowe-legginsy-niska-talia\/","title":{"rendered":"R\u00f3zowe legginsy z niskim stanem"},"content":{"rendered":"<p>R\u00f3\u017cowe legginsy z niskim stanem stworzone z grubej, bezszwowej, elastycznej i mi\u0119kkiej w dotyku tkaniny. Model ten doskonale modeluje sylwetk\u0119 ma ni\u017csza talie. Materia\u0142 leggins\u00f3w ukrywa problematyczne miejsca, odprowadza wilgo\u0107 z cia\u0142a i modeluje po\u015bladki w kszta\u0142cie brzoskwini, zapewniaj\u0105c pi\u0119kn\u0105 i zgrabn\u0105 sylwetk\u0119.   Z tym modelem poczujesz si\u0119 komfortowo i pewnie. Mo\u017cesz dopasowa\u0107 legginsy do biustonosza w tym samym wzorze lub sprawi\u0107, \u017ce Tw\u00f3j w\u0142asny str\u00f3j sportowy b\u0119dzie wyrazisty i inny dzi\u0119ki naszej szerokiej kolekcji kurtek, stanik\u00f3w sportowych i akcesori\u00f3w.<\/p>\n<ul>\n<li>Niska talia<\/li>\n<li>Tkanina bez szw\u00f3w<\/li>\n<li>Podnosz\u0105, modeluj\u0105, ukrywaj\u0105 problematyczne obszary<\/li>\n<li>Pr\u0105\u017ckowany pas obejmuj\u0105cy talie<\/li>\n<li>Efekt Peachy<\/li>\n<li>Bez szwu z przodu<\/li>\n<li>Termicznie naklejone logo Peach Pump z ty\u0142u leggins\u00f3w<\/li>\n<li>Logo Peach Pump na udzie<\/li>\n<li>Tkanina odprowadzaj\u0105ca wilgo\u0107 z cia\u0142a<\/li>\n<\/ul>\n<p>Sk\u0142ad: 80% poliester 20% elastan<\/p>\n<p>Legginsy mo\u017cna pra\u0107 w temperaturze do 30 stopni. Nie wybiela\u0107 i nie czy\u015bci\u0107 chemicznie.<\/p>\n<p>Modelka na zdj\u0119ciu ma 162 cm wzrostu, wa\u017cy 51 kg i nosi rozmiar S.<\/p>\n<p>Aby wybra\u0107 dok\u0142adny rozmiar, skorzystaj z tabel rozmiarowych.<\/p>\n","protected":false},"excerpt":{"rendered":"<p>R\u00f3\u017cowe legginsy z niskim stanem stworzone z grubej, bezszwowej, elastycznej i mi\u0119kkiej w dotyku tkaniny. Model ten doskonale modeluje sylwetk\u0119 ma ni\u017csza talie. Materia\u0142 leggins\u00f3w ukrywa problematyczne miejsca, odprowadza wilgo\u0107 z cia\u0142a i modeluje po\u015bladki w kszta\u0142cie brzoskwini, zapewniaj\u0105c pi\u0119kn\u0105 i zgrabn\u0105 sylwetk\u0119. Z tym modelem poczujesz si\u0119 komfortowo i pewnie. Mo\u017cesz dopasowa\u0107 legginsy do [&hellip;]<\/p>\n","protected":false},"featured_media":92519,"comment_status":"open","ping_status":"closed","template":"","meta":[],"product_brand":[],"product_cat":[144,307],"product_tag":[],"class_list":{"0":"post-93149","1":"product","2":"type-product","3":"status-publish","4":"has-post-thumbnail","6":"product_cat-legginsy-sportowe-damskie","7":"product_cat-legginsy-damskie-dlugie","8":"pa_cviat-rozowy","9":"pa_razmer-l-pl","10":"pa_razmer-m-pl-2","11":"pa_razmer-s-pl-2","12":"pa_razmer-xl-pl","13":"inventories-world","14":"inventories-uk","16":"first","17":"instock","18":"taxable","19":"shipping-taxable","20":"purchasable","21":"product-type-variable"},"_links":{"self":[{"href":"https:\/\/staging6.peach-pump.com\/pl\/wp-json\/wp\/v2\/product\/93149","targetHints":{"allow":["GET"]}}],"collection":[{"href":"https:\/\/staging6.peach-pump.com\/pl\/wp-json\/wp\/v2\/product"}],"about":[{"href":"https:\/\/staging6.peach-pump.com\/pl\/wp-json\/wp\/v2\/types\/product"}],"replies":[{"embeddable":true,"href":"https:\/\/staging6.peach-pump.com\/pl\/wp-json\/wp\/v2\/comments?post=93149"}],"version-history":[{"count":0,"href":"https:\/\/staging6.peach-pump.com\/pl\/wp-json\/wp\/v2\/product\/93149\/revisions"}],"wp:featuredmedia":[{"embeddable":true,"href":"https:\/\/staging6.peach-pump.com\/pl\/wp-json\/wp\/v2\/media\/92519"}],"wp:attachment":[{"href":"https:\/\/staging6.peach-pump.com\/pl\/wp-json\/wp\/v2\/media?parent=93149"}],"wp:term":[{"taxonomy":"product_brand","embeddable":true,"href":"https:\/\/staging6.peach-pump.com\/pl\/wp-json\/wp\/v2\/product_brand?post=93149"},{"taxonomy":"product_cat","embeddable":true,"href":"https:\/\/staging6.peach-pump.com\/pl\/wp-json\/wp\/v2\/product_cat?post=93149"},{"taxonomy":"product_tag","embeddable":true,"href":"https:\/\/staging6.peach-pump.com\/pl\/wp-json\/wp\/v2\/product_tag?post=93149"}],"curies":[{"name":"wp","href":"https:\/\/api.w.org\/{rel}","templated":true}]}}