{"id":93256,"date":"2024-11-02T23:08:48","date_gmt":"2024-11-02T21:08:48","guid":{"rendered":"https:\/\/staging6.peach-pump.com\/products\/brazowy-bezszwowy-biustonosz-dekolt-v\/"},"modified":"2025-11-10T11:33:24","modified_gmt":"2025-11-10T09:33:24","slug":"brazowy-bezszwowy-biustonosz-dekolt-v","status":"publish","type":"product","link":"https:\/\/staging6.peach-pump.com\/pl\/products\/brazowy-bezszwowy-biustonosz-dekolt-v\/","title":{"rendered":"Br\u0105zowy bezszwowy biustonosz z g\u0142\u0119bokim dekoltem V"},"content":{"rendered":"<p>Bezszwowy, br\u0105zowy biustonosz z g\u0142\u0119bokim dekoltem V, wyjmowanymi wk\u0142adkami i regulowanymi rami\u0105czkami. Model wykonano z mi\u0119kkiego, bardzo elastycznego, oddychaj\u0105cego materia\u0142u, kt\u00f3ry odprowadza wilgo\u0107 od cia\u0142a. Biustonosz mo\u017cna nosi\u0107 r\u00f3wnie\u017c pod ubraniem, jego kr\u00f3j nie rzuca si\u0119 w oczy, a Ty poczujesz komfort i swobod\u0119 ruch\u00f3w. Dost\u0119pny w r\u00f3\u017cnych kolorach, mo\u017cna go dopasowa\u0107 do leggins\u00f3w w tym samym kolorze lub innym. Sprawd\u017a w zak\u0142adce &#8220;Stroje sportowe&#8221;.<\/p>\n<ul>\n<li> Wyjmowane wk\u0142adki<\/li>\n<li> Efekt Push-Up<\/li>\n<li> Regulowane rami\u0105czka<\/li>\n<li> Du\u017ca elastyczno\u015b\u0107<\/li>\n<li> Termicznie naklejone logo Peach Pump z boku biustonosza<\/li>\n<li> Technologia odprowadzania wilgoci od cia\u0142a<\/li>\n<\/ul>\n<p>Sk\u0142ad: 80% poliester 20% elastan<\/p>\n<p>Biustonosz mo\u017cna pra\u0107 w temperaturze do 30 stopni. Nie wybiela\u0107. Nie czy\u015bci\u0107 chemicznie.<\/p>\n<p>Modelka na zdj\u0119ciu ma 165 cm wzrostu, wa\u017cy 51 kg i nosi rozmiar S.<\/p>\n<p>Aby wybra\u0107 dok\u0142adny rozmiar, skorzystaj z tabel rozmiarowych.<\/p>\n","protected":false},"excerpt":{"rendered":"<p>Bezszwowy, br\u0105zowy biustonosz z g\u0142\u0119bokim dekoltem V, wyjmowanymi wk\u0142adkami i regulowanymi rami\u0105czkami. Model wykonano z mi\u0119kkiego, bardzo elastycznego, oddychaj\u0105cego materia\u0142u, kt\u00f3ry odprowadza wilgo\u0107 od cia\u0142a. Biustonosz mo\u017cna nosi\u0107 r\u00f3wnie\u017c pod ubraniem, jego kr\u00f3j nie rzuca si\u0119 w oczy, a Ty poczujesz komfort i swobod\u0119 ruch\u00f3w. Dost\u0119pny w r\u00f3\u017cnych kolorach, mo\u017cna go dopasowa\u0107 do leggins\u00f3w w [&hellip;]<\/p>\n","protected":false},"featured_media":92622,"comment_status":"open","ping_status":"closed","template":"","meta":[],"product_brand":[],"product_cat":[361],"product_tag":[],"class_list":{"0":"post-93256","1":"product","2":"type-product","3":"status-publish","4":"has-post-thumbnail","6":"product_cat-biustonosz-staniki-sportove","7":"pa_cviat-brazowy","8":"pa_razmer-l-pl","9":"pa_razmer-m-pl-2","10":"pa_razmer-s-pl-2","11":"inventories-world","12":"inventories-uk","14":"first","15":"instock","16":"taxable","17":"shipping-taxable","18":"purchasable","19":"product-type-variable"},"_links":{"self":[{"href":"https:\/\/staging6.peach-pump.com\/pl\/wp-json\/wp\/v2\/product\/93256","targetHints":{"allow":["GET"]}}],"collection":[{"href":"https:\/\/staging6.peach-pump.com\/pl\/wp-json\/wp\/v2\/product"}],"about":[{"href":"https:\/\/staging6.peach-pump.com\/pl\/wp-json\/wp\/v2\/types\/product"}],"replies":[{"embeddable":true,"href":"https:\/\/staging6.peach-pump.com\/pl\/wp-json\/wp\/v2\/comments?post=93256"}],"version-history":[{"count":0,"href":"https:\/\/staging6.peach-pump.com\/pl\/wp-json\/wp\/v2\/product\/93256\/revisions"}],"wp:featuredmedia":[{"embeddable":true,"href":"https:\/\/staging6.peach-pump.com\/pl\/wp-json\/wp\/v2\/media\/92622"}],"wp:attachment":[{"href":"https:\/\/staging6.peach-pump.com\/pl\/wp-json\/wp\/v2\/media?parent=93256"}],"wp:term":[{"taxonomy":"product_brand","embeddable":true,"href":"https:\/\/staging6.peach-pump.com\/pl\/wp-json\/wp\/v2\/product_brand?post=93256"},{"taxonomy":"product_cat","embeddable":true,"href":"https:\/\/staging6.peach-pump.com\/pl\/wp-json\/wp\/v2\/product_cat?post=93256"},{"taxonomy":"product_tag","embeddable":true,"href":"https:\/\/staging6.peach-pump.com\/pl\/wp-json\/wp\/v2\/product_tag?post=93256"}],"curies":[{"name":"wp","href":"https:\/\/api.w.org\/{rel}","templated":true}]}}