{"id":93282,"date":"2024-11-03T07:49:51","date_gmt":"2024-11-03T05:49:51","guid":{"rendered":"https:\/\/staging6.peach-pump.com\/products\/brazowy-zestaw-legginsy-i-biustonosz\/"},"modified":"2025-10-10T10:44:49","modified_gmt":"2025-10-10T08:44:49","slug":"brazowy-zestaw-legginsy-i-biustonosz","status":"publish","type":"product","link":"https:\/\/staging6.peach-pump.com\/pl\/products\/brazowy-zestaw-legginsy-i-biustonosz\/","title":{"rendered":"Br\u0105zowy zestaw leggins\u00f3w i biustonosza z g\u0142\u0119bokim dekoltem V"},"content":{"rendered":"<p>Bezszwowy br\u0105zowy zestaw, legginsy i biustonosz z g\u0142\u0119bokim dekoltem V. Komplet zosta\u0142 wykonany z bezszwowego, elastycznego i mi\u0119kkiego w dotyku materia\u0142u. Model doskonale kszta\u0142tuje sylwetk\u0119, ma obni\u017con\u0105 tali\u0119 z paskiem na biodra. Materia\u0142 leggins\u00f3w ukrywa problematyczne obszary, odprowadza wilgo\u0107 z cia\u0142a i modeluje po\u015bladki w kszta\u0142cie brzoskwini, zapewniaj\u0105c pi\u0119kn\u0105 i zgrabn\u0105 sylwetk\u0119. Biustonosz ma seksowny dekolt V, regulowane rami\u0105czka, wk\u0142adki z efektem liftingu, kt\u00f3re mo\u017cna dowolnie wyjmowa\u0107, mo\u017cna go r\u00f3wnie\u017c nosi\u0107 pod ubraniem, jego konstrukcja nie rzuca si\u0119 w oczy, a Ty poczujesz komfort i swobod\u0119 ruch\u00f3w.     Sportowy zestaw mo\u017cna po\u0142\u0105czy\u0107 z czapk\u0105 i kurtk\u0105 marki, aby uzyska\u0107 idealne wyko\u0144czenie stylizacji Peach Pump.<\/p>\n<p>Dla biustonosza:<\/p>\n<ul>\n<li>g\u0142\u0119boki dekolt V<\/li>\n<li>Wyjmowane wk\u0142adki<\/li>\n<li> Efekt Push-Up<\/li>\n<li> Regulowane rami\u0105czka<\/li>\n<li> Du\u017ca elastyczno\u015b\u0107<\/li>\n<li> Termicznie naklejone logo Peach Pump z boku biustonosza<\/li>\n<li> Technologia odprowadzania wilgoci od cia\u0142a<\/li>\n<\/ul>\n<p>Do Leggins\u00f3w:<\/p>\n<ul>\n<li>\u015arednia talia<\/li>\n<li>Tkanina bez szw\u00f3w<\/li>\n<li>Podnosz\u0105, modeluj\u0105, ukrywaj\u0105 problematyczne obszary<\/li>\n<li>Pr\u0105\u017ckowany pas obejmuj\u0105cy talie<\/li>\n<li>Efekt Peachy<\/li>\n<li>Bez szwu z przodu<\/li>\n<li>Termicznie naklejone logo Peach Pump z ty\u0142u leggins\u00f3w<\/li>\n<li>Tkanina odprowadzaj\u0105ca wilgo\u0107 z cia\u0142a<\/li>\n<\/ul>\n<p>Sk\u0142ad: 80% poliester 20% elastan<\/p>\n<p>Zestaw mo\u017cna pra\u0107 w temperaturze do 30 stopni, nie nale\u017cy u\u017cywa\u0107 wybielaczy ani czy\u015bci\u0107 chemicznie.<\/p>\n<p>Modelka na zdj\u0119ciu ma 163 cm wzrostu, wa\u017cy 51 kg i nosi legginsy i biustonosz w rozmiarze S.<\/p>\n<p>Aby wybra\u0107 dok\u0142adny rozmiar, skorzystaj z tabel rozmiarowych.<\/p>\n","protected":false},"excerpt":{"rendered":"<p>Bezszwowy br\u0105zowy zestaw, legginsy i biustonosz z g\u0142\u0119bokim dekoltem V. Komplet zosta\u0142 wykonany z bezszwowego, elastycznego i mi\u0119kkiego w dotyku materia\u0142u. Model doskonale kszta\u0142tuje sylwetk\u0119, ma obni\u017con\u0105 tali\u0119 z paskiem na biodra. Materia\u0142 leggins\u00f3w ukrywa problematyczne obszary, odprowadza wilgo\u0107 z cia\u0142a i modeluje po\u015bladki w kszta\u0142cie brzoskwini, zapewniaj\u0105c pi\u0119kn\u0105 i zgrabn\u0105 sylwetk\u0119. Biustonosz ma seksowny [&hellip;]<\/p>\n","protected":false},"featured_media":92897,"comment_status":"open","ping_status":"closed","template":"","meta":[],"product_brand":[],"product_cat":[362,364],"product_tag":[],"class_list":{"0":"post-93282","1":"product","2":"type-product","3":"status-publish","4":"has-post-thumbnail","6":"product_cat-komplety-sportowe-damskie","7":"product_cat-omplet-sportowy-top-legginsy","8":"pa_cviat-brazowy","9":"inventories-world","10":"inventories-uk","12":"first","13":"instock","14":"virtual","15":"taxable","16":"purchasable","17":"product-type-yith_bundle"},"_links":{"self":[{"href":"https:\/\/staging6.peach-pump.com\/pl\/wp-json\/wp\/v2\/product\/93282","targetHints":{"allow":["GET"]}}],"collection":[{"href":"https:\/\/staging6.peach-pump.com\/pl\/wp-json\/wp\/v2\/product"}],"about":[{"href":"https:\/\/staging6.peach-pump.com\/pl\/wp-json\/wp\/v2\/types\/product"}],"replies":[{"embeddable":true,"href":"https:\/\/staging6.peach-pump.com\/pl\/wp-json\/wp\/v2\/comments?post=93282"}],"version-history":[{"count":0,"href":"https:\/\/staging6.peach-pump.com\/pl\/wp-json\/wp\/v2\/product\/93282\/revisions"}],"wp:featuredmedia":[{"embeddable":true,"href":"https:\/\/staging6.peach-pump.com\/pl\/wp-json\/wp\/v2\/media\/92897"}],"wp:attachment":[{"href":"https:\/\/staging6.peach-pump.com\/pl\/wp-json\/wp\/v2\/media?parent=93282"}],"wp:term":[{"taxonomy":"product_brand","embeddable":true,"href":"https:\/\/staging6.peach-pump.com\/pl\/wp-json\/wp\/v2\/product_brand?post=93282"},{"taxonomy":"product_cat","embeddable":true,"href":"https:\/\/staging6.peach-pump.com\/pl\/wp-json\/wp\/v2\/product_cat?post=93282"},{"taxonomy":"product_tag","embeddable":true,"href":"https:\/\/staging6.peach-pump.com\/pl\/wp-json\/wp\/v2\/product_tag?post=93282"}],"curies":[{"name":"wp","href":"https:\/\/api.w.org\/{rel}","templated":true}]}}