{"id":96050,"date":"2024-11-17T20:13:42","date_gmt":"2024-11-17T18:13:42","guid":{"rendered":"https:\/\/staging6.peach-pump.com\/products\/biala-sportowa-bluza-z-wysokim-kolnierzem\/"},"modified":"2025-10-31T12:51:00","modified_gmt":"2025-10-31T10:51:00","slug":"biala-sportowa-bluza-z-wysokim-kolnierzem","status":"publish","type":"product","link":"https:\/\/staging6.peach-pump.com\/pl\/products\/biala-sportowa-bluza-z-wysokim-kolnierzem\/","title":{"rendered":"Bia\u0142a koszula sportowa z wysokim ko\u0142nierzem"},"content":{"rendered":"<p>Bia\u0142a sportowa bluza z wysokim ko\u0142nierzem, typu polo z kr\u00f3tkim r\u0119kawem. Bluza wykonana jest z bardzo lekkiej i elastycznej tkaniny, kt\u00f3ra nie zatrzymuje wilgoci w ciele. Ma kr\u00f3j, kt\u00f3ry optycznie zmniejsza tali\u0119, oraz termicznie naklejone logo \u201ePeach Pump\u201d z przodu u do\u0142u bluzy. Model nadaje si\u0119 do \u0107wicze\u0144 fitness, biegania, \u0107wicze\u0144 aerobowych czy spaceru po parku. Lekki materia\u0142 bluzki pie\u015bci cia\u0142o i daje poczucie ca\u0142kowitej swobody ruch\u00f3w. \u015awietnie komponuje si\u0119 ze wszystkimi naszymi modelami leggins\u00f3w, a dlaczego nie z jeansami..<\/p>\n<ul>\n<li>Lekki materia\u0142<\/li>\n<li>Du\u017ca elastyczno\u015b\u0107<\/li>\n<li>Kr\u00f3j obcis\u0142y<\/li>\n<li>Termicznie naklejone logo &#8220;Peach Pump&#8221; z przodu, u do\u0142u bluzy<\/li>\n<li>Tkanina, kt\u00f3ra nie zatrzymuje wilgoci w ciele<\/li>\n<\/ul>\n<p>Sk\u0142ad: elastan i poliester<\/p>\n<p>Bluz\u0119 mo\u017cna pra\u0107 w temperaturze do 30 stopni, prosz\u0119 nie wybiela\u0107, nie suszy\u0107 w suszarce ani czy\u015bci\u0107 chemicznie.<\/p>\n<p>Modelka na zdj\u0119ciu ma 170 cm wzrostu, wa\u017cy 54 kg i ma na sobie rozmiar S.<\/p>\n<p>Aby wybra\u0107 dok\u0142adny rozmiar, skorzystaj z tabel rozmiarowych.<\/p>\n<p>&nbsp;<\/p>\n","protected":false},"excerpt":{"rendered":"<p>Bia\u0142a sportowa bluza z wysokim ko\u0142nierzem, typu polo z kr\u00f3tkim r\u0119kawem. Bluza wykonana jest z bardzo lekkiej i elastycznej tkaniny, kt\u00f3ra nie zatrzymuje wilgoci w ciele. Ma kr\u00f3j, kt\u00f3ry optycznie zmniejsza tali\u0119, oraz termicznie naklejone logo \u201ePeach Pump\u201d z przodu u do\u0142u bluzy. Model nadaje si\u0119 do \u0107wicze\u0144 fitness, biegania, \u0107wicze\u0144 aerobowych czy spaceru po [&hellip;]<\/p>\n","protected":false},"featured_media":95499,"comment_status":"open","ping_status":"closed","template":"","meta":[],"product_brand":[],"product_cat":[360],"product_tag":[],"class_list":{"0":"post-96050","1":"product","2":"type-product","3":"status-publish","4":"has-post-thumbnail","6":"product_cat-bluzki-koszulki-fitness-sportowe","7":"pa_cviat-bialy-pl","8":"pa_razmer-l-pl","9":"pa_razmer-m-pl-2","10":"pa_razmer-s-pl-2","11":"inventories-world","12":"inventories-uk","14":"first","15":"instock","16":"taxable","17":"shipping-taxable","18":"purchasable","19":"product-type-variable"},"_links":{"self":[{"href":"https:\/\/staging6.peach-pump.com\/en\/wp-json\/wp\/v2\/product\/96050","targetHints":{"allow":["GET"]}}],"collection":[{"href":"https:\/\/staging6.peach-pump.com\/en\/wp-json\/wp\/v2\/product"}],"about":[{"href":"https:\/\/staging6.peach-pump.com\/en\/wp-json\/wp\/v2\/types\/product"}],"replies":[{"embeddable":true,"href":"https:\/\/staging6.peach-pump.com\/en\/wp-json\/wp\/v2\/comments?post=96050"}],"version-history":[{"count":0,"href":"https:\/\/staging6.peach-pump.com\/en\/wp-json\/wp\/v2\/product\/96050\/revisions"}],"wp:featuredmedia":[{"embeddable":true,"href":"https:\/\/staging6.peach-pump.com\/en\/wp-json\/wp\/v2\/media\/95499"}],"wp:attachment":[{"href":"https:\/\/staging6.peach-pump.com\/en\/wp-json\/wp\/v2\/media?parent=96050"}],"wp:term":[{"taxonomy":"product_brand","embeddable":true,"href":"https:\/\/staging6.peach-pump.com\/en\/wp-json\/wp\/v2\/product_brand?post=96050"},{"taxonomy":"product_cat","embeddable":true,"href":"https:\/\/staging6.peach-pump.com\/en\/wp-json\/wp\/v2\/product_cat?post=96050"},{"taxonomy":"product_tag","embeddable":true,"href":"https:\/\/staging6.peach-pump.com\/en\/wp-json\/wp\/v2\/product_tag?post=96050"}],"curies":[{"name":"wp","href":"https:\/\/api.w.org\/{rel}","templated":true}]}}