{"id":96171,"date":"2024-11-17T20:22:34","date_gmt":"2024-11-17T18:22:34","guid":{"rendered":"https:\/\/staging6.peach-pump.com\/products\/czarna-koszulka-sportowa-obcisla\/"},"modified":"2025-11-10T16:40:07","modified_gmt":"2025-11-10T14:40:07","slug":"czarna-koszulka-sportowa-obcisla","status":"publish","type":"product","link":"https:\/\/staging6.peach-pump.com\/pl\/products\/czarna-koszulka-sportowa-obcisla\/","title":{"rendered":"Czarna koszulka sportowa obcis\u0142a"},"content":{"rendered":"<p>Czarna koszulka sportowa obcis\u0142a, z kr\u00f3tkim r\u0119kawem, wykonana z niezwykle mi\u0119kkiego w dotyku materia\u0142u. \u015awietnie le\u017cy, a kr\u00f3j sprawia, \u017ce jest niezast\u0105pionym elementem zar\u00f3wno sportowego, jak i codziennego stroju. Nadaje si\u0119 do \u0107wicze\u0144 fitness, biegania, \u0107wicze\u0144 aerobowych czy spaceru po parku, nie zatrzymuje wilgoci w ciele. Koszulka ma termicznie naklejone logo \u201ePeach Pump\u201d na ramieniu, kt\u00f3re jest minimalistyczne i ma mi\u0119kki kr\u00f3j. Zakochasz si\u0119 w mi\u0119kko\u015bci tego modelu i sposobie, w jaki dopasowuje si\u0119 do Twojego cia\u0142a. \u015awietnie komponuje si\u0119 ze wszystkimi naszymi modelami leggins\u00f3w.<\/p>\n<ul>\n<li>Mi\u0119kki, delikatny materia\u0142<\/li>\n<li>Du\u017ca elastyczno\u015b\u0107<\/li>\n<li>Idealnie przylega do cia\u0142a<\/li>\n<li>Termicznie nakljeone logo &#8220;Peach Pump&#8221; na ramieniu<\/li>\n<li>Tkanina, kt\u00f3ra nie zatrzymuje wilgoci w ciele<\/li>\n<\/ul>\n<p>Sk\u0142ad: elastan i poliester Bluz\u0119 mo\u017cna pra\u0107 w temperaturze do 30 stopni, nie wybiela\u0107, nie suszy\u0107 w suszarce b\u0119bnowej ani nie czy\u015bci\u0107 chemicznie. Modelka na zdj\u0119ciu ma 170 cm wzrostu, wa\u017cy 54 kg i pozuje w rozmiarze S.<\/p>\n<p>Bluzk\u0119 mo\u017cna pra\u0107 w temperaturze do 30 stopni, prosz\u0119 nie wybiela\u0107, nie suszy\u0107 w suszarce ani czy\u015bci\u0107 chemicznie.<\/p>\n<p>Modelka na zdj\u0119ciu ma 170 cm wzrostu, wa\u017cy 54 kg i ma na sobie rozmiar S.<\/p>\n<p>Aby wybra\u0107 dok\u0142adny rozmiar, skorzystaj z tabel rozmiarowych.<\/p>\n","protected":false},"excerpt":{"rendered":"<p>Czarna koszulka sportowa obcis\u0142a, z kr\u00f3tkim r\u0119kawem, wykonana z niezwykle mi\u0119kkiego w dotyku materia\u0142u. \u015awietnie le\u017cy, a kr\u00f3j sprawia, \u017ce jest niezast\u0105pionym elementem zar\u00f3wno sportowego, jak i codziennego stroju. Nadaje si\u0119 do \u0107wicze\u0144 fitness, biegania, \u0107wicze\u0144 aerobowych czy spaceru po parku, nie zatrzymuje wilgoci w ciele. Koszulka ma termicznie naklejone logo \u201ePeach Pump\u201d na ramieniu, [&hellip;]<\/p>\n","protected":false},"featured_media":95126,"comment_status":"open","ping_status":"closed","template":"","meta":[],"product_brand":[],"product_cat":[360],"product_tag":[],"class_list":{"0":"post-96171","1":"product","2":"type-product","3":"status-publish","4":"has-post-thumbnail","6":"product_cat-bluzki-koszulki-fitness-sportowe","7":"pa_cviat-czarny","8":"pa_razmer-l-pl","9":"pa_razmer-m-pl-2","10":"pa_razmer-s-pl-2","11":"inventories-world","12":"inventories-uk","14":"first","15":"instock","16":"taxable","17":"shipping-taxable","18":"purchasable","19":"product-type-variable"},"_links":{"self":[{"href":"https:\/\/staging6.peach-pump.com\/pl\/wp-json\/wp\/v2\/product\/96171","targetHints":{"allow":["GET"]}}],"collection":[{"href":"https:\/\/staging6.peach-pump.com\/pl\/wp-json\/wp\/v2\/product"}],"about":[{"href":"https:\/\/staging6.peach-pump.com\/pl\/wp-json\/wp\/v2\/types\/product"}],"replies":[{"embeddable":true,"href":"https:\/\/staging6.peach-pump.com\/pl\/wp-json\/wp\/v2\/comments?post=96171"}],"version-history":[{"count":0,"href":"https:\/\/staging6.peach-pump.com\/pl\/wp-json\/wp\/v2\/product\/96171\/revisions"}],"wp:featuredmedia":[{"embeddable":true,"href":"https:\/\/staging6.peach-pump.com\/pl\/wp-json\/wp\/v2\/media\/95126"}],"wp:attachment":[{"href":"https:\/\/staging6.peach-pump.com\/pl\/wp-json\/wp\/v2\/media?parent=96171"}],"wp:term":[{"taxonomy":"product_brand","embeddable":true,"href":"https:\/\/staging6.peach-pump.com\/pl\/wp-json\/wp\/v2\/product_brand?post=96171"},{"taxonomy":"product_cat","embeddable":true,"href":"https:\/\/staging6.peach-pump.com\/pl\/wp-json\/wp\/v2\/product_cat?post=96171"},{"taxonomy":"product_tag","embeddable":true,"href":"https:\/\/staging6.peach-pump.com\/pl\/wp-json\/wp\/v2\/product_tag?post=96171"}],"curies":[{"name":"wp","href":"https:\/\/api.w.org\/{rel}","templated":true}]}}