{"id":96176,"date":"2024-11-17T20:24:53","date_gmt":"2024-11-17T18:24:53","guid":{"rendered":"https:\/\/staging6.peach-pump.com\/products\/bezowa-koszulka-sportowa-obcisla\/"},"modified":"2025-11-10T16:40:15","modified_gmt":"2025-11-10T14:40:15","slug":"bezowa-koszulka-sportowa-obcisla","status":"publish","type":"product","link":"https:\/\/staging6.peach-pump.com\/pl\/products\/bezowa-koszulka-sportowa-obcisla\/","title":{"rendered":"Be\u017cowa, sportowa koszulka obcis\u0142a"},"content":{"rendered":"<p>Be\u017cowa, sportowa koszulka z kr\u00f3tkim r\u0119kawem, wykonana z niezwykle mi\u0119kkiego materia\u0142u. Idealnie dopasowuje si\u0119 do sylwetki, a jej kr\u00f3j sprawia, \u017ce jest niezast\u0105piona zar\u00f3wno w stylizacjach sportowych, jak i codziennych. Nadaje si\u0119 do fitnessu, biegania, \u0107wicze\u0144 aerobowych lub spaceru po parku, nie zatrzymuje wilgoci w ciele. Koszulka ma termicznie naklejone &#8220;Peach Pump&#8221; na ramieniu, kt\u00f3re jest minimalistyczne i delikatnie odstaje. Pokochasz mi\u0119kko\u015b\u0107 tego wzoru i spos\u00f3b, w jaki uk\u0142ada si\u0119 na ciele. Idealnie pasuje do wszystkich naszych leggins\u00f3w.     <\/p>\n<ul>\n<li>Mi\u0119kki, delikatny materia\u0142<\/li>\n<li>Du\u017ca elastyczno\u015b\u0107<\/li>\n<li>Idealnie przylega do cia\u0142a<\/li>\n<li>Termicznie naklejone logo &#8220;Peach Pump&#8221; na ramieniu<\/li>\n<li>Tkanina, kt\u00f3ra nie zatrzymuje wilgoci w ciele<\/li>\n<\/ul>\n<p>Sk\u0142ad: elastan i poliester<\/p>\n<p>Bluzk\u0119 mo\u017cna pra\u0107 w temperaturze do 30 stopni, prosz\u0119 nie wybiela\u0107, nie suszy\u0107 w suszarce ani czy\u015bci\u0107 chemicznie.<\/p>\n<p>Modelka na zdj\u0119ciu ma 170 cm wzrostu, wa\u017cy 54 kg i ma na sobie rozmiar S.<\/p>\n<p>Aby wybra\u0107 dok\u0142adny rozmiar, skorzystaj z tabel rozmiarowych.<\/p>\n","protected":false},"excerpt":{"rendered":"<p>Be\u017cowa, sportowa koszulka z kr\u00f3tkim r\u0119kawem, wykonana z niezwykle mi\u0119kkiego materia\u0142u. Idealnie dopasowuje si\u0119 do sylwetki, a jej kr\u00f3j sprawia, \u017ce jest niezast\u0105piona zar\u00f3wno w stylizacjach sportowych, jak i codziennych. Nadaje si\u0119 do fitnessu, biegania, \u0107wicze\u0144 aerobowych lub spaceru po parku, nie zatrzymuje wilgoci w ciele. Koszulka ma termicznie naklejone &#8220;Peach Pump&#8221; na ramieniu, kt\u00f3re [&hellip;]<\/p>\n","protected":false},"featured_media":95472,"comment_status":"open","ping_status":"closed","template":"","meta":[],"product_brand":[],"product_cat":[360],"product_tag":[],"class_list":{"0":"post-96176","1":"product","2":"type-product","3":"status-publish","4":"has-post-thumbnail","6":"product_cat-bluzki-koszulki-fitness-sportowe","7":"pa_cviat-bezowy","8":"pa_razmer-l-pl","9":"pa_razmer-m-pl-2","10":"pa_razmer-s-pl-2","11":"inventories-world","12":"inventories-uk","14":"first","15":"instock","16":"taxable","17":"shipping-taxable","18":"purchasable","19":"product-type-variable"},"_links":{"self":[{"href":"https:\/\/staging6.peach-pump.com\/en\/wp-json\/wp\/v2\/product\/96176","targetHints":{"allow":["GET"]}}],"collection":[{"href":"https:\/\/staging6.peach-pump.com\/en\/wp-json\/wp\/v2\/product"}],"about":[{"href":"https:\/\/staging6.peach-pump.com\/en\/wp-json\/wp\/v2\/types\/product"}],"replies":[{"embeddable":true,"href":"https:\/\/staging6.peach-pump.com\/en\/wp-json\/wp\/v2\/comments?post=96176"}],"version-history":[{"count":0,"href":"https:\/\/staging6.peach-pump.com\/en\/wp-json\/wp\/v2\/product\/96176\/revisions"}],"wp:featuredmedia":[{"embeddable":true,"href":"https:\/\/staging6.peach-pump.com\/en\/wp-json\/wp\/v2\/media\/95472"}],"wp:attachment":[{"href":"https:\/\/staging6.peach-pump.com\/en\/wp-json\/wp\/v2\/media?parent=96176"}],"wp:term":[{"taxonomy":"product_brand","embeddable":true,"href":"https:\/\/staging6.peach-pump.com\/en\/wp-json\/wp\/v2\/product_brand?post=96176"},{"taxonomy":"product_cat","embeddable":true,"href":"https:\/\/staging6.peach-pump.com\/en\/wp-json\/wp\/v2\/product_cat?post=96176"},{"taxonomy":"product_tag","embeddable":true,"href":"https:\/\/staging6.peach-pump.com\/en\/wp-json\/wp\/v2\/product_tag?post=96176"}],"curies":[{"name":"wp","href":"https:\/\/api.w.org\/{rel}","templated":true}]}}