{"id":96263,"date":"2024-11-17T20:46:46","date_gmt":"2024-11-17T18:46:46","guid":{"rendered":"https:\/\/staging6.peach-pump.com\/products\/bluza-rozpinana-czarna-z-kapturem\/"},"modified":"2025-09-02T23:57:43","modified_gmt":"2025-09-02T21:57:43","slug":"bluza-rozpinana-czarna-z-kapturem","status":"publish","type":"product","link":"https:\/\/staging6.peach-pump.com\/pl\/products\/bluza-rozpinana-czarna-z-kapturem\/","title":{"rendered":"Czarna, damska bluza rozpinana z kapturem"},"content":{"rendered":"<p>Czarna bluza damska rozpinana z kapturem oraz ciep\u0142\u0105 podszewk\u0105. Ten sportowy model kurtki typu bluza ma dwie boczne kieszenie kangurki, otw\u00f3r na kciuk i wysoki ko\u0142nierz. Bluza ma du\u017cy kaptur z logo &#8220;Peach Pump&#8221;, d\u0142u\u017cszy kr\u00f3j, kt\u00f3ry utrzymuje ciep\u0142o w talii. Nadaje si\u0119 do rozgrzewki przed treningiem lub spacerem w parku. W talii znajduje si\u0119 element rozdarcia, kt\u00f3ry optycznie j\u0105 zmniejsza, wz\u00f3r \u0142adnie uk\u0142ada si\u0119 na ciele.    <\/p>\n<ul>\n<li>Mi\u0119kka podszewka<\/li>\n<li>Du\u017cy kaptur<\/li>\n<li>Wysoki ko\u0142nierz.<\/li>\n<li>Otw\u00f3r na kciuk<\/li>\n<li>Logo &#8220;Peach Pump&#8221; na kapturze i na ramieniu<\/li>\n<li>Kr\u00f3j z elementem rozdarcia w talii<\/li>\n<li>D\u0142u\u017csze, chroni\u0105ce tali\u0119<\/li>\n<\/ul>\n<p>Sk\u0142ad: elastan i poliester<\/p>\n<p>Kurtk\u0119 mo\u017cna pra\u0107 w temperaturze do 30 stopni, nie nale\u017cy u\u017cywa\u0107 wybielaczy, suszy\u0107 w suszarce b\u0119bnowej ani czy\u015bci\u0107 chemicznie.<\/p>\n<p>Modelka na zdj\u0119ciu ma 170 cm wzrostu, wa\u017cy 54 kg i ma na sobie rozmiar S.<\/p>\n<p>Aby wybra\u0107 dok\u0142adny rozmiar, skorzystaj z tabel rozmiarowych.<\/p>\n","protected":false},"excerpt":{"rendered":"<p>Czarna bluza damska rozpinana z kapturem oraz ciep\u0142\u0105 podszewk\u0105. Ten sportowy model kurtki typu bluza ma dwie boczne kieszenie kangurki, otw\u00f3r na kciuk i wysoki ko\u0142nierz. Bluza ma du\u017cy kaptur z logo &#8220;Peach Pump&#8221;, d\u0142u\u017cszy kr\u00f3j, kt\u00f3ry utrzymuje ciep\u0142o w talii. Nadaje si\u0119 do rozgrzewki przed treningiem lub spacerem w parku. W talii znajduje si\u0119 [&hellip;]<\/p>\n","protected":false},"featured_media":95837,"comment_status":"open","ping_status":"closed","template":"","meta":[],"product_brand":[],"product_cat":[923,1120],"product_tag":[],"class_list":{"0":"post-96263","1":"product","2":"type-product","3":"status-publish","4":"has-post-thumbnail","6":"product_cat-damskie-kurtki","7":"product_cat-dresy-damskie-hoodies","8":"pa_cviat-czarny","9":"pa_razmer-l-pl","10":"pa_razmer-m-pl-2","11":"pa_razmer-s-pl-2","12":"inventories-world","13":"inventories-uk","15":"first","16":"instock","17":"taxable","18":"shipping-taxable","19":"purchasable","20":"product-type-variable"},"_links":{"self":[{"href":"https:\/\/staging6.peach-pump.com\/en\/wp-json\/wp\/v2\/product\/96263","targetHints":{"allow":["GET"]}}],"collection":[{"href":"https:\/\/staging6.peach-pump.com\/en\/wp-json\/wp\/v2\/product"}],"about":[{"href":"https:\/\/staging6.peach-pump.com\/en\/wp-json\/wp\/v2\/types\/product"}],"replies":[{"embeddable":true,"href":"https:\/\/staging6.peach-pump.com\/en\/wp-json\/wp\/v2\/comments?post=96263"}],"version-history":[{"count":0,"href":"https:\/\/staging6.peach-pump.com\/en\/wp-json\/wp\/v2\/product\/96263\/revisions"}],"wp:featuredmedia":[{"embeddable":true,"href":"https:\/\/staging6.peach-pump.com\/en\/wp-json\/wp\/v2\/media\/95837"}],"wp:attachment":[{"href":"https:\/\/staging6.peach-pump.com\/en\/wp-json\/wp\/v2\/media?parent=96263"}],"wp:term":[{"taxonomy":"product_brand","embeddable":true,"href":"https:\/\/staging6.peach-pump.com\/en\/wp-json\/wp\/v2\/product_brand?post=96263"},{"taxonomy":"product_cat","embeddable":true,"href":"https:\/\/staging6.peach-pump.com\/en\/wp-json\/wp\/v2\/product_cat?post=96263"},{"taxonomy":"product_tag","embeddable":true,"href":"https:\/\/staging6.peach-pump.com\/en\/wp-json\/wp\/v2\/product_tag?post=96263"}],"curies":[{"name":"wp","href":"https:\/\/api.w.org\/{rel}","templated":true}]}}