{"id":98317,"date":"2024-11-17T20:18:53","date_gmt":"2024-11-17T18:18:53","guid":{"rendered":"https:\/\/staging6.peach-pump.com\/products\/biala-sportowa-bluza-z-dlugim-rekawem\/"},"modified":"2025-11-04T13:04:33","modified_gmt":"2025-11-04T11:04:33","slug":"biala-sportowa-bluza-z-dlugim-rekawem","status":"publish","type":"product","link":"https:\/\/staging6.peach-pump.com\/pl\/products\/biala-sportowa-bluza-z-dlugim-rekawem\/","title":{"rendered":"Bia\u0142a, sportowa bluza obcis\u0142a z d\u0142ugim r\u0119kawem"},"content":{"rendered":"<p>Bia\u0142a, sportowa bluza obcis\u0142a z d\u0142ugim r\u0119kawem z elastycznego, lekkiego materia\u0142u. Ten model ma d\u0142u\u017cszy kr\u00f3j, bardzo lekki i mi\u0119kki w dotyku materia\u0142, kt\u00f3ry nie zatrzymuje wilgoci w ciele. Nadaje si\u0119 do fitnessu, biegania, \u0107wicze\u0144 aerobowych lub spaceru po parku. Z przodu znajduj\u0105 si\u0119 dwa szwy, kt\u00f3re biegn\u0105 wzd\u0142u\u017c talii i optycznie j\u0105 zmniejszaj\u0105. Bluza ma termicznie naklejone logo &#8220;Peach Pump&#8221; na ramieniu.     \u015awietnie komponuje si\u0119 ze wszystkimi naszymi modelami leggins\u00f3w.<\/p>\n<ul>\n<li>Lekki materia\u0142<\/li>\n<li>Du\u017ca elastyczno\u015b\u0107<\/li>\n<li>D\u0142ugie ci\u0119cie<\/li>\n<li>Idealnie przylega do cia\u0142a<\/li>\n<li>Termicznie naklejone logo &#8220;Peach Pump&#8221; na ramieniu<\/li>\n<li>Tkanina, kt\u00f3ra nie zatrzymuje wilgoci w ciele<\/li>\n<\/ul>\n<p>Sk\u0142ad: elastan i poliester<\/p>\n<p>Bluz\u0119 mo\u017cna pra\u0107 w temperaturze do 30 stopni, nie nale\u017cy u\u017cywa\u0107 wybielaczy, suszy\u0107 w suszarce b\u0119bnowej ani czy\u015bci\u0107 chemicznie. Modelka na zdj\u0119ciu ma 170 cm wzrostu, wa\u017cy 54 kg i pozuje w rozmiarze S.<\/p>\n<p>Aby wybra\u0107 dok\u0142adny rozmiar, skorzystaj z tabel rozmiarowych.<\/p>\n","protected":false},"excerpt":{"rendered":"<p>Bia\u0142a, sportowa bluza obcis\u0142a z d\u0142ugim r\u0119kawem z elastycznego, lekkiego materia\u0142u. Ten model ma d\u0142u\u017cszy kr\u00f3j, bardzo lekki i mi\u0119kki w dotyku materia\u0142, kt\u00f3ry nie zatrzymuje wilgoci w ciele. Nadaje si\u0119 do fitnessu, biegania, \u0107wicze\u0144 aerobowych lub spaceru po parku. Z przodu znajduj\u0105 si\u0119 dwa szwy, kt\u00f3re biegn\u0105 wzd\u0142u\u017c talii i optycznie j\u0105 zmniejszaj\u0105. Bluza [&hellip;]<\/p>\n","protected":false},"featured_media":95940,"comment_status":"open","ping_status":"closed","template":"","meta":[],"product_brand":[],"product_cat":[360],"product_tag":[],"class_list":{"0":"post-98317","1":"product","2":"type-product","3":"status-publish","4":"has-post-thumbnail","6":"product_cat-bluzki-koszulki-fitness-sportowe","7":"pa_cviat-bialy-pl","8":"pa_razmer-l-pl","9":"pa_razmer-m-pl-2","10":"pa_razmer-s-pl-2","11":"inventories-world","12":"inventories-uk","14":"first","15":"instock","16":"taxable","17":"shipping-taxable","18":"purchasable","19":"product-type-variable"},"_links":{"self":[{"href":"https:\/\/staging6.peach-pump.com\/en\/wp-json\/wp\/v2\/product\/98317","targetHints":{"allow":["GET"]}}],"collection":[{"href":"https:\/\/staging6.peach-pump.com\/en\/wp-json\/wp\/v2\/product"}],"about":[{"href":"https:\/\/staging6.peach-pump.com\/en\/wp-json\/wp\/v2\/types\/product"}],"replies":[{"embeddable":true,"href":"https:\/\/staging6.peach-pump.com\/en\/wp-json\/wp\/v2\/comments?post=98317"}],"version-history":[{"count":0,"href":"https:\/\/staging6.peach-pump.com\/en\/wp-json\/wp\/v2\/product\/98317\/revisions"}],"wp:featuredmedia":[{"embeddable":true,"href":"https:\/\/staging6.peach-pump.com\/en\/wp-json\/wp\/v2\/media\/95940"}],"wp:attachment":[{"href":"https:\/\/staging6.peach-pump.com\/en\/wp-json\/wp\/v2\/media?parent=98317"}],"wp:term":[{"taxonomy":"product_brand","embeddable":true,"href":"https:\/\/staging6.peach-pump.com\/en\/wp-json\/wp\/v2\/product_brand?post=98317"},{"taxonomy":"product_cat","embeddable":true,"href":"https:\/\/staging6.peach-pump.com\/en\/wp-json\/wp\/v2\/product_cat?post=98317"},{"taxonomy":"product_tag","embeddable":true,"href":"https:\/\/staging6.peach-pump.com\/en\/wp-json\/wp\/v2\/product_tag?post=98317"}],"curies":[{"name":"wp","href":"https:\/\/api.w.org\/{rel}","templated":true}]}}