{"id":98323,"date":"2024-11-17T21:19:14","date_gmt":"2024-11-17T19:19:14","guid":{"rendered":"https:\/\/staging6.peach-pump.com\/products\/biale-skarpety-sportowe\/"},"modified":"2025-11-10T16:32:57","modified_gmt":"2025-11-10T14:32:57","slug":"biale-skarpety-sportowe","status":"publish","type":"product","link":"https:\/\/staging6.peach-pump.com\/pl\/products\/biale-skarpety-sportowe\/","title":{"rendered":"Bia\u0142e, sportowe skarpety Peach Pump"},"content":{"rendered":"<p>Bia\u0142e, sportowe skarpety z tkanym logo Peach Pump maj\u0105 wzmocniony sp\u00f3d i zapewniaj\u0105 trwa\u0142o\u015b\u0107, stabilno\u015b\u0107 i amortyzacj\u0119 podczas ruchu. S\u0105 wykonane z odprowadzaj\u0105cego wilgo\u0107 materia\u0142u, kt\u00f3ry zapewnia \u015bwie\u017co\u015b\u0107. <\/p>\n<ul>\n<li>Mi\u0119kki materia\u0142<\/li>\n<li>wysoka jako\u015b\u0107<\/li>\n<li>Elastyczno\u015b\u0107<\/li>\n<li>80% bawe\u0142na<\/li>\n<li>Tkane logo Peach Pump<\/li>\n<li>Wzmocniona podeszwa zapewnia trwa\u0142o\u015b\u0107<\/li>\n<li>&#8220;Rozmiar&#8221; &#8211; d\u0142ugo\u015b\u0107 \u0142ydki<\/li>\n<\/ul>\n<p>Sk\u0142ad: 80% bawe\u0142na, 17% poliester, 3% elastan Mo\u017cna pra\u0107 w temperaturze 40\u00b0C bez prania chemicznego, suszy\u0107 w niskiej temperaturze. Skarpetki nie podlegaj\u0105 zwrotowi ani wymianie!<\/p>\n","protected":false},"excerpt":{"rendered":"<p>Bia\u0142e, sportowe skarpety z tkanym logo Peach Pump maj\u0105 wzmocniony sp\u00f3d i zapewniaj\u0105 trwa\u0142o\u015b\u0107, stabilno\u015b\u0107 i amortyzacj\u0119 podczas ruchu. S\u0105 wykonane z odprowadzaj\u0105cego wilgo\u0107 materia\u0142u, kt\u00f3ry zapewnia \u015bwie\u017co\u015b\u0107. Mi\u0119kki materia\u0142 wysoka jako\u015b\u0107 Elastyczno\u015b\u0107 80% bawe\u0142na Tkane logo Peach Pump Wzmocniona podeszwa zapewnia trwa\u0142o\u015b\u0107 &#8220;Rozmiar&#8221; &#8211; d\u0142ugo\u015b\u0107 \u0142ydki Sk\u0142ad: 80% bawe\u0142na, 17% poliester, 3% elastan Mo\u017cna [&hellip;]<\/p>\n","protected":false},"featured_media":96464,"comment_status":"open","ping_status":"closed","template":"","meta":[],"product_brand":[],"product_cat":[861],"product_tag":[],"class_list":{"0":"post-98323","1":"product","2":"type-product","3":"status-publish","4":"has-post-thumbnail","6":"product_cat-akcesoria","7":"pa_cviat-bialy-pl","8":"pa_razmer-one-size-pl","9":"inventories-world","10":"inventories-uk","12":"first","13":"instock","14":"taxable","15":"shipping-taxable","16":"purchasable","17":"product-type-variable"},"_links":{"self":[{"href":"https:\/\/staging6.peach-pump.com\/en\/wp-json\/wp\/v2\/product\/98323","targetHints":{"allow":["GET"]}}],"collection":[{"href":"https:\/\/staging6.peach-pump.com\/en\/wp-json\/wp\/v2\/product"}],"about":[{"href":"https:\/\/staging6.peach-pump.com\/en\/wp-json\/wp\/v2\/types\/product"}],"replies":[{"embeddable":true,"href":"https:\/\/staging6.peach-pump.com\/en\/wp-json\/wp\/v2\/comments?post=98323"}],"version-history":[{"count":0,"href":"https:\/\/staging6.peach-pump.com\/en\/wp-json\/wp\/v2\/product\/98323\/revisions"}],"wp:featuredmedia":[{"embeddable":true,"href":"https:\/\/staging6.peach-pump.com\/en\/wp-json\/wp\/v2\/media\/96464"}],"wp:attachment":[{"href":"https:\/\/staging6.peach-pump.com\/en\/wp-json\/wp\/v2\/media?parent=98323"}],"wp:term":[{"taxonomy":"product_brand","embeddable":true,"href":"https:\/\/staging6.peach-pump.com\/en\/wp-json\/wp\/v2\/product_brand?post=98323"},{"taxonomy":"product_cat","embeddable":true,"href":"https:\/\/staging6.peach-pump.com\/en\/wp-json\/wp\/v2\/product_cat?post=98323"},{"taxonomy":"product_tag","embeddable":true,"href":"https:\/\/staging6.peach-pump.com\/en\/wp-json\/wp\/v2\/product_tag?post=98323"}],"curies":[{"name":"wp","href":"https:\/\/api.w.org\/{rel}","templated":true}]}}