{"id":98328,"date":"2024-11-17T21:23:58","date_gmt":"2024-11-17T19:23:58","guid":{"rendered":"https:\/\/staging6.peach-pump.com\/products\/czarne-sportowe-skarpety\/"},"modified":"2025-11-10T16:32:55","modified_gmt":"2025-11-10T14:32:55","slug":"czarne-sportowe-skarpety","status":"publish","type":"product","link":"https:\/\/staging6.peach-pump.com\/pl\/products\/czarne-sportowe-skarpety\/","title":{"rendered":"Damskie, czarne, sportowe skarpety Peach Pump"},"content":{"rendered":"<p>Damskie, czarne, sportowe skarpety z tkanym logo Peach Pump maj\u0105 wzmocniony sp\u00f3d i zapewniaj\u0105 wytrzyma\u0142o\u015b\u0107, stabilno\u015b\u0107 i amortyzacj\u0119 podczas ruchu. S\u0105 wykonane z odprowadzaj\u0105cego wilgo\u0107 materia\u0142u, kt\u00f3ry zapewnia \u015bwie\u017co\u015b\u0107. <\/p>\n<ul>\n<li>Mi\u0119kki materia\u0142<\/li>\n<li>wysoka jako\u015b\u0107<\/li>\n<li>Elastyczno\u015b\u0107<\/li>\n<li>80% bawe\u0142na<\/li>\n<li>Tkane logo Peach Pump<\/li>\n<li>Wzmocniona podeszwa zapewnia trwa\u0142o\u015b\u0107<\/li>\n<li>&#8220;Rozmiar&#8221; &#8211; d\u0142ugo\u015b\u0107 \u0142ydki<\/li>\n<\/ul>\n<p>Sk\u0142ad: 80% bawe\u0142na, 17% poliester, 3% elastan Mo\u017cna pra\u0107 w temperaturze 40\u00b0C bez prania chemicznego, suszy\u0107 w niskiej temperaturze. Skarpetki nie podlegaj\u0105 zwrotowi ani wymianie!<\/p>\n","protected":false},"excerpt":{"rendered":"<p>Damskie, czarne, sportowe skarpety z tkanym logo Peach Pump maj\u0105 wzmocniony sp\u00f3d i zapewniaj\u0105 wytrzyma\u0142o\u015b\u0107, stabilno\u015b\u0107 i amortyzacj\u0119 podczas ruchu. S\u0105 wykonane z odprowadzaj\u0105cego wilgo\u0107 materia\u0142u, kt\u00f3ry zapewnia \u015bwie\u017co\u015b\u0107. Mi\u0119kki materia\u0142 wysoka jako\u015b\u0107 Elastyczno\u015b\u0107 80% bawe\u0142na Tkane logo Peach Pump Wzmocniona podeszwa zapewnia trwa\u0142o\u015b\u0107 &#8220;Rozmiar&#8221; &#8211; d\u0142ugo\u015b\u0107 \u0142ydki Sk\u0142ad: 80% bawe\u0142na, 17% poliester, 3% elastan [&hellip;]<\/p>\n","protected":false},"featured_media":96482,"comment_status":"open","ping_status":"closed","template":"","meta":[],"product_brand":[],"product_cat":[861],"product_tag":[],"class_list":{"0":"post-98328","1":"product","2":"type-product","3":"status-publish","4":"has-post-thumbnail","6":"product_cat-akcesoria","7":"pa_cviat-czarny","8":"pa_razmer-one-size-pl","9":"inventories-world","10":"inventories-uk","12":"first","13":"instock","14":"taxable","15":"shipping-taxable","16":"purchasable","17":"product-type-variable"},"_links":{"self":[{"href":"https:\/\/staging6.peach-pump.com\/pl\/wp-json\/wp\/v2\/product\/98328","targetHints":{"allow":["GET"]}}],"collection":[{"href":"https:\/\/staging6.peach-pump.com\/pl\/wp-json\/wp\/v2\/product"}],"about":[{"href":"https:\/\/staging6.peach-pump.com\/pl\/wp-json\/wp\/v2\/types\/product"}],"replies":[{"embeddable":true,"href":"https:\/\/staging6.peach-pump.com\/pl\/wp-json\/wp\/v2\/comments?post=98328"}],"version-history":[{"count":0,"href":"https:\/\/staging6.peach-pump.com\/pl\/wp-json\/wp\/v2\/product\/98328\/revisions"}],"wp:featuredmedia":[{"embeddable":true,"href":"https:\/\/staging6.peach-pump.com\/pl\/wp-json\/wp\/v2\/media\/96482"}],"wp:attachment":[{"href":"https:\/\/staging6.peach-pump.com\/pl\/wp-json\/wp\/v2\/media?parent=98328"}],"wp:term":[{"taxonomy":"product_brand","embeddable":true,"href":"https:\/\/staging6.peach-pump.com\/pl\/wp-json\/wp\/v2\/product_brand?post=98328"},{"taxonomy":"product_cat","embeddable":true,"href":"https:\/\/staging6.peach-pump.com\/pl\/wp-json\/wp\/v2\/product_cat?post=98328"},{"taxonomy":"product_tag","embeddable":true,"href":"https:\/\/staging6.peach-pump.com\/pl\/wp-json\/wp\/v2\/product_tag?post=98328"}],"curies":[{"name":"wp","href":"https:\/\/api.w.org\/{rel}","templated":true}]}}