{"id":100237,"date":"2024-12-17T21:39:14","date_gmt":"2024-12-17T19:39:14","guid":{"rendered":"https:\/\/staging6.peach-pump.com\/products\/colanti-verzi-buzunare-fara-cusaturi\/"},"modified":"2025-11-10T15:45:10","modified_gmt":"2025-11-10T13:45:10","slug":"colanti-verzi-buzunare-fara-cusaturi","status":"publish","type":"product","link":"https:\/\/staging6.peach-pump.com\/ro\/products\/colanti-verzi-buzunare-fara-cusaturi\/","title":{"rendered":"Colan\u021bi verzi f\u0103r\u0103 cus\u0103turi cu buzunare \u0219i efect de modelare"},"content":{"rendered":"<p>Colant verde f\u0103r\u0103 cus\u0103turi cu buzunare \u0219i efect modelator. Acest model de colan\u021bi de dam\u0103 este fabricat din \u021bes\u0103tur\u0103 elastic\u0103 , moale la atingere care str\u00e2nge \u0219i modeleaz\u0103 perfect corpul, are dou\u0103 buzunare laterale potrivite pentru telefon sau card de fitness \u0219i ofer\u0103 confort \u00een timpul exerci\u021biilor fizice. Colan\u021bii sunt realiza\u021bi din \u021bes\u0103tur\u0103 f\u0103r\u0103 cus\u0103turi, extrem de durabil\u0103, nu re\u021bine umezeala \u00een corp, ridic\u0103, modeleaz\u0103 \u0219i str\u00e2nge. Cureaua larg\u0103 str\u00e2nge u\u0219or talia \u0219i sculpteaz\u0103 silueta. Garantat a fi cel mai confortabil model de coan\u021bi. Disponibil \u00een mai multe culori, se asorteaz\u0103 perfect cu o bustier\u0103 \u00een aceea\u0219i culoare sau cu celelalte modele de bluze \u0219i geci.     <\/p>\n<ul>\n<li>Talie \u00eenalt\u0103<\/li>\n<li>Dou\u0103 buzunare laterale<\/li>\n<li>\u021aes\u0103tur\u0103 f\u0103r\u0103 cus\u0103turi<\/li>\n<li>Ridic\u0103, modeleaz\u0103 \u0219i str\u00e2nge<\/li>\n<li>Ascunde zonele cu probleme<\/li>\n<li>Efect Peachy<\/li>\n<li>Logo Peach Pump sigilat termic pe partea din spate a colan\u021bilor<\/li>\n<li>Logo-ul Peach Pump sigilat termic pe partea din fa\u021b\u0103 a buzunarului colan\u021bilor<\/li>\n<li>\u021aes\u0103tur\u0103 f\u0103r\u0103 cus\u0103turi care nu re\u021bine umezeala \u00een corp<\/li>\n<\/ul>\n<p>Compozi\u021bie: 80% poliester 20% spandex<\/p>\n<p>Colan\u021bii poate fi sp\u0103la\u021bi la temperaturi de p\u00e2n\u0103 la 30 de grade, v\u0103 rug\u0103m s\u0103 nu folosi\u021bi \u00een\u0103lbitor sau cur\u0103\u021bare uscat\u0103.<\/p>\n<p>Modelul din fotografie are 178 cm \u00een\u0103l\u021bime, c\u00e2nt\u0103re\u0219te 55 kg \u0219i pozeaz\u0103 \u00een m\u0103rimea M. <\/p>\n<p>V\u0103 rug\u0103m s\u0103 utiliza\u021bi tabelele pentru a selecta dimensiunea exact\u0103.<\/p>\n","protected":false},"excerpt":{"rendered":"<p>Colant verde f\u0103r\u0103 cus\u0103turi cu buzunare \u0219i efect modelator. Acest model de colan\u021bi de dam\u0103 este fabricat din \u021bes\u0103tur\u0103 elastic\u0103 , moale la atingere care str\u00e2nge \u0219i modeleaz\u0103 perfect corpul, are dou\u0103 buzunare laterale potrivite pentru telefon sau card de fitness \u0219i ofer\u0103 confort \u00een timpul exerci\u021biilor fizice. Colan\u021bii sunt realiza\u021bi din \u021bes\u0103tur\u0103 f\u0103r\u0103 cus\u0103turi, [&hellip;]<\/p>\n","protected":false},"featured_media":99493,"comment_status":"open","ping_status":"closed","template":"","meta":[],"product_brand":[],"product_cat":[146,189,310],"product_tag":[],"class_list":{"0":"post-100237","1":"product","2":"type-product","3":"status-publish","4":"has-post-thumbnail","6":"product_cat-colanti-de-dama-sport","7":"product_cat-colanti-cu-buzunare","8":"product_cat-colanti-pentru-femei-lungi","9":"pa_cviat-verde","10":"pa_razmer-l-ro-2","11":"pa_razmer-m-ro","12":"pa_razmer-s-ro-2","13":"pa_razmer-xl-ro","14":"inventories-world","15":"inventories-uk","17":"first","18":"instock","19":"taxable","20":"shipping-taxable","21":"purchasable","22":"product-type-variable"},"_links":{"self":[{"href":"https:\/\/staging6.peach-pump.com\/en\/wp-json\/wp\/v2\/product\/100237","targetHints":{"allow":["GET"]}}],"collection":[{"href":"https:\/\/staging6.peach-pump.com\/en\/wp-json\/wp\/v2\/product"}],"about":[{"href":"https:\/\/staging6.peach-pump.com\/en\/wp-json\/wp\/v2\/types\/product"}],"replies":[{"embeddable":true,"href":"https:\/\/staging6.peach-pump.com\/en\/wp-json\/wp\/v2\/comments?post=100237"}],"version-history":[{"count":0,"href":"https:\/\/staging6.peach-pump.com\/en\/wp-json\/wp\/v2\/product\/100237\/revisions"}],"wp:featuredmedia":[{"embeddable":true,"href":"https:\/\/staging6.peach-pump.com\/en\/wp-json\/wp\/v2\/media\/99493"}],"wp:attachment":[{"href":"https:\/\/staging6.peach-pump.com\/en\/wp-json\/wp\/v2\/media?parent=100237"}],"wp:term":[{"taxonomy":"product_brand","embeddable":true,"href":"https:\/\/staging6.peach-pump.com\/en\/wp-json\/wp\/v2\/product_brand?post=100237"},{"taxonomy":"product_cat","embeddable":true,"href":"https:\/\/staging6.peach-pump.com\/en\/wp-json\/wp\/v2\/product_cat?post=100237"},{"taxonomy":"product_tag","embeddable":true,"href":"https:\/\/staging6.peach-pump.com\/en\/wp-json\/wp\/v2\/product_tag?post=100237"}],"curies":[{"name":"wp","href":"https:\/\/api.w.org\/{rel}","templated":true}]}}