{"id":105271,"date":"2025-02-03T22:03:32","date_gmt":"2025-02-03T20:03:32","guid":{"rendered":"https:\/\/staging6.peach-pump.com\/products\/%d1%80%d0%be%d0%b7%d0%be%d0%b2%d0%be-%d1%81%d0%bf%d0%be%d1%80%d1%82%d0%bd%d0%be-%d1%8f%d0%ba%d0%b5-%d0%bf%d0%be-%d1%82%d1%8f%d0%bb%d0%be%d1%82%d0%be-%d0%ba%d0%be%d1%80%d1%81%d0%b5%d1%82\/"},"modified":"2025-11-09T19:09:03","modified_gmt":"2025-11-09T17:09:03","slug":"geaca-sport-roz-corset","status":"publish","type":"product","link":"https:\/\/staging6.peach-pump.com\/ro\/products\/geaca-sport-roz-corset\/","title":{"rendered":"Geac\u0103 sport roz pe corp tip corset"},"content":{"rendered":"<p>Geac\u0103 sport roz pe corp, cu croial\u0103 tip corset \u00een partea de sus. Acest model face ca talia s\u0103 par\u0103 optic mai mic\u0103, materialul este de foarte bun\u0103 calitate, moale \u0219i elastic , st\u0103 perfect \u0219i ofer\u0103 curbe frumoase, feminine. Modelul are un guler mai \u00eenalt , se \u00eenchide cu un fermoar frontal cu logo gravat, m\u00e2necile au g\u0103uri pentru degetul mare. Partea inferioar\u0103 a gecii are buzunare laterale ad\u00e2nci care se \u00eenchid cu un fermoar ascuns. Pute\u021bi s\u0103 v\u0103 b\u0103ga\u021bi cheile sau telefonul f\u0103r\u0103 probleme. Pe um\u0103rul superior exist\u0103 un logo 3D Peach Pump brodat. Este potrivit\u0103 at\u00e2t pentru o plimbare \u00een parc, c\u00e2t \u0219i pentru antrenamente intense, deoarece materialul nu permite re\u021binerea umidit\u0103\u021bii \u00een corp. Disponibil\u0103 \u00een cinci culori \u00een tendin\u021bele sezonului, o po\u021bi asorta cu colan\u021bi \u0219i bustiere. R\u0103sfoi\u021bi sec\u021biunea ready-to-wear a site-ului nostru pentru inspira\u021bie \u0219i crea\u021bi-v\u0103 \u021binuta perfect\u0103 pentru o plimbare sau un antrenament.        <\/p>\n<ul>\n<li>Logo-ul Peach Pump brodat 3D pe um\u0103r<\/li>\n<li>\u00cenchidere cu fermoar, logo-ul Peach Pump gravat<\/li>\n<li>Buzunare ascunse pe partea lateral\u0103 a gecii, \u00eenchidere discret\u0103 cu fermoar<\/li>\n<li>G\u0103uri pentru degetul mare<\/li>\n<li>Model care sculpteaz\u0103 silueta<\/li>\n<li>Tesatura respirabila, nu retine umezeala in corp<\/li>\n<\/ul>\n<p>Compozi\u021bie : 72% Nylon 28% Spandex<\/p>\n<p>Geaca poate fi sp\u0103lat\u0103 p\u00e2n\u0103 la 30 de grade, v\u0103 rug\u0103m s\u0103 nu folosi\u021bi \u00een\u0103lbitor sau cur\u0103\u021bare uscat\u0103.<\/p>\n<p>Modelul din imagine are 179 cm \u00een\u0103l\u021bime, c\u00e2nt\u0103re\u0219te 56 kg \u0219i pozeaz\u0103 \u00een m\u0103rimea S.<\/p>\n","protected":false},"excerpt":{"rendered":"<p>Geac\u0103 sport roz pe corp, cu croial\u0103 tip corset \u00een partea de sus. Acest model face ca talia s\u0103 par\u0103 optic mai mic\u0103, materialul este de foarte bun\u0103 calitate, moale \u0219i elastic , st\u0103 perfect \u0219i ofer\u0103 curbe frumoase, feminine. Modelul are un guler mai \u00eenalt , se \u00eenchide cu un fermoar frontal cu logo [&hellip;]<\/p>\n","protected":false},"featured_media":104754,"comment_status":"open","ping_status":"closed","template":"","meta":[],"product_brand":[],"product_cat":[924],"product_tag":[],"class_list":{"0":"post-105271","1":"product","2":"type-product","3":"status-publish","4":"has-post-thumbnail","6":"product_cat-jachete-dama","7":"pa_cviat-roz-ro","8":"pa_razmer-l-ro-2","9":"pa_razmer-m-ro","10":"pa_razmer-s-ro-2","11":"inventories-world","12":"inventories-uk","14":"first","15":"instock","16":"taxable","17":"shipping-taxable","18":"purchasable","19":"product-type-variable"},"_links":{"self":[{"href":"https:\/\/staging6.peach-pump.com\/en\/wp-json\/wp\/v2\/product\/105271","targetHints":{"allow":["GET"]}}],"collection":[{"href":"https:\/\/staging6.peach-pump.com\/en\/wp-json\/wp\/v2\/product"}],"about":[{"href":"https:\/\/staging6.peach-pump.com\/en\/wp-json\/wp\/v2\/types\/product"}],"replies":[{"embeddable":true,"href":"https:\/\/staging6.peach-pump.com\/en\/wp-json\/wp\/v2\/comments?post=105271"}],"version-history":[{"count":0,"href":"https:\/\/staging6.peach-pump.com\/en\/wp-json\/wp\/v2\/product\/105271\/revisions"}],"wp:featuredmedia":[{"embeddable":true,"href":"https:\/\/staging6.peach-pump.com\/en\/wp-json\/wp\/v2\/media\/104754"}],"wp:attachment":[{"href":"https:\/\/staging6.peach-pump.com\/en\/wp-json\/wp\/v2\/media?parent=105271"}],"wp:term":[{"taxonomy":"product_brand","embeddable":true,"href":"https:\/\/staging6.peach-pump.com\/en\/wp-json\/wp\/v2\/product_brand?post=105271"},{"taxonomy":"product_cat","embeddable":true,"href":"https:\/\/staging6.peach-pump.com\/en\/wp-json\/wp\/v2\/product_cat?post=105271"},{"taxonomy":"product_tag","embeddable":true,"href":"https:\/\/staging6.peach-pump.com\/en\/wp-json\/wp\/v2\/product_tag?post=105271"}],"curies":[{"name":"wp","href":"https:\/\/api.w.org\/{rel}","templated":true}]}}