{"id":113604,"date":"2025-04-21T11:47:28","date_gmt":"2025-04-21T09:47:28","guid":{"rendered":"https:\/\/staging6.peach-pump.com\/products\/top-negru-decupat-captuseala\/"},"modified":"2025-11-02T20:29:28","modified_gmt":"2025-11-02T18:29:28","slug":"top-negru-decupat-captuseala","status":"publish","type":"product","link":"https:\/\/staging6.peach-pump.com\/ro\/products\/top-negru-decupat-captuseala\/","title":{"rendered":"Top negru decupat cu c\u0103ptu\u0219eala"},"content":{"rendered":"<p>Top negru de dam\u0103, decupat, cu c\u0103ptu\u0219eal\u0103 deta\u0219abil\u0103. \u021aes\u0103tura modelului este realizat\u0103 din rips cu c\u0103ptu\u0219eal\u0103 delicat\u0103 \u0219i are un design modern , decupat \u00een fa\u021b\u0103 \u0219i \u00een spate. Potrivit pentru antrenamente sau timp liber, ofer\u0103 libertate deplin\u0103 de mi\u0219care \u0219i un aspect sexy. Disponibil \u00een dou\u0103 culori alb \u0219i negru.   <\/p>\n<ul>\n<li>C\u0103ptu\u0219eal\u0103 cu efect Push-up<\/li>\n<li>Material rips pe corp<\/li>\n<li>C\u0103ptu\u0219eal\u0103 interioar\u0103<\/li>\n<li>Decupat la partea din fa\u021b\u0103 \u0219i din spate<\/li>\n<li>Logo &#8220;Peach Pump&#8221; sigilat termic<\/li>\n<\/ul>\n<p>Compozi\u021bie: 80% poliester 20% spandex<\/p>\n<p>Bustiera poate fi sp\u0103lat\u0103 la temperaturi de p\u00e2n\u0103 la 30 de grade, v\u0103 rug\u0103m s\u0103 nu folosi\u021bi \u00een\u0103lbitor sau cur\u0103\u021bare uscat\u0103.<\/p>\n<p>Modelul din fotografie are 167 cm \u00een\u0103l\u021bime, c\u00e2nt\u0103re\u0219te 50 kg \u0219i pozeaz\u0103 \u00een m\u0103rimea M.<\/p>\n<p>V\u0103 rug\u0103m s\u0103 utiliza\u021bi tabelele pentru a selecta dimensiunea exact\u0103.<\/p>\n","protected":false},"excerpt":{"rendered":"<p>Top negru de dam\u0103, decupat, cu c\u0103ptu\u0219eal\u0103 deta\u0219abil\u0103. \u021aes\u0103tura modelului este realizat\u0103 din rips cu c\u0103ptu\u0219eal\u0103 delicat\u0103 \u0219i are un design modern , decupat \u00een fa\u021b\u0103 \u0219i \u00een spate. Potrivit pentru antrenamente sau timp liber, ofer\u0103 libertate deplin\u0103 de mi\u0219care \u0219i un aspect sexy. Disponibil \u00een dou\u0103 culori alb \u0219i negru. C\u0103ptu\u0219eal\u0103 cu efect Push-up [&hellip;]<\/p>\n","protected":false},"featured_media":112678,"comment_status":"open","ping_status":"closed","template":"","meta":[],"product_brand":[],"product_cat":[366],"product_tag":[],"class_list":{"0":"post-113604","1":"product","2":"type-product","3":"status-publish","4":"has-post-thumbnail","6":"product_cat-sutiene-sport-pentru-femei","7":"pa_cviat-negru","8":"pa_razmer-l-ro-2","9":"pa_razmer-m-ro","10":"pa_razmer-s-ro-2","11":"inventories-world","13":"first","14":"instock","15":"sale","16":"taxable","17":"shipping-taxable","18":"purchasable","19":"product-type-variable"},"_links":{"self":[{"href":"https:\/\/staging6.peach-pump.com\/en\/wp-json\/wp\/v2\/product\/113604","targetHints":{"allow":["GET"]}}],"collection":[{"href":"https:\/\/staging6.peach-pump.com\/en\/wp-json\/wp\/v2\/product"}],"about":[{"href":"https:\/\/staging6.peach-pump.com\/en\/wp-json\/wp\/v2\/types\/product"}],"replies":[{"embeddable":true,"href":"https:\/\/staging6.peach-pump.com\/en\/wp-json\/wp\/v2\/comments?post=113604"}],"version-history":[{"count":0,"href":"https:\/\/staging6.peach-pump.com\/en\/wp-json\/wp\/v2\/product\/113604\/revisions"}],"wp:featuredmedia":[{"embeddable":true,"href":"https:\/\/staging6.peach-pump.com\/en\/wp-json\/wp\/v2\/media\/112678"}],"wp:attachment":[{"href":"https:\/\/staging6.peach-pump.com\/en\/wp-json\/wp\/v2\/media?parent=113604"}],"wp:term":[{"taxonomy":"product_brand","embeddable":true,"href":"https:\/\/staging6.peach-pump.com\/en\/wp-json\/wp\/v2\/product_brand?post=113604"},{"taxonomy":"product_cat","embeddable":true,"href":"https:\/\/staging6.peach-pump.com\/en\/wp-json\/wp\/v2\/product_cat?post=113604"},{"taxonomy":"product_tag","embeddable":true,"href":"https:\/\/staging6.peach-pump.com\/en\/wp-json\/wp\/v2\/product_tag?post=113604"}],"curies":[{"name":"wp","href":"https:\/\/api.w.org\/{rel}","templated":true}]}}