{"id":113609,"date":"2025-04-21T12:08:01","date_gmt":"2025-04-21T10:08:01","guid":{"rendered":"https:\/\/staging6.peach-pump.com\/products\/pantaloni-scurti-albi-colanti-buzunare\/"},"modified":"2025-11-01T16:31:22","modified_gmt":"2025-11-01T14:31:22","slug":"pantaloni-scurti-albi-colanti-buzunare","status":"publish","type":"product","link":"https:\/\/staging6.peach-pump.com\/ro\/products\/pantaloni-scurti-albi-colanti-buzunare\/","title":{"rendered":"Pantaloni scur\u021bi albi cu colan\u021bi \u0219i buzunare"},"content":{"rendered":"<p>Pantaloni scur\u021bi albi de dam\u0103 cu colan\u021bi \u0219i buzunare laterale. Modelul este confec\u021bionat din \u021bes\u0103tur\u0103 moale, cu croial\u0103 lejer, cu talie lat\u0103 \u0219i colan\u021bi pe dedesubt, cu care ve\u021bi sim\u021bi confortul \u0219i libertatea complet\u0103 de mi\u0219care . Pantalonii scur\u021bi sunt perfec\u021bi pentru zilele fierbin\u021bi de var\u0103 , alergare , sal\u0103 de sport sau o plimbare \u00een parc . Talie medie , la nivelul buricului, fante laterale care dau un aspect sexy . Disponibil \u00een mai multe culori , \u00een tendin\u021be pentru acest sezon.    <\/p>\n<ul>\n<li>\u021aes\u0103tur\u0103 moale la atingere<\/li>\n<li>Elastic lat<\/li>\n<li>Colan\u021bi interior<\/li>\n<li>Dou\u0103 buzunare laterale<\/li>\n<li>Logo &#8220;Peach Pump&#8221; sigilat termic pe pantaloni scur\u021bi<\/li>\n<li>Inscrip\u021bie &#8220;Peach Pump&#8221; sigilat\u0103 termic pe colan\u021bii interiori<\/li>\n<\/ul>\n<p>Compozi\u021bie: 80% poliester 20% spandex<\/p>\n<p>Pantalonii scur\u021bi pot fi sp\u0103la\u021bi la temperaturi de p\u00e2n\u0103 la 30 de grade, v\u0103 rug\u0103m s\u0103 nu folosi\u021bi \u00een\u0103lbitor sau cur\u0103\u021bare uscat\u0103.<\/p>\n<p>Modelul din imagine are 169 cm \u00een\u0103l\u021bime, c\u00e2nt\u0103re\u0219te 50 kg \u0219i pozeaz\u0103 \u00een m\u0103rimea S.<\/p>\n<p>V\u0103 rug\u0103m s\u0103 utiliza\u021bi tabelele pentru a selecta dimensiunea exact\u0103.<\/p>\n","protected":false},"excerpt":{"rendered":"<p>Pantaloni scur\u021bi albi de dam\u0103 cu colan\u021bi \u0219i buzunare laterale. Modelul este confec\u021bionat din \u021bes\u0103tur\u0103 moale, cu croial\u0103 lejer, cu talie lat\u0103 \u0219i colan\u021bi pe dedesubt, cu care ve\u021bi sim\u021bi confortul \u0219i libertatea complet\u0103 de mi\u0219care . Pantalonii scur\u021bi sunt perfec\u021bi pentru zilele fierbin\u021bi de var\u0103 , alergare , sal\u0103 de sport sau o plimbare [&hellip;]<\/p>\n","protected":false},"featured_media":112847,"comment_status":"open","ping_status":"closed","template":"","meta":[],"product_brand":[],"product_cat":[146,202],"product_tag":[],"class_list":{"0":"post-113609","1":"product","2":"type-product","3":"status-publish","4":"has-post-thumbnail","6":"product_cat-colanti-de-dama-sport","7":"product_cat-colanti-scurti-dama","8":"pa_cviat-alb-ro","9":"pa_razmer-m-ro","10":"pa_razmer-s-ro-2","11":"inventories-world","13":"first","14":"instock","15":"taxable","16":"shipping-taxable","17":"purchasable","18":"product-type-variable"},"_links":{"self":[{"href":"https:\/\/staging6.peach-pump.com\/en\/wp-json\/wp\/v2\/product\/113609","targetHints":{"allow":["GET"]}}],"collection":[{"href":"https:\/\/staging6.peach-pump.com\/en\/wp-json\/wp\/v2\/product"}],"about":[{"href":"https:\/\/staging6.peach-pump.com\/en\/wp-json\/wp\/v2\/types\/product"}],"replies":[{"embeddable":true,"href":"https:\/\/staging6.peach-pump.com\/en\/wp-json\/wp\/v2\/comments?post=113609"}],"version-history":[{"count":0,"href":"https:\/\/staging6.peach-pump.com\/en\/wp-json\/wp\/v2\/product\/113609\/revisions"}],"wp:featuredmedia":[{"embeddable":true,"href":"https:\/\/staging6.peach-pump.com\/en\/wp-json\/wp\/v2\/media\/112847"}],"wp:attachment":[{"href":"https:\/\/staging6.peach-pump.com\/en\/wp-json\/wp\/v2\/media?parent=113609"}],"wp:term":[{"taxonomy":"product_brand","embeddable":true,"href":"https:\/\/staging6.peach-pump.com\/en\/wp-json\/wp\/v2\/product_brand?post=113609"},{"taxonomy":"product_cat","embeddable":true,"href":"https:\/\/staging6.peach-pump.com\/en\/wp-json\/wp\/v2\/product_cat?post=113609"},{"taxonomy":"product_tag","embeddable":true,"href":"https:\/\/staging6.peach-pump.com\/en\/wp-json\/wp\/v2\/product_tag?post=113609"}],"curies":[{"name":"wp","href":"https:\/\/api.w.org\/{rel}","templated":true}]}}