{"id":113619,"date":"2025-04-21T11:52:53","date_gmt":"2025-04-21T09:52:53","guid":{"rendered":"https:\/\/staging6.peach-pump.com\/products\/top-decupat-alb-captuseala\/"},"modified":"2025-11-01T16:33:14","modified_gmt":"2025-11-01T14:33:14","slug":"top-decupat-alb-captuseala","status":"publish","type":"product","link":"https:\/\/staging6.peach-pump.com\/ro\/products\/top-decupat-alb-captuseala\/","title":{"rendered":"Top decupat alb cu c\u0103ptu\u0219eal\u0103"},"content":{"rendered":"<p>Top f\u0103r\u0103 bretele alb de dam\u0103 cu c\u0103ptu\u0219eal\u0103 deta\u0219abil\u0103. \u021aes\u0103tura modelului este realizat\u0103 din material rips cu o c\u0103ptu\u0219eal\u0103 delicat\u0103 \u0219i are un design modern , decupat \u00een fa\u021b\u0103 \u0219i \u00een spate. Potrivit pentru antrenamente sau timp liber, ofer\u0103 libertate deplin\u0103 de mi\u0219care \u0219i un aspect sexy. Disponibil \u00een dou\u0103 culori alb \u0219i negru.   <\/p>\n<ul>\n<li>C\u0103ptu\u0219eal\u0103 cu efect Push-up<\/li>\n<li>Material rips pe corp<\/li>\n<li>C\u0103ptu\u0219eal\u0103 interioar\u0103<\/li>\n<li>Decupat \u00een fa\u021b\u0103 \u0219i \u00een spate<\/li>\n<li>Sigilat termic logo &#8220;Peach Pump&#8221;<\/li>\n<\/ul>\n<p>Compozi\u021bie: 80% poliester 20% spandex<\/p>\n<p>Bustiera poate fi sp\u0103lat\u0103 la temperaturi de p\u00e2n\u0103 la 30 de grade, v\u0103 rug\u0103m s\u0103 nu folosi\u021bi \u00een\u0103lbitor sau cur\u0103\u021bare uscat\u0103.<\/p>\n<p>Modelul din fotografie are 167 cm \u00een\u0103l\u021bime, c\u00e2nt\u0103re\u0219te 50 kg \u0219i pozeaz\u0103 \u00een m\u0103rimea M.<\/p>\n<p>V\u0103 rug\u0103m s\u0103 utiliza\u021bi tabelele pentru a selecta dimensiunea exact\u0103.<\/p>\n","protected":false},"excerpt":{"rendered":"<p>Top f\u0103r\u0103 bretele alb de dam\u0103 cu c\u0103ptu\u0219eal\u0103 deta\u0219abil\u0103. \u021aes\u0103tura modelului este realizat\u0103 din material rips cu o c\u0103ptu\u0219eal\u0103 delicat\u0103 \u0219i are un design modern , decupat \u00een fa\u021b\u0103 \u0219i \u00een spate. Potrivit pentru antrenamente sau timp liber, ofer\u0103 libertate deplin\u0103 de mi\u0219care \u0219i un aspect sexy. Disponibil \u00een dou\u0103 culori alb \u0219i negru. C\u0103ptu\u0219eal\u0103 [&hellip;]<\/p>\n","protected":false},"featured_media":112737,"comment_status":"open","ping_status":"closed","template":"","meta":[],"product_brand":[],"product_cat":[366],"product_tag":[],"class_list":{"0":"post-113619","1":"product","2":"type-product","3":"status-publish","4":"has-post-thumbnail","6":"product_cat-sutiene-sport-pentru-femei","7":"pa_cviat-alb-ro","8":"pa_razmer-l-ro-2","9":"pa_razmer-m-ro","10":"pa_razmer-s-ro-2","11":"inventories-world","13":"first","14":"instock","15":"sale","16":"taxable","17":"shipping-taxable","18":"purchasable","19":"product-type-variable"},"_links":{"self":[{"href":"https:\/\/staging6.peach-pump.com\/ro\/wp-json\/wp\/v2\/product\/113619","targetHints":{"allow":["GET"]}}],"collection":[{"href":"https:\/\/staging6.peach-pump.com\/ro\/wp-json\/wp\/v2\/product"}],"about":[{"href":"https:\/\/staging6.peach-pump.com\/ro\/wp-json\/wp\/v2\/types\/product"}],"replies":[{"embeddable":true,"href":"https:\/\/staging6.peach-pump.com\/ro\/wp-json\/wp\/v2\/comments?post=113619"}],"version-history":[{"count":0,"href":"https:\/\/staging6.peach-pump.com\/ro\/wp-json\/wp\/v2\/product\/113619\/revisions"}],"wp:featuredmedia":[{"embeddable":true,"href":"https:\/\/staging6.peach-pump.com\/ro\/wp-json\/wp\/v2\/media\/112737"}],"wp:attachment":[{"href":"https:\/\/staging6.peach-pump.com\/ro\/wp-json\/wp\/v2\/media?parent=113619"}],"wp:term":[{"taxonomy":"product_brand","embeddable":true,"href":"https:\/\/staging6.peach-pump.com\/ro\/wp-json\/wp\/v2\/product_brand?post=113619"},{"taxonomy":"product_cat","embeddable":true,"href":"https:\/\/staging6.peach-pump.com\/ro\/wp-json\/wp\/v2\/product_cat?post=113619"},{"taxonomy":"product_tag","embeddable":true,"href":"https:\/\/staging6.peach-pump.com\/ro\/wp-json\/wp\/v2\/product_tag?post=113619"}],"curies":[{"name":"wp","href":"https:\/\/api.w.org\/{rel}","templated":true}]}}