{"id":115482,"date":"2025-05-13T19:00:56","date_gmt":"2025-05-13T17:00:56","guid":{"rendered":"https:\/\/staging6.peach-pump.com\/products\/sosete-sport-gri-linii-albe\/"},"modified":"2025-11-08T19:24:06","modified_gmt":"2025-11-08T17:24:06","slug":"sosete-sport-gri-linii-albe","status":"publish","type":"product","link":"https:\/\/staging6.peach-pump.com\/ro\/products\/sosete-sport-gri-linii-albe\/","title":{"rendered":"\u0218osete sport gri cu linii albe Peach Pump"},"content":{"rendered":"<p>\u0218osetele sport gri cu linii albe \u0219i logo-ul Peach Pump brodat au partea de jos \u00eent\u0103rit\u0103 \u0219i ofer\u0103 durabilitate, stabilitate \u0219i amortizare atunci c\u00e2nd v\u0103 mi\u0219ca\u021bi. Sunt confec\u021bionate din \u021bes\u0103tur\u0103 care absoarbe umezeala \u0219i v\u0103 men\u021bine proaspete. <\/p>\n<ul>\n<li>Material moale<\/li>\n<li>Calitate \u00eenalt\u0103<\/li>\n<li>Elasticitate<\/li>\n<li>80% bumbac<\/li>\n<li>Logo \u201dPeach Pump\u201d \u021besut<\/li>\n<li>\u00cent\u0103rite pe talp\u0103 pentru durabilitate<\/li>\n<li>&#8220;Crew size&#8221; &#8211; lungime pe gamb\u0103<\/li>\n<\/ul>\n<p>Compozi\u021bie: 80% Bumbac, 17% Poliester, 3% Spandex<\/p>\n<p>Pot fi sp\u0103late la 40 \u00b0C f\u0103r\u0103 cur\u0103\u021bare uscat\u0103, uscare la temperatur\u0103 sc\u0103zut\u0103.<\/p>\n<p>\u0218osetele nu pot fi returnate sau schimbate!<\/p>\n","protected":false},"excerpt":{"rendered":"<p>\u0218osetele sport gri cu linii albe \u0219i logo-ul Peach Pump brodat au partea de jos \u00eent\u0103rit\u0103 \u0219i ofer\u0103 durabilitate, stabilitate \u0219i amortizare atunci c\u00e2nd v\u0103 mi\u0219ca\u021bi. Sunt confec\u021bionate din \u021bes\u0103tur\u0103 care absoarbe umezeala \u0219i v\u0103 men\u021bine proaspete. Material moale Calitate \u00eenalt\u0103 Elasticitate 80% bumbac Logo \u201dPeach Pump\u201d \u021besut \u00cent\u0103rite pe talp\u0103 pentru durabilitate &#8220;Crew size&#8221; [&hellip;]<\/p>\n","protected":false},"featured_media":115202,"comment_status":"open","ping_status":"closed","template":"","meta":[],"product_brand":[],"product_cat":[779],"product_tag":[],"class_list":{"0":"post-115482","1":"product","2":"type-product","3":"status-publish","4":"has-post-thumbnail","6":"product_cat-accesorii","7":"pa_cviat-gri","8":"pa_razmer-one-size-ro","9":"inventories-world","11":"first","12":"instock","13":"sale","14":"taxable","15":"shipping-taxable","16":"purchasable","17":"product-type-variable"},"_links":{"self":[{"href":"https:\/\/staging6.peach-pump.com\/ro\/wp-json\/wp\/v2\/product\/115482","targetHints":{"allow":["GET"]}}],"collection":[{"href":"https:\/\/staging6.peach-pump.com\/ro\/wp-json\/wp\/v2\/product"}],"about":[{"href":"https:\/\/staging6.peach-pump.com\/ro\/wp-json\/wp\/v2\/types\/product"}],"replies":[{"embeddable":true,"href":"https:\/\/staging6.peach-pump.com\/ro\/wp-json\/wp\/v2\/comments?post=115482"}],"version-history":[{"count":0,"href":"https:\/\/staging6.peach-pump.com\/ro\/wp-json\/wp\/v2\/product\/115482\/revisions"}],"wp:featuredmedia":[{"embeddable":true,"href":"https:\/\/staging6.peach-pump.com\/ro\/wp-json\/wp\/v2\/media\/115202"}],"wp:attachment":[{"href":"https:\/\/staging6.peach-pump.com\/ro\/wp-json\/wp\/v2\/media?parent=115482"}],"wp:term":[{"taxonomy":"product_brand","embeddable":true,"href":"https:\/\/staging6.peach-pump.com\/ro\/wp-json\/wp\/v2\/product_brand?post=115482"},{"taxonomy":"product_cat","embeddable":true,"href":"https:\/\/staging6.peach-pump.com\/ro\/wp-json\/wp\/v2\/product_cat?post=115482"},{"taxonomy":"product_tag","embeddable":true,"href":"https:\/\/staging6.peach-pump.com\/ro\/wp-json\/wp\/v2\/product_tag?post=115482"}],"curies":[{"name":"wp","href":"https:\/\/api.w.org\/{rel}","templated":true}]}}